{"id":6432,"date":"2024-09-05T16:23:36","date_gmt":"2024-09-05T15:23:36","guid":{"rendered":"https:\/\/www.darwin4u.com\/produit\/stroke-float\/"},"modified":"2026-03-24T20:35:34","modified_gmt":"2026-03-24T20:35:34","slug":"stroke-float","status":"publish","type":"product","link":"https:\/\/www.darwin4u.com\/de\/produit\/stroke-float\/","title":{"rendered":"Schlaganfall Schwimmer"},"content":{"rendered":"<p data-mce-fragment=\"1\"><strong data-mce-fragment=\"1\"><span data-mce-fragment=\"1\">GLEICHGEWICHT - AUSDEHNUNG - GLEITEN<\/span><\/strong><\/p>\n<p data-mce-fragment=\"1\"><strong data-mce-fragment=\"1\"><span data-mce-fragment=\"1\">StrokeFloat<\/span><\/strong><\/p>\n<p data-mce-fragment=\"1\"><span data-mce-fragment=\"1\">3-lagiger Schwimmschwimmer mit doppelter Handschlaufe, der von allen Schwimmern f\u00fcr Schwimm\u00fcbungen verwendet werden kann.<\/span><\/p>\n<p data-mce-fragment=\"1\"><span data-mce-fragment=\"1\">Die 3 verschiedenen Auftriebsschichten eignen sich f\u00fcr alle Schwimmf\u00e4higkeiten und k\u00f6nnen leicht gewechselt werden, um eine breite Palette von Schwimm\u00fcbungen durchzuf\u00fchren. Der StrokeFloat schafft Auftrieb f\u00fcr einarmige \u00dcbungen und seitliche Absto\u00df\u00fcbungen. Diese \u00dcbungen tragen dazu bei, die Rumpfkraft des Schwimmers im Wasser zu entwickeln, die volle Reichweite und die volle Ausdehnung (Distanz pro Schlag) zu verbessern und die allgemeine Technik zu verbessern.<\/span><\/p>\n<p data-mce-fragment=\"1\"><span data-mce-fragment=\"1\">Das StrokeFloat kann auch zum normalen Kicken verwendet werden, indem man es mit zwei ausgestreckten Armen und den H\u00e4nden in den mittleren Schlaufen h\u00e4lt. Die mittleren Gurte dienen dazu, die Hand(en) des Schwimmers an Ort und Stelle zu halten, so dass es nicht notwendig ist, den Schwimmer zu greifen, wie es bei einem normalen Kickboard der Fall w\u00e4re. Das Greifen am oberen oder unteren Ende des Schwimmers f\u00fchrt dazu, dass sich der Schwimmer verkrampft, wodurch er weniger Auftrieb hat und das Gleichgewicht im Wasser verliert.<\/span><\/p>\n<p data-mce-fragment=\"1\"><span data-mce-fragment=\"1\">Kinder und Erwachsene k\u00f6nnen es nutzen, um ihr Gleichgewicht, ihre Rotation und ihre Gleitf\u00e4higkeit zu verbessern. <\/span><\/p>","protected":false},"excerpt":{"rendered":"<p>BALANCE &#8211; EXTENSION &#8211; GLIDE StrokeFloat 3 layered swimming float with a double hand strap, which any level of swimmer can use for swimming drills. The 3 different layers of buoyancy cater for all abilities and can be changed easily to perform a wide range of developmental swimming drills. The StrokeFloat creates buoyancy for single [&hellip;]<\/p>\n","protected":false},"featured_media":12951,"comment_status":"open","ping_status":"closed","template":"","meta":[],"product_brand":[],"product_cat":[672,683,711],"product_tag":[89,91,93],"class_list":{"0":"post-6432","1":"product","2":"type-product","3":"status-publish","4":"has-post-thumbnail","6":"product_cat-accessories","7":"product_cat-accessories-swim","8":"product_cat-buoyancy-aids","9":"product_tag-mens-swim","10":"product_tag-swim-all","11":"product_tag-womens-swim","12":"has-post-title","13":"has-post-date","14":"has-post-category","15":"has-post-tag","16":"has-post-comment","17":"has-post-author","18":"","20":"first","21":"instock","22":"taxable","23":"shipping-taxable","24":"purchasable","25":"product-type-simple"},"jetpack_sharing_enabled":true,"builder_content":"","_links":{"self":[{"href":"https:\/\/www.darwin4u.com\/de\/wp-json\/wp\/v2\/product\/6432","targetHints":{"allow":["GET"]}}],"collection":[{"href":"https:\/\/www.darwin4u.com\/de\/wp-json\/wp\/v2\/product"}],"about":[{"href":"https:\/\/www.darwin4u.com\/de\/wp-json\/wp\/v2\/types\/product"}],"replies":[{"embeddable":true,"href":"https:\/\/www.darwin4u.com\/de\/wp-json\/wp\/v2\/comments?post=6432"}],"wp:featuredmedia":[{"embeddable":true,"href":"https:\/\/www.darwin4u.com\/de\/wp-json\/wp\/v2\/media\/12951"}],"wp:attachment":[{"href":"https:\/\/www.darwin4u.com\/de\/wp-json\/wp\/v2\/media?parent=6432"}],"wp:term":[{"taxonomy":"product_brand","embeddable":true,"href":"https:\/\/www.darwin4u.com\/de\/wp-json\/wp\/v2\/product_brand?post=6432"},{"taxonomy":"product_cat","embeddable":true,"href":"https:\/\/www.darwin4u.com\/de\/wp-json\/wp\/v2\/product_cat?post=6432"},{"taxonomy":"product_tag","embeddable":true,"href":"https:\/\/www.darwin4u.com\/de\/wp-json\/wp\/v2\/product_tag?post=6432"}],"curies":[{"name":"wp","href":"https:\/\/api.w.org\/{rel}","templated":true}]}}