{"id":6687,"date":"2024-09-05T15:24:50","date_gmt":"2024-09-05T15:24:50","guid":{"rendered":"https:\/\/www.darwin4u.com\/produit\/manta-ray-open-water-swim-goggle-photochromatic\/"},"modified":"2026-01-18T20:24:04","modified_gmt":"2026-01-18T20:24:04","slug":"manta-ray-open-water-swim-goggle-photochromatic","status":"publish","type":"product","link":"https:\/\/www.darwin4u.com\/de\/produit\/manta-ray-open-water-swim-goggle-photochromatic\/","title":{"rendered":"Manta Ray Open Water Schwimmbrille - Photochromatisch"},"content":{"rendered":"<div>Die Maske f\u00fcr Freiwasserschwimmtraining und Freizeitschwimmer, die Augenschutz in einer \u00e4u\u00dferst komfortablen Schwimmbrille suchen. Verbesserte Sicht und Klarheit dank der gr\u00f6\u00dferen Gl\u00e4ser. <br data-mce-fragment=\"1\"><br data-mce-fragment=\"1\">Die hypoallergenen externen Silikondichtungen bieten eine federleichte Passform, um das Gesicht bei gem\u00fctlichen oder schnelleren Trainingsschwimmen vollst\u00e4ndig abzudichten. Die breitere Dichtung, die sich au\u00dferhalb des Glases befindet, sorgt f\u00fcr eine komfortablere, druck\u00e4rmere und auslaufsichere Passform. Leicht anpassbar an alle Gesichtsformen und Konturen mit Anti-Beschlag-Behandlung f\u00fcr ganzt\u00e4gige Sicht. <br data-mce-fragment=\"1\"><br data-mce-fragment=\"1\">Erh\u00e4ltlich mit photochromatischen Gl\u00e4sern f\u00fcr eine ganzt\u00e4gige Anpassung der T\u00f6nung, die sich mit dem wechselnden Licht verdunkelt oder aufhellt.<\/p>\n<p><strong>Erh\u00e4ltlich in 3 Glasvarianten:<\/strong>\n<\/div>\n<div>\n<ul>\n<li>Verspiegelte Smoke-Linse f\u00fcr sonnige Tage.<\/li>\n<li>Klare Linse f\u00fcr bew\u00f6lkte Tage.<\/li>\n<li>Photochromatische Linse f\u00fcr alle Bedingungen.<\/li>\n<\/ul>\n<p><strong>Merkmale:<\/strong><\/p>\n<ul>\n<li>Hypoallergene Silikondichtungen<\/li>\n<li>Gro\u00dfes peripheres Sichtfeld\u00a0<\/li>\n<li>Schnellverstelltechnik<\/li>\n<li><span>UVA\/UVB-Gl\u00e4ser aus Polycarbonat<\/span><\/li>\n<li>Anti-Beschlag-Beschichtung<\/li>\n<li>Niedrige Bauweise<\/li>\n<\/ul>\n<\/div>\n<div><\/div>\n<p><a href=\"https:\/\/huubdesign.com\/pages\/refund-policy\">Informationen zur Garantie<\/a><\/p>","protected":false},"excerpt":{"rendered":"<p>The mask for open water swim training and recreational swimmers looking for eye protection in a supremely comfortable face goggle. Increased visibility and clarity thanks to the larger lenses. Hypoallergenic silicone external gaskets offer a feather thin fit to completely seal the face for those leisurely or quicker paced training swims. The wider fit gasket, [&hellip;]<\/p>\n","protected":false},"featured_media":13069,"comment_status":"open","ping_status":"closed","template":"","meta":[],"product_brand":[],"product_cat":[61],"product_tag":[78,87,89,91,92,82,83,93],"class_list":{"0":"post-6687","1":"product","2":"type-product","3":"status-publish","4":"has-post-thumbnail","6":"product_cat-goggles","7":"product_tag-gendermens","8":"product_tag-genderwomens","9":"product_tag-mens-swim","10":"product_tag-swim-all","11":"product_tag-triathlon-all","12":"product_tag-triathlon-mens","13":"product_tag-triathlon-womens","14":"product_tag-womens-swim","15":"has-post-title","16":"has-post-date","17":"has-post-category","18":"has-post-tag","19":"has-post-comment","20":"has-post-author","21":"","23":"first","24":"instock","25":"taxable","26":"shipping-taxable","27":"purchasable","28":"product-type-simple"},"jetpack_sharing_enabled":true,"builder_content":"","_links":{"self":[{"href":"https:\/\/www.darwin4u.com\/de\/wp-json\/wp\/v2\/product\/6687","targetHints":{"allow":["GET"]}}],"collection":[{"href":"https:\/\/www.darwin4u.com\/de\/wp-json\/wp\/v2\/product"}],"about":[{"href":"https:\/\/www.darwin4u.com\/de\/wp-json\/wp\/v2\/types\/product"}],"replies":[{"embeddable":true,"href":"https:\/\/www.darwin4u.com\/de\/wp-json\/wp\/v2\/comments?post=6687"}],"wp:featuredmedia":[{"embeddable":true,"href":"https:\/\/www.darwin4u.com\/de\/wp-json\/wp\/v2\/media\/13069"}],"wp:attachment":[{"href":"https:\/\/www.darwin4u.com\/de\/wp-json\/wp\/v2\/media?parent=6687"}],"wp:term":[{"taxonomy":"product_brand","embeddable":true,"href":"https:\/\/www.darwin4u.com\/de\/wp-json\/wp\/v2\/product_brand?post=6687"},{"taxonomy":"product_cat","embeddable":true,"href":"https:\/\/www.darwin4u.com\/de\/wp-json\/wp\/v2\/product_cat?post=6687"},{"taxonomy":"product_tag","embeddable":true,"href":"https:\/\/www.darwin4u.com\/de\/wp-json\/wp\/v2\/product_tag?post=6687"}],"curies":[{"name":"wp","href":"https:\/\/api.w.org\/{rel}","templated":true}]}}