{"id":6690,"date":"2024-09-05T15:24:52","date_gmt":"2024-09-05T15:24:52","guid":{"rendered":"https:\/\/www.darwin4u.com\/produit\/technical-training-vest-white-mens\/"},"modified":"2024-09-09T08:38:59","modified_gmt":"2024-09-09T08:38:59","slug":"technical-training-vest-white-mens","status":"publish","type":"product","link":"https:\/\/www.darwin4u.com\/de\/produit\/technical-training-vest-white-mens\/","title":{"rendered":"Technische Trainingsweste Wei\u00df - Herren"},"content":{"rendered":"<p>Eine superleichte, technische Laufweste f\u00fcr Training und Rennen. Das atmungsaktive Gewebe trocknet schnell und hilft bei der W\u00e4rmeableitung vom K\u00f6rper, und das weiche Gewebe bietet auch eine bequeme Passform, die jede Scheuerreizung minimiert. Das minimalistische Design und die Konstruktion sorgen f\u00fcr eine optimale Leistung, mit gro\u00dfen Arm\u00f6ffnungen und einer ergonomischen Passform f\u00fcr das Laufen.<\/p>\n<ul>\n<li>Leichtes und atmungsaktives Material<\/li>\n<li>Bequeme und weiche Passform zur Vermeidung von Irritationen<\/li>\n<li>Ergonomische Passform zum Laufen<\/li>\n<li>Einfaches Design f\u00fcr ein minimalistisches Gef\u00fchl<\/li>\n<\/ul>\n<p><strong><\/strong>\u00a0<\/p>\n<p><a href=\"https:\/\/huubdesign.com\/pages\/refund-policy\">Informationen zur Garantie<\/a><\/p>","protected":false},"excerpt":{"rendered":"<p>A super lightweight technical running vest designed for training and racing. The breathable fabric dries quickly and helps with heat dispersal from the body, and the soft fabric also provides a comfortable fit minimising any chafing irritation. Designed with a minimal feel and construction for optimum performance, with large arm openings and an ergonomic fit [&hellip;]<\/p>\n","protected":false},"featured_media":13077,"comment_status":"open","ping_status":"closed","template":"","meta":[],"product_brand":[],"product_cat":[15],"product_tag":[196,78,87,168],"class_list":{"0":"post-6690","1":"product","2":"type-product","3":"status-publish","4":"has-post-thumbnail","6":"product_cat-non-classe","7":"product_tag-categorybaselayers","8":"product_tag-gendermens","9":"product_tag-genderwomens","10":"product_tag-training-wear","11":"has-post-title","12":"has-post-date","13":"has-post-category","14":"has-post-tag","15":"has-post-comment","16":"has-post-author","17":"","19":"first","20":"instock","21":"taxable","22":"shipping-taxable","23":"purchasable","24":"product-type-variable"},"jetpack_sharing_enabled":true,"builder_content":"","_links":{"self":[{"href":"https:\/\/www.darwin4u.com\/de\/wp-json\/wp\/v2\/product\/6690","targetHints":{"allow":["GET"]}}],"collection":[{"href":"https:\/\/www.darwin4u.com\/de\/wp-json\/wp\/v2\/product"}],"about":[{"href":"https:\/\/www.darwin4u.com\/de\/wp-json\/wp\/v2\/types\/product"}],"replies":[{"embeddable":true,"href":"https:\/\/www.darwin4u.com\/de\/wp-json\/wp\/v2\/comments?post=6690"}],"wp:featuredmedia":[{"embeddable":true,"href":"https:\/\/www.darwin4u.com\/de\/wp-json\/wp\/v2\/media\/13077"}],"wp:attachment":[{"href":"https:\/\/www.darwin4u.com\/de\/wp-json\/wp\/v2\/media?parent=6690"}],"wp:term":[{"taxonomy":"product_brand","embeddable":true,"href":"https:\/\/www.darwin4u.com\/de\/wp-json\/wp\/v2\/product_brand?post=6690"},{"taxonomy":"product_cat","embeddable":true,"href":"https:\/\/www.darwin4u.com\/de\/wp-json\/wp\/v2\/product_cat?post=6690"},{"taxonomy":"product_tag","embeddable":true,"href":"https:\/\/www.darwin4u.com\/de\/wp-json\/wp\/v2\/product_tag?post=6690"}],"curies":[{"name":"wp","href":"https:\/\/api.w.org\/{rel}","templated":true}]}}