{"id":6850,"date":"2024-09-05T16:25:36","date_gmt":"2024-09-05T15:25:36","guid":{"rendered":"https:\/\/www.darwin4u.com\/produit\/toy-buoy-4\/"},"modified":"2026-03-24T20:36:06","modified_gmt":"2026-03-24T20:36:06","slug":"toy-buoy-4","status":"publish","type":"product","link":"https:\/\/www.darwin4u.com\/de\/produit\/toy-buoy-4\/","title":{"rendered":"Spielzeugboje 4"},"content":{"rendered":"<p>Die Original HUUB Spielzeugboje hat eine verbesserte<span>\u00a0<\/span><span>Formgebung, Auftrieb und Gr\u00f6\u00dfe<\/span><span>\u00a0<\/span>um ihn noch vielseitiger zu machen und eine Vielzahl von Schwimmbedingungen zu simulieren.\u00a0<\/p>\n<p>Die Toy Buoy 4 wird so genannt, weil man sie in vier verschiedenen Positionen verwenden kann, um die Bedingungen zu \u00e4ndern, f\u00fcr die man trainieren m\u00f6chte. Aber in allen F\u00e4llen werden Sie bekommen:<\/p>\n<ul>\n<li>Verbesserte K\u00f6rperausrichtung.<\/li>\n<li>F\u00e4higkeit, das Schwimmen im Neoprenanzug im Training nachzustellen.<\/li>\n<li>\n<span>Eine enorme Auftriebskraft von 23 Newton - etwa 35% mehr als bei vielen anderen Zugbojen.<\/span>\u00a0<\/li>\n<\/ul>\n<p>Sie k\u00f6nnen nun zwischen den Widerstandslasten wechseln, indem Sie die hydrodynamische Formgebung nutzen, und Sie k\u00f6nnen w\u00e4hlen, wo Sie mehr Auftrieb in den Beinen ben\u00f6tigen, indem Sie w\u00e4hlen, mit welchem Ende der Spielzeugboje Sie ins Wasser gehen und mit welcher Seite nach oben Sie sie halten, wie folgt:<\/p>\n<ol>\n<li>Mehr Auftrieb unter den Beinen, hoher Luftwiderstand (gro\u00dfes Ende nach unten, flache Seite in den Schritt).<\/li>\n<li>Mehr Auftrieb unter den Beinen, weniger Luftwiderstand (gro\u00dfes Ende nach unten, abgerundete Seite in den Schritt).<\/li>\n<li>Weniger Auftrieb unter den Beinen, hoher Widerstand (schmales Ende nach unten, flache Seite in den Schritt).<\/li>\n<li>Weniger Auftrieb unter den Beinen, weniger Widerstand (schmales Ende nach unten, abgerundete Seite in den Schritt).<\/li>\n<\/ol>\n<p>Die Toy Buoy ist ein Beispiel f\u00fcr HUUBs \u2018unkonventionelles\u2019 Denken, und die HUUB Toy Buoy 4 Zugboje erf\u00fcllt alle Anforderungen der Schwimmer. Bis jetzt wurde den Schwimmern im Grunde eine Einheitsgr\u00f6\u00dfe f\u00fcr Zugbojen angeboten, was sowohl f\u00fcr Schwimmer als auch f\u00fcr Trainer frustrierend war.<\/p>\n<p>Der zus\u00e4tzliche Auftrieb der HUUB Spielzeugboje ist ideal, wenn Sie f\u00fcr das Schwimmen im Neoprenanzug trainieren. So k\u00f6nnen Sie den Beinhub simulieren, den Sie beim Tragen eines HUUB Neoprenanzugs erhalten.<\/p>\n<p>Da Neoprenanz\u00fcge und Chlor sich nicht vertragen, bietet die HUUB Spielzeugboje eine echte Alternative f\u00fcr Ihr Indoor-Training.<\/p>\n<p>\u00a0<\/p>\n<p><span><a href=\"https:\/\/huubdesign.com\/pages\/refund-policy\">Informationen zur Garantie<\/a><\/span><\/p>","protected":false},"excerpt":{"rendered":"<p>The original HUUB Toy Buoy has enhanced\u00a0shaping, buoyancy and size\u00a0to make it even more versatile, and allow you the replicate a wide variety of swimming conditions.\u00a0 Called the Toy Buoy 4, because you can use it in four different positions, to change the conditions you want to train for. But in all instances, you&#8217;ll get: [&hellip;]<\/p>\n","protected":false},"featured_media":13108,"comment_status":"open","ping_status":"closed","template":"","meta":[],"product_brand":[],"product_cat":[672,683,711],"product_tag":[89,91,93],"class_list":{"0":"post-6850","1":"product","2":"type-product","3":"status-publish","4":"has-post-thumbnail","6":"product_cat-accessories","7":"product_cat-accessories-swim","8":"product_cat-buoyancy-aids","9":"product_tag-mens-swim","10":"product_tag-swim-all","11":"product_tag-womens-swim","12":"has-post-title","13":"has-post-date","14":"has-post-category","15":"has-post-tag","16":"has-post-comment","17":"has-post-author","18":"","20":"first","21":"instock","22":"taxable","23":"shipping-taxable","24":"purchasable","25":"product-type-simple"},"jetpack_sharing_enabled":true,"builder_content":"","_links":{"self":[{"href":"https:\/\/www.darwin4u.com\/de\/wp-json\/wp\/v2\/product\/6850","targetHints":{"allow":["GET"]}}],"collection":[{"href":"https:\/\/www.darwin4u.com\/de\/wp-json\/wp\/v2\/product"}],"about":[{"href":"https:\/\/www.darwin4u.com\/de\/wp-json\/wp\/v2\/types\/product"}],"replies":[{"embeddable":true,"href":"https:\/\/www.darwin4u.com\/de\/wp-json\/wp\/v2\/comments?post=6850"}],"wp:featuredmedia":[{"embeddable":true,"href":"https:\/\/www.darwin4u.com\/de\/wp-json\/wp\/v2\/media\/13108"}],"wp:attachment":[{"href":"https:\/\/www.darwin4u.com\/de\/wp-json\/wp\/v2\/media?parent=6850"}],"wp:term":[{"taxonomy":"product_brand","embeddable":true,"href":"https:\/\/www.darwin4u.com\/de\/wp-json\/wp\/v2\/product_brand?post=6850"},{"taxonomy":"product_cat","embeddable":true,"href":"https:\/\/www.darwin4u.com\/de\/wp-json\/wp\/v2\/product_cat?post=6850"},{"taxonomy":"product_tag","embeddable":true,"href":"https:\/\/www.darwin4u.com\/de\/wp-json\/wp\/v2\/product_tag?post=6850"}],"curies":[{"name":"wp","href":"https:\/\/api.w.org\/{rel}","templated":true}]}}