{"id":6851,"date":"2024-09-05T16:25:37","date_gmt":"2024-09-05T15:25:37","guid":{"rendered":"https:\/\/www.darwin4u.com\/produit\/her-spirit-swim-cap\/"},"modified":"2026-03-24T20:33:57","modified_gmt":"2026-03-24T20:33:57","slug":"her-spirit-swim-cap","status":"publish","type":"product","link":"https:\/\/www.darwin4u.com\/de\/produit\/her-spirit-swim-cap\/","title":{"rendered":"Her Spirit Badekappe"},"content":{"rendered":"<p><strong>Ihre\u00a0<\/strong><b>Geist<\/b><\/p>\n<p><b><\/b><span>Her Spirit ist eine Gemeinschaft, die es sich zur Aufgabe gemacht hat, Frauen aller Art dabei zu unterst\u00fctzen, k\u00f6rperlich und geistig fitter, st\u00e4rker und ges\u00fcnder zu werden.<\/span><\/p>\n<p>Wir bei HUUB und Her Spirit k\u00f6nnten nicht stolzer auf unser neues Sortiment sein, das mit den besten Mitarbeitern, Herstellern und Designern entwickelt wurde, um sicherzustellen, dass Sie sich sowohl beim Training als auch bei Wettk\u00e4mpfen wohl und sicher f\u00fchlen.<\/p>\n<p><span>Die HUUB Silikon-Badekappe ist in verschiedenen Farben erh\u00e4ltlich.<\/span><\/p>\n<ul>\n<li>Flach geformtes Silikon 100%<\/li>\n<li>Leichtgewicht<\/li>\n<li>Ausgezeichnete Haltbarkeit<\/li>\n<li>Faltenfreie Passform f\u00fcr geringes Widerstandsprofil<\/li>\n<li>Hohe Elastizit\u00e4t f\u00fcr eine bequeme Passform<\/li>\n<li>Weicher Stoff f\u00fcr schnelles Entfernen und kein Verheddern<\/li>\n<li>Gutes Preis-Leistungs-Verh\u00e4ltnis<\/li>\n<\/ul>\n<p><span>Entwickelt, um zu helfen <\/span>sch\u00fctzt Ihr Haar mit seiner hochelastischen, flach geformten Form vor den Unbilden des Chlorwassers. Das weiche Silikon ist leicht und hypoallergen, l\u00e4sst den Kopf atmen und erleichtert auch das h\u00e4rteste Schwimmtraining.<\/p>\n<ul><\/ul>\n<p><a href=\"https:\/\/huubdesign.com\/pages\/refund-policy\">Informationen zur Garantie<\/a><\/p>","protected":false},"excerpt":{"rendered":"<p>Her\u00a0Spirit As a community, Her Spirit are on a mission to support women of all abilities to get fitter, stronger\u00a0and healthier\u00a0in body and mind. At HUUB and\u00a0Her\u00a0Spirit, we\u00a0couldn&#8217;t be prouder of our new range,\u00a0developed with the best input, factories and designers to ensure you feel comfortable and confident whether you are training or competing. The [&hellip;]<\/p>\n","protected":false},"featured_media":13111,"comment_status":"open","ping_status":"closed","template":"","meta":[],"product_brand":[],"product_cat":[683,15,522],"product_tag":[138,139,594,78,87,89,91,92,82,83,93],"class_list":{"0":"post-6851","1":"product","2":"type-product","3":"status-publish","4":"has-post-thumbnail","6":"product_cat-accessories-swim","7":"product_cat-non-classe","8":"product_cat-swim","9":"product_tag-bags-luggage","10":"product_tag-collectionbagsluggage","11":"product_tag-collectionher-spirit","12":"product_tag-gendermens","13":"product_tag-genderwomens","14":"product_tag-mens-swim","15":"product_tag-swim-all","16":"product_tag-triathlon-all","17":"product_tag-triathlon-mens","18":"product_tag-triathlon-womens","19":"product_tag-womens-swim","20":"has-post-title","21":"has-post-date","22":"has-post-category","23":"has-post-tag","24":"has-post-comment","25":"has-post-author","26":"","28":"first","29":"instock","30":"taxable","31":"shipping-taxable","32":"purchasable","33":"product-type-simple"},"jetpack_sharing_enabled":true,"builder_content":"","_links":{"self":[{"href":"https:\/\/www.darwin4u.com\/de\/wp-json\/wp\/v2\/product\/6851","targetHints":{"allow":["GET"]}}],"collection":[{"href":"https:\/\/www.darwin4u.com\/de\/wp-json\/wp\/v2\/product"}],"about":[{"href":"https:\/\/www.darwin4u.com\/de\/wp-json\/wp\/v2\/types\/product"}],"replies":[{"embeddable":true,"href":"https:\/\/www.darwin4u.com\/de\/wp-json\/wp\/v2\/comments?post=6851"}],"wp:featuredmedia":[{"embeddable":true,"href":"https:\/\/www.darwin4u.com\/de\/wp-json\/wp\/v2\/media\/13111"}],"wp:attachment":[{"href":"https:\/\/www.darwin4u.com\/de\/wp-json\/wp\/v2\/media?parent=6851"}],"wp:term":[{"taxonomy":"product_brand","embeddable":true,"href":"https:\/\/www.darwin4u.com\/de\/wp-json\/wp\/v2\/product_brand?post=6851"},{"taxonomy":"product_cat","embeddable":true,"href":"https:\/\/www.darwin4u.com\/de\/wp-json\/wp\/v2\/product_cat?post=6851"},{"taxonomy":"product_tag","embeddable":true,"href":"https:\/\/www.darwin4u.com\/de\/wp-json\/wp\/v2\/product_tag?post=6851"}],"curies":[{"name":"wp","href":"https:\/\/api.w.org\/{rel}","templated":true}]}}