{"id":7092,"date":"2024-09-05T16:26:56","date_gmt":"2024-09-05T15:26:56","guid":{"rendered":"https:\/\/www.darwin4u.com\/produit\/her-spirit-towel\/"},"modified":"2026-03-24T20:34:31","modified_gmt":"2026-03-24T20:34:31","slug":"her-spirit-towel","status":"publish","type":"product","link":"https:\/\/www.darwin4u.com\/de\/produit\/her-spirit-towel\/","title":{"rendered":"Her Spirit Handtuch"},"content":{"rendered":"<p><span>Die Gr\u00f6\u00dfe ist perfekt f\u00fcr die Wechselzone, und eine gro\u00dfe Gr\u00f6\u00dfe f\u00fcr Ihre \u00dcbergangstasche. Die Oberfl\u00e4che ist schnell trocknend, ohne dass ich mich mit einem trockenen Fensterleder abtrocknen muss, wie man es von typischen bedruckten Handt\u00fcchern kennt.<\/span><\/p>\n<p>Das reaktive Druckverfahren liefert ein tolles, weiches Handtuch. Wir haben Huub Toussaint sogar eines zum Testen geschickt... wir haben es noch nicht zur\u00fcckbekommen.<\/p>\n<div title=\"Seite 153\" class=\"page\">\n<div class=\"section\">\n<div class=\"layoutArea\">\n<div class=\"column\">\n<p><span>- 100% Baumwollvelours-Ausr\u00fcstung. <\/span><\/p>\n<p><span>- Gro\u00dfes Handtuch mit weichem Griff.<\/span><\/p>\n<p><span>- 140 cm x 70 cm<\/span><\/p>\n<\/div>\n<\/div>\n<\/div>\n<\/div>\n<div title=\"Seite 153\" class=\"page\">\n<div class=\"section\">\n<div class=\"layoutArea\">\n<div class=\"column\">\n<p>\u00a0<\/p>\n<p><span><a href=\"https:\/\/huubdesign.com\/pages\/refund-policy\">Informationen zur Garantie<\/a><\/span><\/p>\n<\/div>\n<\/div>\n<\/div>\n<\/div>","protected":false},"excerpt":{"rendered":"<p>The size is perfect\u00a0for the transition area, and a great size for your\u00a0transition bag. The finish is quick-drying with none of the &#8216;drying myself with a dry chamois&#8217; you so hate from typical printed towels. The reactive printing process delivers a great soft to handle towel. In fact we sent Huub Toussaint one to test&#8230; [&hellip;]<\/p>\n","protected":false},"featured_media":13239,"comment_status":"open","ping_status":"closed","template":"","meta":[],"product_brand":[],"product_cat":[672,683],"product_tag":[594,89,91,92,82,83,93],"class_list":{"0":"post-7092","1":"product","2":"type-product","3":"status-publish","4":"has-post-thumbnail","6":"product_cat-accessories","7":"product_cat-accessories-swim","8":"product_tag-collectionher-spirit","9":"product_tag-mens-swim","10":"product_tag-swim-all","11":"product_tag-triathlon-all","12":"product_tag-triathlon-mens","13":"product_tag-triathlon-womens","14":"product_tag-womens-swim","15":"has-post-title","16":"has-post-date","17":"has-post-category","18":"has-post-tag","19":"has-post-comment","20":"has-post-author","21":"","23":"first","24":"instock","25":"taxable","26":"shipping-taxable","27":"purchasable","28":"product-type-simple"},"jetpack_sharing_enabled":true,"builder_content":"","_links":{"self":[{"href":"https:\/\/www.darwin4u.com\/de\/wp-json\/wp\/v2\/product\/7092","targetHints":{"allow":["GET"]}}],"collection":[{"href":"https:\/\/www.darwin4u.com\/de\/wp-json\/wp\/v2\/product"}],"about":[{"href":"https:\/\/www.darwin4u.com\/de\/wp-json\/wp\/v2\/types\/product"}],"replies":[{"embeddable":true,"href":"https:\/\/www.darwin4u.com\/de\/wp-json\/wp\/v2\/comments?post=7092"}],"wp:featuredmedia":[{"embeddable":true,"href":"https:\/\/www.darwin4u.com\/de\/wp-json\/wp\/v2\/media\/13239"}],"wp:attachment":[{"href":"https:\/\/www.darwin4u.com\/de\/wp-json\/wp\/v2\/media?parent=7092"}],"wp:term":[{"taxonomy":"product_brand","embeddable":true,"href":"https:\/\/www.darwin4u.com\/de\/wp-json\/wp\/v2\/product_brand?post=7092"},{"taxonomy":"product_cat","embeddable":true,"href":"https:\/\/www.darwin4u.com\/de\/wp-json\/wp\/v2\/product_cat?post=7092"},{"taxonomy":"product_tag","embeddable":true,"href":"https:\/\/www.darwin4u.com\/de\/wp-json\/wp\/v2\/product_tag?post=7092"}],"curies":[{"name":"wp","href":"https:\/\/api.w.org\/{rel}","templated":true}]}}