{"id":7184,"date":"2024-09-05T16:27:21","date_gmt":"2024-09-05T15:27:21","guid":{"rendered":"https:\/\/www.darwin4u.com\/produit\/core-4-bib-shorts-black-mens\/"},"modified":"2026-03-25T18:31:34","modified_gmt":"2026-03-25T18:31:34","slug":"core-4-bib-shorts-black-mens","status":"publish","type":"product","link":"https:\/\/www.darwin4u.com\/de\/produit\/core-4-bib-shorts-black-mens\/","title":{"rendered":"Core 4 Bib Shorts Schwarz - Herren"},"content":{"rendered":"<div class=\"Y3BBE\" data-sfc-cp=\"\" data-sfc-root=\"c\" data-sfc-cb=\"\" data-hveid=\"CAEIBhAA\" data-complete=\"true\" data-processed=\"true\">Le\u00a0<strong class=\"Yjhzub\" data-sfc-root=\"c\" data-sfc-cb=\"\" data-complete=\"true\" data-processed=\"true\">HUUB Core 4 Tr\u00e4gerhose<\/strong>\u00a0ist die erste Wahl f\u00fcr Radsportler, die einen zuverl\u00e4ssigen und leistungsstarken Fahrradhelm f\u00fcr alle ihre Touren suchen. Er ist dem ADN von HUUB nachempfunden und verbindet Schlichtheit und Technik:<button class=\"rBl3me\" data-amic=\"true\" data-icl-uuid=\"88959b1a-08a6-4b5b-bf48-871773933383\" aria-label=\"Afficher les liens associ\u00e9s\" data-wiz-attrbind=\"disabled=n9uMCb_17\/C5gNJc;aria-label=n9uMCb_17\/bOjMyf;class=n9uMCb_17\/UpSNec\" data-ved=\"2ahUKEwjQqInn1ruTAxUQNvsDHQ4XDb0Qye0OegYIAQgGEAE\" data-hveid=\"CAEIBhAB\"><\/button><\/div>\n<ul class=\"KsbFXc U6u95\" data-sfc-root=\"c\" data-sfc-cb=\"\" data-complete=\"true\" data-processed=\"true\">\n<li class=\"dF3vjf\" data-sfc-root=\"c\" data-sfc-cb=\"\" data-hveid=\"CAEIBxAA\" data-complete=\"true\" data-sae=\"\"><span class=\"T286Pc\" data-sfc-cp=\"\" data-sfc-root=\"c\" data-sfc-cb=\"\" data-complete=\"true\"><strong class=\"Yjhzub\" data-sfc-root=\"c\" data-sfc-cb=\"\" data-complete=\"true\">Komfort 3D :<\/strong>\u00a0Ausgestattet mit einem anatomischen 3D-Einsatz, der Frottees reduziert und einen flexiblen Schutz der Druckstellen gew\u00e4hrleistet.<\/span><\/li>\n<li class=\"dF3vjf\" data-sfc-root=\"c\" data-sfc-cb=\"\" data-hveid=\"CAEIBxAB\" data-complete=\"true\" data-sae=\"\"><span class=\"T286Pc\" data-sfc-cp=\"\" data-sfc-root=\"c\" data-sfc-cb=\"\" data-complete=\"true\"><strong class=\"Yjhzub\" data-sfc-root=\"c\" data-sfc-cb=\"\" data-complete=\"true\">Tissu Respirant :<\/strong>\u00a0Hergestellt aus einem Gewebegemisch, das die Transpiration schnell ableitet, um Sie auch bei intensiver Anstrengung zu sch\u00fctzen.<\/span><\/li>\n<li class=\"dF3vjf\" data-sfc-root=\"c\" data-sfc-cb=\"\" data-hveid=\"CAEIBxAC\" data-complete=\"true\" data-sae=\"\"><span class=\"T286Pc\" data-sfc-cp=\"\" data-sfc-root=\"c\" data-sfc-cb=\"\" data-complete=\"true\"><strong class=\"Yjhzub\" data-sfc-root=\"c\" data-sfc-cb=\"\" data-complete=\"true\">Bretelles en Mesh :<\/strong>\u00a0Sie sind gro\u00df und stabilisieren das Oberteil und f\u00f6rdern die W\u00e4rmeregulierung des Busens.<\/span><\/li>\n<li class=\"dF3vjf\" data-sfc-root=\"c\" data-sfc-cb=\"\" data-hveid=\"CAEIBxAD\" data-complete=\"true\" data-sae=\"\"><span class=\"T286Pc\" data-sfc-cp=\"\" data-sfc-root=\"c\" data-sfc-cb=\"\" data-complete=\"true\"><strong class=\"Yjhzub\" data-sfc-root=\"c\" data-sfc-cb=\"\" data-complete=\"true\">Minimalistischer Look :<\/strong>\u00a0Ein elegantes Design in \u201cFull Black\u201d mit diskreten Logos, das sich leicht mit jedem Kleidungsst\u00fcck kombinieren l\u00e4sst.<\/span><\/li>\n<\/ul>\n<h4><\/h4>","protected":false},"excerpt":{"rendered":"<p>D\u00e9couvrez le\u00a0<strong class=\"Yjhzub\" data-sfc-root=\"c\" data-sfc-cb=\"\" data-complete=\"true\" data-processed=\"true\">L\u00e4tzchen kurz HUUB Core 4<\/strong>, l'\u00e9quipement incontournable pour vos entra\u00eenements quotidiens. Mit einem atmungsaktiven Gewebe und einer\u00a0<strong class=\"Yjhzub\" data-sfc-root=\"c\" data-sfc-cb=\"\" data-complete=\"true\" data-processed=\"true\">Peau de chamois 3D haute densit\u00e9<\/strong>, Er garantiert einen optimalen Tragekomfort bis zu 4 Stunden Schlafdauer. Der ergonomische Schnitt und die Silikonabschl\u00fcsse bieten eine optimale Pflege ohne unangenehme Kompression. Gehen Sie den Weg mit der Qualit\u00e4t von HUUB.<\/p>","protected":false},"featured_media":13278,"comment_status":"open","ping_status":"closed","template":"","meta":[],"product_brand":[],"product_cat":[682,723,907,15],"product_tag":[123,74,75,78,121],"class_list":{"0":"post-7184","1":"product","2":"type-product","3":"status-publish","4":"has-post-thumbnail","6":"product_cat-accessories-cycle","7":"product_cat-cycle-mens","8":"product_cat-cycle-bib-tights-mens","9":"product_cat-non-classe","10":"product_tag-categoryshorts","11":"product_tag-cycle-all","12":"product_tag-cycle-mens","13":"product_tag-gendermens","14":"product_tag-mens-cycle-clothing","15":"has-post-title","16":"has-post-date","17":"has-post-category","18":"has-post-tag","19":"has-post-comment","20":"has-post-author","21":"","23":"first","24":"instock","25":"sale","26":"taxable","27":"shipping-taxable","28":"purchasable","29":"product-type-variable"},"jetpack_sharing_enabled":true,"builder_content":"","_links":{"self":[{"href":"https:\/\/www.darwin4u.com\/de\/wp-json\/wp\/v2\/product\/7184","targetHints":{"allow":["GET"]}}],"collection":[{"href":"https:\/\/www.darwin4u.com\/de\/wp-json\/wp\/v2\/product"}],"about":[{"href":"https:\/\/www.darwin4u.com\/de\/wp-json\/wp\/v2\/types\/product"}],"replies":[{"embeddable":true,"href":"https:\/\/www.darwin4u.com\/de\/wp-json\/wp\/v2\/comments?post=7184"}],"wp:featuredmedia":[{"embeddable":true,"href":"https:\/\/www.darwin4u.com\/de\/wp-json\/wp\/v2\/media\/13278"}],"wp:attachment":[{"href":"https:\/\/www.darwin4u.com\/de\/wp-json\/wp\/v2\/media?parent=7184"}],"wp:term":[{"taxonomy":"product_brand","embeddable":true,"href":"https:\/\/www.darwin4u.com\/de\/wp-json\/wp\/v2\/product_brand?post=7184"},{"taxonomy":"product_cat","embeddable":true,"href":"https:\/\/www.darwin4u.com\/de\/wp-json\/wp\/v2\/product_cat?post=7184"},{"taxonomy":"product_tag","embeddable":true,"href":"https:\/\/www.darwin4u.com\/de\/wp-json\/wp\/v2\/product_tag?post=7184"}],"curies":[{"name":"wp","href":"https:\/\/api.w.org\/{rel}","templated":true}]}}