{"id":7216,"date":"2024-09-05T17:27:31","date_gmt":"2024-09-05T15:27:31","guid":{"rendered":"https:\/\/www.darwin4u.com\/produit\/core-4-long-sleeve-thermal-jersey-slate-mens\/"},"modified":"2026-04-05T11:18:46","modified_gmt":"2026-04-05T09:18:46","slug":"core-4-long-sleeve-thermal-jersey-slate-mens","status":"publish","type":"product","link":"https:\/\/www.darwin4u.com\/de\/produit\/core-4-long-sleeve-thermal-jersey-slate-mens\/","title":{"rendered":"Core 4 Langarm-Thermo-Trikot Schiefer - Men's"},"content":{"rendered":"<p><strong>CORE 4<\/strong><\/p>\n<p><strong>GANZT\u00c4GIGER KOMFORT<\/strong><\/p>\n<p><strong> <span>Die vierte Inkarnation unseres Core-Sortiments stellt die bisher gr\u00f6\u00dfte Ver\u00e4nderung dar und bringt einen neuen Denkansatz in die Entwicklung von Radbekleidung, die von Radfahrern f\u00fcr Radfahrer entworfen und getestet wurde.<\/span><\/strong><\/p>\n<p>Mit den hochwertigsten schwei\u00dfableitenden, aerodynamischen Stoffen und einem Design, das den Anforderungen von Training und Rennen gerecht wird. Core 4 ist eine Performance-Reihe f\u00fcr alle Radsportler, die Komfort bietet, ohne Kompromisse bei Geschwindigkeit, Funktion oder Design einzugehen.<\/p>\n<p data-mce-fragment=\"1\"><strong>\u00a0Lang\u00e4rmeliges Jersey<\/strong><\/p>\n<div>\n<ul>\n<li>Die feinsten thermischen, geb\u00fcrsteten, italienischen, atmungsaktiven Stoffe.\n<\/li>\n<li>Entwickelt, um den Luftstrom f\u00fcr die Leistung zu erm\u00f6glichen.\n<\/li>\n<li>3 verst\u00e4rkte R\u00fcckentaschen + 1 wasserdichte Tasche.<\/li>\n<li>Reflektierende hintere Verkleidung.<\/li>\n<li>Schnellverschluss &amp; abschlie\u00dfbarer Rei\u00dfverschluss, bleibt wenn gew\u00fcnscht, \u00f6ffnet sich schnell wenn n\u00f6tig.<\/li>\n<li>Silikon-Taillengreifer.<\/li>\n<li>Wetterschutzmanschetten.<\/li>\n<li>Versteckte wasserdichte Sicherheitstasche auf der R\u00fcckseite.\n<\/li>\n<li>Reflektierende HUUB-Logos auf der R\u00fcckseite.<\/li>\n<\/ul>\n<\/div>\n<ul><\/ul>\n<h4><\/h4>","protected":false},"excerpt":{"rendered":"<p>CORE 4 ALL DAY COMFORT The fourth incarnation of our Core range sees the biggest shift so far, bringing a new thought approach to the development of cycling apparel, designed and tested by cyclists, for the cyclist. Incorporating the highest quality sweat-wicking, aerodynamic fabrics and styled to meet training and racing demands. Core 4 is [&hellip;]<\/p>\n","protected":false},"featured_media":13288,"comment_status":"open","ping_status":"closed","template":"","meta":[],"product_brand":[],"product_cat":[15],"product_tag":[136,589,590,74,75,78,121,164],"class_list":{"0":"post-7216","1":"product","2":"type-product","3":"status-publish","4":"has-post-thumbnail","6":"product_cat-non-classe","7":"product_tag-categorythermal-jersey","8":"product_tag-collectioncore-4","9":"product_tag-core4","10":"product_tag-cycle-all","11":"product_tag-cycle-mens","12":"product_tag-gendermens","13":"product_tag-mens-cycle-clothing","14":"product_tag-newtosale","15":"has-post-title","16":"has-post-date","17":"has-post-category","18":"has-post-tag","19":"has-post-comment","20":"has-post-author","21":"","23":"first","24":"instock","25":"sale","26":"taxable","27":"shipping-taxable","28":"purchasable","29":"product-type-variable"},"jetpack_sharing_enabled":true,"builder_content":"","_links":{"self":[{"href":"https:\/\/www.darwin4u.com\/de\/wp-json\/wp\/v2\/product\/7216","targetHints":{"allow":["GET"]}}],"collection":[{"href":"https:\/\/www.darwin4u.com\/de\/wp-json\/wp\/v2\/product"}],"about":[{"href":"https:\/\/www.darwin4u.com\/de\/wp-json\/wp\/v2\/types\/product"}],"replies":[{"embeddable":true,"href":"https:\/\/www.darwin4u.com\/de\/wp-json\/wp\/v2\/comments?post=7216"}],"wp:featuredmedia":[{"embeddable":true,"href":"https:\/\/www.darwin4u.com\/de\/wp-json\/wp\/v2\/media\/13288"}],"wp:attachment":[{"href":"https:\/\/www.darwin4u.com\/de\/wp-json\/wp\/v2\/media?parent=7216"}],"wp:term":[{"taxonomy":"product_brand","embeddable":true,"href":"https:\/\/www.darwin4u.com\/de\/wp-json\/wp\/v2\/product_brand?post=7216"},{"taxonomy":"product_cat","embeddable":true,"href":"https:\/\/www.darwin4u.com\/de\/wp-json\/wp\/v2\/product_cat?post=7216"},{"taxonomy":"product_tag","embeddable":true,"href":"https:\/\/www.darwin4u.com\/de\/wp-json\/wp\/v2\/product_tag?post=7216"}],"curies":[{"name":"wp","href":"https:\/\/api.w.org\/{rel}","templated":true}]}}