{"id":7223,"date":"2026-04-05T10:48:09","date_gmt":"2026-04-05T08:48:09","guid":{"rendered":"https:\/\/www.darwin4u.com\/?post_type=product&#038;p=7223"},"modified":"2026-04-05T12:12:48","modified_gmt":"2026-04-05T10:12:48","slug":"core-4-short-sleeve-jersey-mango-mens","status":"publish","type":"product","link":"https:\/\/www.darwin4u.com\/de\/produit\/core-4-short-sleeve-jersey-mango-mens\/","title":{"rendered":"Core 4 Kurzarmtrikot Mango - Herren"},"content":{"rendered":"<p data-mce-fragment=\"1\"><strong>CORE 4<\/strong><\/p>\n<p data-mce-fragment=\"1\"><strong>GANZT\u00c4GIGER KOMFORT<\/strong><\/p>\n<p data-mce-fragment=\"1\"><strong> <span>Die vierte Inkarnation unseres Core-Sortiments stellt die bisher gr\u00f6\u00dfte Ver\u00e4nderung dar und bringt einen neuen Denkansatz in die Entwicklung von Radbekleidung, die von Radfahrern f\u00fcr Radfahrer entworfen und getestet wurde.<\/span><\/strong><\/p>\n<p data-mce-fragment=\"1\">Mit den hochwertigsten schwei\u00dfableitenden, aerodynamischen Stoffen und einem Design, das den Anforderungen von Training und Rennen gerecht wird. Core 4 ist eine Performance-Reihe f\u00fcr alle Radsportler, die Komfort bietet, ohne Kompromisse bei Geschwindigkeit, Funktion oder Design einzugehen.<\/p>\n<p data-mce-fragment=\"1\"><b data-mce-fragment=\"1\"><\/b><b data-mce-fragment=\"1\">Kurz\u00e4rmeliges Jersey<\/b><\/p>\n<p data-mce-fragment=\"1\">Unser Performance-Trikot ist f\u00fcr alle Formen und Gr\u00f6\u00dfen geeignet. Die 4-Wege-Stretch-Stoffe passen sich den Konturen deines K\u00f6rpers an und halten das Trikot aerodynamisch und komfortabel, selbst auf den l\u00e4ngsten Trainingsfahrten. Unser Trikot erf\u00fcllt mit atmungsaktiven Eigenschaften und schwei\u00dfableitenden, leichten Stoffen alle Ihre Bed\u00fcrfnisse bei jeder Fahrt.<\/p>\n<p data-mce-fragment=\"1\"><b data-mce-fragment=\"1\">Eigenschaften<\/b><\/p>\n<ul>\n<li>Durchgehender HUUB Cam Lock-Rei\u00dfverschluss.\n<\/li>\n<li>Leichte, atmungsaktive Mesh-Eins\u00e4tze unter den Armen.\n<\/li>\n<li>Drei reflektierende Paspeltaschen.\n<\/li>\n<li>Verschwei\u00dfte \u00c4rmel f\u00fcr mehr Komfort.\n<\/li>\n<li>Arme Neutral\u2122 Satz \u00c4rmel.\n<\/li>\n<li>Vier-Wege-Stretch-Stoffe f\u00fcr alle K\u00f6rpertypen.\n<\/li>\n<li>Reflektierende HUUB-Logos auf der R\u00fcckseite<\/li>\n<li>Klassische Passform.<\/li>\n<li>Hergestellt in Europa.<\/li>\n<li>Reflektierende Rei\u00dfverschlusstasche im UK-Stil auf der linken Seite.\n<\/li>\n<li>Der Silikon-Taillengreifer der Marke HUUB h\u00e4lt das Trikot an seinem Platz.\n<\/li>\n<\/ul>","protected":false},"excerpt":{"rendered":"<p>CORE 4 ALL DAY COMFORT The fourth incarnation of our Core range sees the biggest shift so far, bringing a new thought approach to the development of cycling apparel, designed and tested by cyclists, for the cyclist. Incorporating the highest quality sweat-wicking, aerodynamic fabrics and styled to meet training and racing demands. Core 4 is [&hellip;]<\/p>\n","protected":false},"featured_media":13290,"comment_status":"open","ping_status":"closed","template":"","meta":[],"product_brand":[],"product_cat":[1098,723,728,15],"product_tag":[119,74,75,78,121],"class_list":{"0":"post-7223","1":"product","2":"type-product","3":"status-publish","4":"has-post-thumbnail","6":"product_cat-cycle","7":"product_cat-cycle-mens","8":"product_cat-cycle-jerseys-shorts-mens","9":"product_cat-non-classe","10":"product_tag-categoryshort-sleeve-jersey","11":"product_tag-cycle-all","12":"product_tag-cycle-mens","13":"product_tag-gendermens","14":"product_tag-mens-cycle-clothing","15":"has-post-title","16":"has-post-date","17":"has-post-category","18":"has-post-tag","19":"has-post-comment","20":"has-post-author","21":"","23":"first","24":"instock","25":"sale","26":"taxable","27":"shipping-taxable","28":"purchasable","29":"product-type-variable"},"jetpack_sharing_enabled":true,"builder_content":"","_links":{"self":[{"href":"https:\/\/www.darwin4u.com\/de\/wp-json\/wp\/v2\/product\/7223","targetHints":{"allow":["GET"]}}],"collection":[{"href":"https:\/\/www.darwin4u.com\/de\/wp-json\/wp\/v2\/product"}],"about":[{"href":"https:\/\/www.darwin4u.com\/de\/wp-json\/wp\/v2\/types\/product"}],"replies":[{"embeddable":true,"href":"https:\/\/www.darwin4u.com\/de\/wp-json\/wp\/v2\/comments?post=7223"}],"wp:featuredmedia":[{"embeddable":true,"href":"https:\/\/www.darwin4u.com\/de\/wp-json\/wp\/v2\/media\/13290"}],"wp:attachment":[{"href":"https:\/\/www.darwin4u.com\/de\/wp-json\/wp\/v2\/media?parent=7223"}],"wp:term":[{"taxonomy":"product_brand","embeddable":true,"href":"https:\/\/www.darwin4u.com\/de\/wp-json\/wp\/v2\/product_brand?post=7223"},{"taxonomy":"product_cat","embeddable":true,"href":"https:\/\/www.darwin4u.com\/de\/wp-json\/wp\/v2\/product_cat?post=7223"},{"taxonomy":"product_tag","embeddable":true,"href":"https:\/\/www.darwin4u.com\/de\/wp-json\/wp\/v2\/product_tag?post=7223"}],"curies":[{"name":"wp","href":"https:\/\/api.w.org\/{rel}","templated":true}]}}