{"id":7672,"date":"2024-09-06T14:28:09","date_gmt":"2024-09-06T14:28:09","guid":{"rendered":"https:\/\/www.darwin4u.com\/produit\/neoprene-vest-unisex\/"},"modified":"2026-01-18T20:48:31","modified_gmt":"2026-01-18T20:48:31","slug":"neoprene-vest-unisex","status":"publish","type":"product","link":"https:\/\/www.darwin4u.com\/de\/produit\/neoprene-vest-unisex\/","title":{"rendered":"Neoprenweste - Unisex"},"content":{"rendered":"<p><strong>Extra-W\u00e4rme im Freiwasser<\/strong><br data-mce-fragment=\"1\" \/><br data-mce-fragment=\"1\" \/>Die Neoprenweste ist ein multifunktionales Kleidungsst\u00fcck, das sowohl als Schicht als auch einzeln getragen werden kann. Egal, ob du sie unter deinem Neoprenanzug tr\u00e4gst, um eine zus\u00e4tzliche Schicht hinzuzuf\u00fcgen und dich in den Wintermonaten im Wasser warm zu halten, oder ob du sie im Sommer als einzelnes Kleidungsst\u00fcck \u00fcber der Badebekleidung tr\u00e4gst - sie ist die perfekte Erg\u00e4nzung f\u00fcr dein Freiwasserzubeh\u00f6r.<br data-mce-fragment=\"1\" \/><br data-mce-fragment=\"1\" \/>Das super dehnbare, vierfach gef\u00fctterte Neopren sorgt f\u00fcr eine weiche und bequeme Passform, ohne den Schwimmstil zu behindern, und ist somit die perfekte L\u00f6sung f\u00fcr Kaltwasserwettk\u00e4mpfe wie den Norseman Triathlon.<\/p>\n<p><a href=\"https:\/\/huubdesign.com\/pages\/refund-policy\">Informationen zur Garantie<\/a><\/p>\n<h4><\/h4>","protected":false},"excerpt":{"rendered":"<p>Extra Warmth In The Open WaterThe Neoprene Vest is a multi-function garment that can be layered up or used on its own. Whether you wear this under your wetsuit to add an additional layer and provide that extra warmth to keep you in the water during those winter months, or wear as a singular item [&hellip;]<\/p>\n","protected":false},"featured_media":7710,"comment_status":"open","ping_status":"closed","template":"","meta":[],"product_brand":[],"product_cat":[719,650],"product_tag":[78,87,121,91,92,82,83,93],"class_list":{"0":"post-7672","1":"product","2":"type-product","3":"status-publish","4":"has-post-thumbnail","6":"product_cat-cold-water-collection-neoprene-accessories","7":"product_cat-open-water","8":"product_tag-gendermens","9":"product_tag-genderwomens","10":"product_tag-mens-cycle-clothing","11":"product_tag-swim-all","12":"product_tag-triathlon-all","13":"product_tag-triathlon-mens","14":"product_tag-triathlon-womens","15":"product_tag-womens-swim","16":"has-post-title","17":"has-post-date","18":"has-post-category","19":"has-post-tag","20":"has-post-comment","21":"has-post-author","22":"","24":"first","25":"instock","26":"taxable","27":"shipping-taxable","28":"purchasable","29":"product-type-variable"},"jetpack_sharing_enabled":true,"builder_content":"","_links":{"self":[{"href":"https:\/\/www.darwin4u.com\/de\/wp-json\/wp\/v2\/product\/7672","targetHints":{"allow":["GET"]}}],"collection":[{"href":"https:\/\/www.darwin4u.com\/de\/wp-json\/wp\/v2\/product"}],"about":[{"href":"https:\/\/www.darwin4u.com\/de\/wp-json\/wp\/v2\/types\/product"}],"replies":[{"embeddable":true,"href":"https:\/\/www.darwin4u.com\/de\/wp-json\/wp\/v2\/comments?post=7672"}],"wp:featuredmedia":[{"embeddable":true,"href":"https:\/\/www.darwin4u.com\/de\/wp-json\/wp\/v2\/media\/7710"}],"wp:attachment":[{"href":"https:\/\/www.darwin4u.com\/de\/wp-json\/wp\/v2\/media?parent=7672"}],"wp:term":[{"taxonomy":"product_brand","embeddable":true,"href":"https:\/\/www.darwin4u.com\/de\/wp-json\/wp\/v2\/product_brand?post=7672"},{"taxonomy":"product_cat","embeddable":true,"href":"https:\/\/www.darwin4u.com\/de\/wp-json\/wp\/v2\/product_cat?post=7672"},{"taxonomy":"product_tag","embeddable":true,"href":"https:\/\/www.darwin4u.com\/de\/wp-json\/wp\/v2\/product_tag?post=7672"}],"curies":[{"name":"wp","href":"https:\/\/api.w.org\/{rel}","templated":true}]}}