{"id":768,"date":"2024-09-05T14:39:10","date_gmt":"2024-09-05T14:39:10","guid":{"rendered":"https:\/\/www.darwin4u.com\/produit\/alchemy-35-wetsuit-mens\/"},"modified":"2024-09-09T08:37:22","modified_gmt":"2024-09-09T08:37:22","slug":"alchemy-35-wetsuit-mens","status":"publish","type":"product","link":"https:\/\/www.darwin4u.com\/de\/produit\/alchemy-35-wetsuit-mens\/","title":{"rendered":"Alchemy 3:5 Neoprenanzug - Men's"},"content":{"rendered":"<p><meta charset=\"utf-8\"><\/p>\n<p>Die limitierte Auflage des Alchemy nimmt das, was sich bei HUUB-Neoprenanz\u00fcgen bew\u00e4hrt hat, und kombiniert es mit den besten Neoprenmustern und -formen. Das Ergebnis ist ein Anzug, der weit \u00fcber sein Preisschild hinausgeht.<\/p>\n<p>Seit den Anf\u00e4ngen von HUUB waren wir bestrebt, Technologien zu entwickeln, die Ihnen einen Nutzen bringen und Sie letztendlich schneller machen...<\/p>\n<p><strong>Die Alchemy enth\u00e4lt HUUBs Exklusivit\u00e4t:<\/strong><\/p>\n<ul>\n<li>X-O Skeleton\u2122.\n<\/li>\n<li>Exklusive 3:5 Auftriebskraft.\n<\/li>\n<li>\n<meta charset=\"UTF-8\"> <span>+43\u2122-Auftriebsschaum bietet 43% mehr Auftrieb als Standard-Neopren.<\/span>\n<\/li>\n<li>Rotational Freedom\u2122 f\u00fcr einen uneingeschr\u00e4nkten Schwimmstil und mehr Energieeffizienz.<\/li>\n<\/ul>\n<p>\u00dcber 12 Jahre unserer preisgekr\u00f6nten Neoprenanz\u00fcge und branchenf\u00fchrenden Innovationen sind in den besten Anzug mit dem besten Preis-Leistungs-Verh\u00e4ltnis, den wir je entwickelt haben, gepackt. Der Alchemy ist perfekt f\u00fcr Athleten, die ein Upgrade von einem Einsteigeranzug suchen, oder f\u00fcr diejenigen, die einen Performance-Anzug f\u00fcr unter 500 \u20ac suchen.<\/p>\n<ul>\n<li>Die K\u00f6rperkontrolle wird durch das X-O Skeleton\u2122 gew\u00e4hrleistet.\n<\/li>\n<li>Un\u00fcbertroffenes und konkurrenzloses Tragegef\u00fchl an Schultern und Armen, bei dem man denkt, man trage keinen Anzug, dank Rotational Freedom\u2122.\n<\/li>\n<li>\n<span data-mce-fragment=\"1\">Un\u00fcbertroffener Auftrieb im H\u00fcft- und Oberschenkelbereich dank +43 Foam\u2122, dem schwimmf\u00e4higsten Material, das jemals bei der Herstellung von Neoprenanz\u00fcgen verwendet wurde.<\/span>\n<\/li>\n<li>Der Alchemy Neoprenanzug behebt alle gro\u00dfen Schw\u00e4chen, die bei nicht-professionellen Schwimmern auftreten.<\/li>\n<\/ul>\n<p>Hergestellt mit dem Wissen unseres branchenweit besten Designteams und unter Verwendung von Kombinationen aus feinstem japanischem Neopren, Futtermaterialien und direktionalen Geweben gew\u00e4hrleisten diese Anz\u00fcge eine unvergleichliche Leistung. Ausgestattet mit YKK-Rei\u00dfverschl\u00fcssen und den feinsten verf\u00fcgbaren wasserdichten Abschl\u00fcssen und F\u00e4den.<\/p>\n<p>\u00a0<\/p>\n<h4>Wie sollte ein gut passender Neoprenanzug aussehen?<\/h4>\n<p><span>W\u00e4hlen Sie unten eine Gr\u00f6\u00dfe aus, um zu sehen, wie sie aussehen sollte:<\/span><\/p>\n<div>Herren Gr\u00f6\u00dfe:\u00a0 \u00a0<span>\u00a0<strong><a href=\"https:\/\/cdn.shopify.com\/s\/files\/1\/0233\/5881\/files\/MENS_S.mp4?16185\" data-mce-href=\"https:\/\/cdn.shopify.com\/s\/files\/1\/0233\/5881\/files\/MENS_S.mp4?16185\" target=\"_blank\" rel=\"noopener\">S<\/a>\u00a0<\/strong> -\u00a0\u00a0\u00a0<a href=\"https:\/\/cdn.shopify.com\/s\/files\/1\/0233\/5881\/files\/MENS_SMT.mp4?16185\" data-mce-href=\"https:\/\/cdn.shopify.com\/s\/files\/1\/0233\/5881\/files\/MENS_SMT.mp4?16185\" target=\"_blank\" rel=\"noopener\"><strong>SMT<\/strong><\/a>\u00a0 -\u00a0 <a href=\"https:\/\/cdn.shopify.com\/s\/files\/1\/0233\/5881\/files\/MENS_M.mp4?16189\" data-mce-href=\"https:\/\/cdn.shopify.com\/s\/files\/1\/0233\/5881\/files\/MENS_M.mp4?16189\" target=\"_blank\" rel=\"noopener\"><strong>M<\/strong><\/a>\u00a0 -\u00a0 <a href=\"https:\/\/cdn.shopify.com\/s\/files\/1\/0233\/5881\/files\/MENS_MT.mp4?16189\" data-mce-href=\"https:\/\/cdn.shopify.com\/s\/files\/1\/0233\/5881\/files\/MENS_MT.mp4?16189\" target=\"_blank\" rel=\"noopener\"><strong>MT<\/strong><\/a>\u00a0 -\u00a0 <a href=\"https:\/\/cdn.shopify.com\/s\/files\/1\/0233\/5881\/files\/MENS_ML.mp4?16189\" data-mce-href=\"https:\/\/cdn.shopify.com\/s\/files\/1\/0233\/5881\/files\/MENS_ML.mp4?16189\" target=\"_blank\" rel=\"noopener\"><strong>ML<\/strong><\/a>\u00a0 -\u00a0 <a href=\"https:\/\/cdn.shopify.com\/s\/files\/1\/0233\/5881\/files\/MENS_XL.mp4?16189\" data-mce-href=\"https:\/\/cdn.shopify.com\/s\/files\/1\/0233\/5881\/files\/MENS_XL.mp4?16189\" target=\"_blank\" rel=\"noopener\"><strong>XL<\/strong><\/a>\u00a0 -\u00a0<strong>\u00a0\u00a0<a href=\"https:\/\/cdn.shopify.com\/s\/files\/1\/0233\/5881\/files\/MENS_SS.mp4?16190\" data-mce-href=\"https:\/\/cdn.shopify.com\/s\/files\/1\/0233\/5881\/files\/MENS_SS.mp4?16190\" target=\"_blank\" rel=\"noopener\">SS<\/a><\/strong><\/span>\n<\/div>\n<div>\n<br \/><span><\/span>\n<\/div>\n<div>\n<span>Gr\u00f6\u00dfe der Frauen:\u00a0 \u00a0<\/span><span><a href=\"https:\/\/cdn.shopify.com\/s\/files\/1\/0233\/5881\/files\/WOMENS_S_2.0.mp4?16189\" data-mce-href=\"https:\/\/cdn.shopify.com\/s\/files\/1\/0233\/5881\/files\/WOMENS_S_2.0.mp4?16189\" target=\"_blank\" rel=\"noopener\"><strong>S<\/strong><\/a>\u00a0 -\u00a0 <a href=\"https:\/\/cdn.shopify.com\/s\/files\/1\/0233\/5881\/files\/WOMENS_M.mp4?16189\" data-mce-href=\"https:\/\/cdn.shopify.com\/s\/files\/1\/0233\/5881\/files\/WOMENS_M.mp4?16189\" target=\"_blank\" rel=\"noopener\"><strong>M<\/strong><\/a>\u00a0 -\u00a0 <a href=\"https:\/\/cdn.shopify.com\/s\/files\/1\/0233\/5881\/files\/WOMENS_ML.mp4?16189\" data-mce-href=\"https:\/\/cdn.shopify.com\/s\/files\/1\/0233\/5881\/files\/WOMENS_ML.mp4?16189\" target=\"_blank\" rel=\"noopener\"><strong>ML<\/strong><\/a>\u00a0\u00a0-\u00a0\u00a0<a href=\"https:\/\/cdn.shopify.com\/s\/files\/1\/0233\/5881\/files\/WOMENS_SS_1.mp4?16190\" data-mce-href=\"https:\/\/cdn.shopify.com\/s\/files\/1\/0233\/5881\/files\/WOMENS_SS_1.mp4?16190\" target=\"_blank\" rel=\"noopener\"><strong>SS<\/strong><\/a><\/span>\n<\/div>\n<div>\n<span><strong><\/strong><\/span>\n<\/div>\n<div><\/div>\n<div><\/div>\n<div>\n<p>\u00a0<\/p>\n<p><a href=\"https:\/\/huubdesign.com\/pages\/refund-policy\" data-mce-href=\"https:\/\/huubdesign.com\/pages\/refund-policy\">Informationen zur Garantie<\/a><\/p>\n<\/div>","protected":false},"excerpt":{"rendered":"<p>The limited edition Alchemy takes what&#8217;s proven and respected in HUUB wetsuits and combines this with the finest neoprene patterns and shaping. The resulting suit is one that performs far beyond its price tag. From the beginning of HUUB, we endeavoured to create technologies that delivered a benefit and ultimately made you faster&#8230; The Alchemy [&hellip;]<\/p>\n","protected":false},"featured_media":2564,"comment_status":"open","ping_status":"closed","template":"","meta":[],"product_brand":[],"product_cat":[678],"product_tag":[78,164,91,92,144],"class_list":{"0":"post-768","1":"product","2":"type-product","3":"status-publish","4":"has-post-thumbnail","6":"product_cat-wetsuits","7":"product_tag-gendermens","8":"product_tag-newtosale","9":"product_tag-swim-all","10":"product_tag-triathlon-all","11":"product_tag-wetsuit-mens","12":"has-post-title","13":"has-post-date","14":"has-post-category","15":"has-post-tag","16":"has-post-comment","17":"has-post-author","18":"","20":"first","21":"instock","22":"taxable","23":"shipping-taxable","24":"purchasable","25":"product-type-variable"},"jetpack_sharing_enabled":true,"builder_content":"","_links":{"self":[{"href":"https:\/\/www.darwin4u.com\/de\/wp-json\/wp\/v2\/product\/768","targetHints":{"allow":["GET"]}}],"collection":[{"href":"https:\/\/www.darwin4u.com\/de\/wp-json\/wp\/v2\/product"}],"about":[{"href":"https:\/\/www.darwin4u.com\/de\/wp-json\/wp\/v2\/types\/product"}],"replies":[{"embeddable":true,"href":"https:\/\/www.darwin4u.com\/de\/wp-json\/wp\/v2\/comments?post=768"}],"wp:featuredmedia":[{"embeddable":true,"href":"https:\/\/www.darwin4u.com\/de\/wp-json\/wp\/v2\/media\/2564"}],"wp:attachment":[{"href":"https:\/\/www.darwin4u.com\/de\/wp-json\/wp\/v2\/media?parent=768"}],"wp:term":[{"taxonomy":"product_brand","embeddable":true,"href":"https:\/\/www.darwin4u.com\/de\/wp-json\/wp\/v2\/product_brand?post=768"},{"taxonomy":"product_cat","embeddable":true,"href":"https:\/\/www.darwin4u.com\/de\/wp-json\/wp\/v2\/product_cat?post=768"},{"taxonomy":"product_tag","embeddable":true,"href":"https:\/\/www.darwin4u.com\/de\/wp-json\/wp\/v2\/product_tag?post=768"}],"curies":[{"name":"wp","href":"https:\/\/api.w.org\/{rel}","templated":true}]}}