{"id":8601,"date":"2024-09-06T15:34:53","date_gmt":"2024-09-06T14:34:53","guid":{"rendered":"https:\/\/www.darwin4u.com\/produit\/race-cap-ii-black\/"},"modified":"2026-03-25T14:03:57","modified_gmt":"2026-03-25T14:03:57","slug":"race-cap-ii-black","status":"publish","type":"product","link":"https:\/\/www.darwin4u.com\/de\/produit\/race-cap-ii-black\/","title":{"rendered":"Race Cap II - Schwarz"},"content":{"rendered":"<p>Unsere neue Race Cap ist superleicht und besteht aus Mesh-Gewebe, das f\u00fcr maximale Luftzirkulation und Feuchtigkeitstransport sorgt. Die Laufm\u00fctze im klassischen Stil ist voll verstellbar und in Schwarz, Koralle oder Wei\u00df erh\u00e4ltlich.<\/p>\n<ul>\n<li>Laufm\u00fctze im klassischen Stil mit flacher Frontplatte.<\/li>\n<li>Verbesserte Passform<\/li>\n<li>Mesh-Gewebe schafft\u00a0<span>Maximale Luftstr\u00f6mung und Feuchtigkeits\u00fcbertragung. <\/span>\n<\/li>\n<li>Vollst\u00e4ndig einstellbar.<\/li>\n<li>Wiegt weniger als 2 Unzen.<\/li>\n<\/ul>\n<p>\u00a0<\/p>\n<p><a href=\"https:\/\/huubdesign.com\/pages\/refund-policy\">Informationen zur Garantie<\/a><\/p>","protected":false},"excerpt":{"rendered":"<p>Our new Race Cap is super lightweight, constructed from mesh fabric to create maximum air-flow and moisture transfer. The classic style run hat is fully adjustable and available in black, coral or white. Classic style run hat with a flat front panel. Improved fit Mesh fabric creates\u00a0maximum air-flow and moisture transfer. Fully adjustable. Weighs less [&hellip;]<\/p>\n","protected":false},"featured_media":8606,"comment_status":"open","ping_status":"closed","template":"","meta":[],"product_brand":[],"product_cat":[683,714,653],"product_tag":[97,99,74,75,78,87,129,89,91,92,82,83,93],"class_list":{"0":"post-8601","1":"product","2":"type-product","3":"status-publish","4":"has-post-thumbnail","6":"product_cat-accessories-swim","7":"product_cat-casual-womens","8":"product_cat-headwear","9":"product_tag-categoryaccessories","10":"product_tag-collectionaccessories","11":"product_tag-cycle-all","12":"product_tag-cycle-mens","13":"product_tag-gendermens","14":"product_tag-genderwomens","15":"product_tag-lifestyle-womens","16":"product_tag-mens-swim","17":"product_tag-swim-all","18":"product_tag-triathlon-all","19":"product_tag-triathlon-mens","20":"product_tag-triathlon-womens","21":"product_tag-womens-swim","22":"has-post-title","23":"has-post-date","24":"has-post-category","25":"has-post-tag","26":"has-post-comment","27":"has-post-author","28":"","30":"first","31":"instock","32":"taxable","33":"shipping-taxable","34":"purchasable","35":"product-type-simple"},"jetpack_sharing_enabled":true,"builder_content":"","_links":{"self":[{"href":"https:\/\/www.darwin4u.com\/de\/wp-json\/wp\/v2\/product\/8601","targetHints":{"allow":["GET"]}}],"collection":[{"href":"https:\/\/www.darwin4u.com\/de\/wp-json\/wp\/v2\/product"}],"about":[{"href":"https:\/\/www.darwin4u.com\/de\/wp-json\/wp\/v2\/types\/product"}],"replies":[{"embeddable":true,"href":"https:\/\/www.darwin4u.com\/de\/wp-json\/wp\/v2\/comments?post=8601"}],"wp:featuredmedia":[{"embeddable":true,"href":"https:\/\/www.darwin4u.com\/de\/wp-json\/wp\/v2\/media\/8606"}],"wp:attachment":[{"href":"https:\/\/www.darwin4u.com\/de\/wp-json\/wp\/v2\/media?parent=8601"}],"wp:term":[{"taxonomy":"product_brand","embeddable":true,"href":"https:\/\/www.darwin4u.com\/de\/wp-json\/wp\/v2\/product_brand?post=8601"},{"taxonomy":"product_cat","embeddable":true,"href":"https:\/\/www.darwin4u.com\/de\/wp-json\/wp\/v2\/product_cat?post=8601"},{"taxonomy":"product_tag","embeddable":true,"href":"https:\/\/www.darwin4u.com\/de\/wp-json\/wp\/v2\/product_tag?post=8601"}],"curies":[{"name":"wp","href":"https:\/\/api.w.org\/{rel}","templated":true}]}}