{"id":8609,"date":"2024-09-06T15:35:00","date_gmt":"2024-09-06T14:35:00","guid":{"rendered":"https:\/\/www.darwin4u.com\/produit\/run-visor-ii-white\/"},"modified":"2026-03-25T14:04:23","modified_gmt":"2026-03-25T14:04:23","slug":"run-visor-ii-white","status":"publish","type":"product","link":"https:\/\/www.darwin4u.com\/de\/produit\/run-visor-ii-white\/","title":{"rendered":"Laufvisier II - Wei\u00df"},"content":{"rendered":"<p><span>Der Run Visor bietet Schutz und ist gleichzeitig\u00a0<\/span><span>also\u00a0<\/span><span>so leicht, dass Sie es nicht einmal bemerken werden. Unsere neu gestalteten Visiere verf\u00fcgen \u00fcber ein bel\u00fcftetes, elastisches Band und sind in den Farben Schwarz, Koralle, Flurogelb und Wei\u00df erh\u00e4ltlich.<\/span><\/p>\n<ul>\n<li>Neues Design.<\/li>\n<li>Leichter, bel\u00fcfteter, elastischer Riemen.<\/li>\n<li>Sublimierter leichter Stoff.<\/li>\n<li>Auch in Schwarz, Koralle und Flurogelb erh\u00e4ltlich.<\/li>\n<\/ul>\n<p><a href=\"https:\/\/huubdesign.com\/pages\/refund-policy\">Informationen zur Garantie<\/a><\/p>","protected":false},"excerpt":{"rendered":"<p>The Run Visor offers protection while being\u00a0so\u00a0lightweight that you won\u2019t even notice it&#8217;s there. Our newly designed visors feature a ventilated elastic strap, and you can choose from black, coral, fluro yellow and white. New design. Lightweight ventilated elastic strap. Sublimated lightweight fabric. Also available in black, coral and fluro yellow. Warranty Information<\/p>","protected":false},"featured_media":8622,"comment_status":"open","ping_status":"closed","template":"","meta":[],"product_brand":[],"product_cat":[683,653],"product_tag":[138,97,99,139,74,75,78,87,89,91,92,82,83,93],"class_list":{"0":"post-8609","1":"product","2":"type-product","3":"status-publish","4":"has-post-thumbnail","6":"product_cat-accessories-swim","7":"product_cat-headwear","8":"product_tag-bags-luggage","9":"product_tag-categoryaccessories","10":"product_tag-collectionaccessories","11":"product_tag-collectionbagsluggage","12":"product_tag-cycle-all","13":"product_tag-cycle-mens","14":"product_tag-gendermens","15":"product_tag-genderwomens","16":"product_tag-mens-swim","17":"product_tag-swim-all","18":"product_tag-triathlon-all","19":"product_tag-triathlon-mens","20":"product_tag-triathlon-womens","21":"product_tag-womens-swim","22":"has-post-title","23":"has-post-date","24":"has-post-category","25":"has-post-tag","26":"has-post-comment","27":"has-post-author","28":"","30":"first","31":"instock","32":"taxable","33":"shipping-taxable","34":"purchasable","35":"product-type-simple"},"jetpack_sharing_enabled":true,"builder_content":"","_links":{"self":[{"href":"https:\/\/www.darwin4u.com\/de\/wp-json\/wp\/v2\/product\/8609","targetHints":{"allow":["GET"]}}],"collection":[{"href":"https:\/\/www.darwin4u.com\/de\/wp-json\/wp\/v2\/product"}],"about":[{"href":"https:\/\/www.darwin4u.com\/de\/wp-json\/wp\/v2\/types\/product"}],"replies":[{"embeddable":true,"href":"https:\/\/www.darwin4u.com\/de\/wp-json\/wp\/v2\/comments?post=8609"}],"wp:featuredmedia":[{"embeddable":true,"href":"https:\/\/www.darwin4u.com\/de\/wp-json\/wp\/v2\/media\/8622"}],"wp:attachment":[{"href":"https:\/\/www.darwin4u.com\/de\/wp-json\/wp\/v2\/media?parent=8609"}],"wp:term":[{"taxonomy":"product_brand","embeddable":true,"href":"https:\/\/www.darwin4u.com\/de\/wp-json\/wp\/v2\/product_brand?post=8609"},{"taxonomy":"product_cat","embeddable":true,"href":"https:\/\/www.darwin4u.com\/de\/wp-json\/wp\/v2\/product_cat?post=8609"},{"taxonomy":"product_tag","embeddable":true,"href":"https:\/\/www.darwin4u.com\/de\/wp-json\/wp\/v2\/product_tag?post=8609"}],"curies":[{"name":"wp","href":"https:\/\/api.w.org\/{rel}","templated":true}]}}