{"id":8611,"date":"2024-09-06T14:35:02","date_gmt":"2024-09-06T14:35:02","guid":{"rendered":"https:\/\/www.darwin4u.com\/produit\/run-visor-ii-black\/"},"modified":"2026-01-18T20:45:38","modified_gmt":"2026-01-18T20:45:38","slug":"run-visor-ii-black","status":"publish","type":"product","link":"https:\/\/www.darwin4u.com\/de\/produit\/run-visor-ii-black\/","title":{"rendered":"Run Visor II - Schwarz"},"content":{"rendered":"<p>Der Run Visor bietet Schutz und ist dabei so leicht, dass Sie ihn gar nicht bemerken werden. Unsere neu gestalteten Visiere verf\u00fcgen \u00fcber ein bel\u00fcftetes elastisches Band, und du kannst zwischen Schwarz, Fluorgelb und Wei\u00df w\u00e4hlen.<\/p>\n<ul>\n<li>Neues Design 2021.<\/li>\n<li>Leichter, bel\u00fcfteter, elastischer Riemen.<\/li>\n<li>Sublimierter leichter Stoff.<\/li>\n<li>Auch in Wei\u00df, Koralle und Flurogelb erh\u00e4ltlich.<\/li>\n<\/ul>\n<p>\u00a0<\/p>\n<p><a href=\"https:\/\/huubdesign.com\/pages\/refund-policy\">Informationen zur Garantie<\/a><\/p>","protected":false},"excerpt":{"rendered":"<p>The Run Visor offers protection while being so lightweight that you won\u2019t even notice it&#8217;s there. Our newly designed visors feature a ventilated elastic strap, and you can choose from black, fluro yellow and white. New 2021 design. Lightweight ventilated elastic strap. Sublimated lightweight fabric. Also available in white, coral and fluro yellow. \u00a0 Warranty [&hellip;]<\/p>\n","protected":false},"featured_media":8624,"comment_status":"open","ping_status":"closed","template":"","meta":[],"product_brand":[],"product_cat":[682,683,653],"product_tag":[138,97,99,139,74,75,78,87,89,91,92,82,83,93],"class_list":{"0":"post-8611","1":"product","2":"type-product","3":"status-publish","4":"has-post-thumbnail","6":"product_cat-accessories-cycle","7":"product_cat-accessories-swim","8":"product_cat-headwear","9":"product_tag-bags-luggage","10":"product_tag-categoryaccessories","11":"product_tag-collectionaccessories","12":"product_tag-collectionbagsluggage","13":"product_tag-cycle-all","14":"product_tag-cycle-mens","15":"product_tag-gendermens","16":"product_tag-genderwomens","17":"product_tag-mens-swim","18":"product_tag-swim-all","19":"product_tag-triathlon-all","20":"product_tag-triathlon-mens","21":"product_tag-triathlon-womens","22":"product_tag-womens-swim","23":"has-post-title","24":"has-post-date","25":"has-post-category","26":"has-post-tag","27":"has-post-comment","28":"has-post-author","29":"","31":"first","32":"outofstock","33":"taxable","34":"shipping-taxable","35":"purchasable","36":"product-type-simple"},"jetpack_sharing_enabled":true,"builder_content":"","_links":{"self":[{"href":"https:\/\/www.darwin4u.com\/de\/wp-json\/wp\/v2\/product\/8611","targetHints":{"allow":["GET"]}}],"collection":[{"href":"https:\/\/www.darwin4u.com\/de\/wp-json\/wp\/v2\/product"}],"about":[{"href":"https:\/\/www.darwin4u.com\/de\/wp-json\/wp\/v2\/types\/product"}],"replies":[{"embeddable":true,"href":"https:\/\/www.darwin4u.com\/de\/wp-json\/wp\/v2\/comments?post=8611"}],"wp:featuredmedia":[{"embeddable":true,"href":"https:\/\/www.darwin4u.com\/de\/wp-json\/wp\/v2\/media\/8624"}],"wp:attachment":[{"href":"https:\/\/www.darwin4u.com\/de\/wp-json\/wp\/v2\/media?parent=8611"}],"wp:term":[{"taxonomy":"product_brand","embeddable":true,"href":"https:\/\/www.darwin4u.com\/de\/wp-json\/wp\/v2\/product_brand?post=8611"},{"taxonomy":"product_cat","embeddable":true,"href":"https:\/\/www.darwin4u.com\/de\/wp-json\/wp\/v2\/product_cat?post=8611"},{"taxonomy":"product_tag","embeddable":true,"href":"https:\/\/www.darwin4u.com\/de\/wp-json\/wp\/v2\/product_tag?post=8611"}],"curies":[{"name":"wp","href":"https:\/\/api.w.org\/{rel}","templated":true}]}}