{"id":8664,"date":"2024-09-06T14:35:32","date_gmt":"2024-09-06T14:35:32","guid":{"rendered":"https:\/\/www.darwin4u.com\/produit\/huub-elastic-laces-with-locks-white\/"},"modified":"2026-01-18T20:43:53","modified_gmt":"2026-01-18T20:43:53","slug":"huub-elastic-laces-with-locks-white","status":"publish","type":"product","link":"https:\/\/www.darwin4u.com\/de\/produit\/huub-elastic-laces-with-locks-white\/","title":{"rendered":"HUUB Elastische Schn\u00fcrsenkel mit Schl\u00f6ssern - Wei\u00df"},"content":{"rendered":"<p>Wir wissen, dass bei einem Triathlon jede Sekunde z\u00e4hlt. Das Letzte, was du in T2 tun willst, ist mit deinen Schn\u00fcrsenkeln herumzufummeln. Diese HUUB Elastic Lace Locks sparen dir wichtige Sekunden beim Wechsel und bringen dich schneller auf die Laufstrecke.<\/p>\n<ul>\n<li>Einfache Installation<\/li>\n<li>Eine Gr\u00f6\u00dfe f\u00fcr alle (Jugendliche und Erwachsene)<\/li>\n<li>Ideal f\u00fcr Freizeit, Training oder Rennen<\/li>\n<li><span>Unsere elastischen Schn\u00fcrsenkel passen sich Ihrem Fu\u00df an und sorgen f\u00fcr eine individuelle Passform<\/span><\/li>\n<li><span>Zus\u00e4tzliche Kompression reduziert Druckstellen<\/span><\/li>\n<li><span>Jedes Paar wird mit einem Paar Spitzenverschl\u00fcssen geliefert<\/span><\/li>\n<\/ul>\n<p><span data-mce-fragment=\"1\">HUUB Elastische Schn\u00fcrsenkel sind ein<\/span>in 4 Farben erh\u00e4ltlich.<\/p>\n<p>Rot, Rosa, Schwarz und Wei\u00df<\/p>","protected":false},"excerpt":{"rendered":"<p>We know during a triathlon every second counts. The last thing you want to be doing in T2 is fumbling with your laces. These HUUB Elastic Lace Locks will save you vital transition seconds and get you out on the run stage faster. Easy installation One size fits all (juniors and adults) Great for casual, [&hellip;]<\/p>\n","protected":false},"featured_media":8671,"comment_status":"open","ping_status":"closed","template":"","meta":[],"product_brand":[],"product_cat":[672],"product_tag":[138,139,78,87,92,82,83],"class_list":{"0":"post-8664","1":"product","2":"type-product","3":"status-publish","4":"has-post-thumbnail","6":"product_cat-accessories","7":"product_tag-bags-luggage","8":"product_tag-collectionbagsluggage","9":"product_tag-gendermens","10":"product_tag-genderwomens","11":"product_tag-triathlon-all","12":"product_tag-triathlon-mens","13":"product_tag-triathlon-womens","14":"has-post-title","15":"has-post-date","16":"has-post-category","17":"has-post-tag","18":"has-post-comment","19":"has-post-author","20":"","22":"first","23":"instock","24":"taxable","25":"shipping-taxable","26":"purchasable","27":"product-type-variable"},"jetpack_sharing_enabled":true,"builder_content":"","_links":{"self":[{"href":"https:\/\/www.darwin4u.com\/de\/wp-json\/wp\/v2\/product\/8664","targetHints":{"allow":["GET"]}}],"collection":[{"href":"https:\/\/www.darwin4u.com\/de\/wp-json\/wp\/v2\/product"}],"about":[{"href":"https:\/\/www.darwin4u.com\/de\/wp-json\/wp\/v2\/types\/product"}],"replies":[{"embeddable":true,"href":"https:\/\/www.darwin4u.com\/de\/wp-json\/wp\/v2\/comments?post=8664"}],"wp:featuredmedia":[{"embeddable":true,"href":"https:\/\/www.darwin4u.com\/de\/wp-json\/wp\/v2\/media\/8671"}],"wp:attachment":[{"href":"https:\/\/www.darwin4u.com\/de\/wp-json\/wp\/v2\/media?parent=8664"}],"wp:term":[{"taxonomy":"product_brand","embeddable":true,"href":"https:\/\/www.darwin4u.com\/de\/wp-json\/wp\/v2\/product_brand?post=8664"},{"taxonomy":"product_cat","embeddable":true,"href":"https:\/\/www.darwin4u.com\/de\/wp-json\/wp\/v2\/product_cat?post=8664"},{"taxonomy":"product_tag","embeddable":true,"href":"https:\/\/www.darwin4u.com\/de\/wp-json\/wp\/v2\/product_tag?post=8664"}],"curies":[{"name":"wp","href":"https:\/\/api.w.org\/{rel}","templated":true}]}}