{"id":891,"date":"2024-09-05T15:39:40","date_gmt":"2024-09-05T14:39:40","guid":{"rendered":"https:\/\/www.darwin4u.com\/produit\/althea-bib-short-black-teal-womens\/"},"modified":"2026-03-25T18:22:48","modified_gmt":"2026-03-25T18:22:48","slug":"althea-bib-short-black-teal-womens","status":"publish","type":"product","link":"https:\/\/www.darwin4u.com\/de\/produit\/althea-bib-short-black-teal-womens\/","title":{"rendered":"Huub Cuissard \u00e0 bretelles Althea - Teal\/Schwarz - Women's"},"content":{"rendered":"<div>\n<div class=\"Y3BBE\" data-sfc-cp=\"\" data-sfc-root=\"c\" data-sfc-cb=\"\" data-hveid=\"CAEIBhAA\" data-complete=\"true\" data-processed=\"true\">Le\u00a0<strong class=\"Yjhzub\" data-sfc-root=\"c\" data-sfc-cb=\"\" data-complete=\"true\" data-processed=\"true\">HUUB Althea L\u00e4tzchen kurz<\/strong>\u00a0in der Farbe Teal ist f\u00fcr Radsportler gedacht, die sich nicht zwischen Stil und Technik entscheiden wollen. Dieses Modell der Spitzenklasse zeichnet sich durch seine Vielseitigkeit aus:<\/div>\n<ul class=\"KsbFXc U6u95\" data-sfc-root=\"c\" data-sfc-cb=\"\" data-complete=\"true\" data-processed=\"true\">\n<li class=\"dF3vjf\" data-sfc-root=\"c\" data-sfc-cb=\"\" data-hveid=\"CAEIBxAA\" data-complete=\"true\" data-sae=\"\"><span class=\"T286Pc\" data-sfc-cp=\"\" data-sfc-root=\"c\" data-sfc-cb=\"\" data-complete=\"true\"><strong class=\"Yjhzub\" data-sfc-root=\"c\" data-sfc-cb=\"\" data-complete=\"true\">Confort Longue Entfernung :<\/strong>\u00a0Ausgestattet mit einer von italienischen Experten entwickelten Premium-Polsterung zur Vibrationsd\u00e4mpfung und Feuchtigkeitsabfuhr.<\/span><\/li>\n<li class=\"dF3vjf\" data-sfc-root=\"c\" data-sfc-cb=\"\" data-hveid=\"CAEIBxAB\" data-complete=\"true\" data-sae=\"\"><span class=\"T286Pc\" data-sfc-cp=\"\" data-sfc-root=\"c\" data-sfc-cb=\"\" data-complete=\"true\"><strong class=\"Yjhzub\" data-sfc-root=\"c\" data-sfc-cb=\"\" data-complete=\"true\">Coup\u00e9 Leistung :<\/strong>\u00a0Die 6-teilige Struktur passt sich hervorragend an die bewegte Morphologie an und vermeidet Falten und Irritationen.<\/span><\/li>\n<li class=\"dF3vjf\" data-sfc-root=\"c\" data-sfc-cb=\"\" data-hveid=\"CAEIBxAC\" data-complete=\"true\" data-sae=\"\"><span class=\"T286Pc\" data-sfc-cp=\"\" data-sfc-root=\"c\" data-sfc-cb=\"\" data-complete=\"true\"><strong class=\"Yjhzub\" data-sfc-root=\"c\" data-sfc-cb=\"\" data-complete=\"true\">Wartungsarbeiten ohne Druckaus\u00fcbung :<\/strong>\u00a0Die ultra-responsiven Maschen und die Silikonb\u00e4nder an den \u00c4rmeln sorgen daf\u00fcr, dass der Mantel an Ort und Stelle bleibt, selbst bei den intensivsten Sprints.<\/span><\/li>\n<li class=\"dF3vjf\" data-sfc-root=\"c\" data-sfc-cb=\"\" data-hveid=\"CAEIBxAD\" data-complete=\"true\" data-sae=\"\"><span class=\"T286Pc\" data-sfc-cp=\"\" data-sfc-root=\"c\" data-sfc-cb=\"\" data-complete=\"true\"><strong class=\"Yjhzub\" data-sfc-root=\"c\" data-sfc-cb=\"\" data-complete=\"true\">Esth\u00e9tique Teal :<\/strong>\u00a0Eine moderne Farbgebung, die der Stra\u00dfe eine starke visuelle Identit\u00e4t verleiht.<\/span><\/li>\n<\/ul>\n<\/div>\n<h4><\/h4>","protected":false},"excerpt":{"rendered":"<p>Optimieren Sie Ihre Fahrten mit dem Auto mit dem\u00a0<strong class=\"Yjhzub\" data-sfc-root=\"c\" data-sfc-cb=\"\" data-complete=\"true\" data-processed=\"true\">L\u00e4tzchen kurz HUUB Althea<\/strong>. Dot\u00e9 d'une\u00a0<strong class=\"Yjhzub\" data-sfc-root=\"c\" data-sfc-cb=\"\" data-complete=\"true\" data-processed=\"true\">italienische Chamois-Schleimhaut 3D<\/strong>\u00a0Mit seiner hohen Dichte und seiner anatomischen Form mit 6 Platten bietet dieser Mantel einen au\u00dfergew\u00f6hnlichen Komfort f\u00fcr einen Aufenthalt von mehr als 4 Stunden. Sein Design\u00a0<strong class=\"Yjhzub\" data-sfc-root=\"c\" data-sfc-cb=\"\" data-complete=\"true\" data-processed=\"true\">Teal &amp; Schwarz<\/strong>\u00a0Die hohe Qualit\u00e4t wird durch eine starke Kompression und die Laser-Finishs f\u00fcr eine optimale Aerodynamik erreicht. Die ideale Wahl f\u00fcr anspruchsvolle Radsportler.<\/p>","protected":false},"featured_media":2628,"comment_status":"open","ping_status":"closed","template":"","meta":[],"product_brand":[],"product_cat":[728,15],"product_tag":[123,173],"class_list":{"0":"post-891","1":"product","2":"type-product","3":"status-publish","4":"has-post-thumbnail","6":"product_cat-cycle-jerseys-shorts-mens","7":"product_cat-non-classe","8":"product_tag-categoryshorts","9":"product_tag-womens-cycling-clothing","10":"has-post-title","11":"has-post-date","12":"has-post-category","13":"has-post-tag","14":"has-post-comment","15":"has-post-author","16":"","18":"first","19":"instock","20":"sale","21":"taxable","22":"shipping-taxable","23":"purchasable","24":"product-type-variable"},"jetpack_sharing_enabled":true,"builder_content":"","_links":{"self":[{"href":"https:\/\/www.darwin4u.com\/de\/wp-json\/wp\/v2\/product\/891","targetHints":{"allow":["GET"]}}],"collection":[{"href":"https:\/\/www.darwin4u.com\/de\/wp-json\/wp\/v2\/product"}],"about":[{"href":"https:\/\/www.darwin4u.com\/de\/wp-json\/wp\/v2\/types\/product"}],"replies":[{"embeddable":true,"href":"https:\/\/www.darwin4u.com\/de\/wp-json\/wp\/v2\/comments?post=891"}],"wp:featuredmedia":[{"embeddable":true,"href":"https:\/\/www.darwin4u.com\/de\/wp-json\/wp\/v2\/media\/2628"}],"wp:attachment":[{"href":"https:\/\/www.darwin4u.com\/de\/wp-json\/wp\/v2\/media?parent=891"}],"wp:term":[{"taxonomy":"product_brand","embeddable":true,"href":"https:\/\/www.darwin4u.com\/de\/wp-json\/wp\/v2\/product_brand?post=891"},{"taxonomy":"product_cat","embeddable":true,"href":"https:\/\/www.darwin4u.com\/de\/wp-json\/wp\/v2\/product_cat?post=891"},{"taxonomy":"product_tag","embeddable":true,"href":"https:\/\/www.darwin4u.com\/de\/wp-json\/wp\/v2\/product_tag?post=891"}],"curies":[{"name":"wp","href":"https:\/\/api.w.org\/{rel}","templated":true}]}}