{"id":897,"date":"2024-09-05T16:39:41","date_gmt":"2024-09-05T14:39:41","guid":{"rendered":"https:\/\/www.darwin4u.com\/produit\/althea-cycling-gilet-black-teal-womens\/"},"modified":"2026-04-05T11:02:36","modified_gmt":"2026-04-05T09:02:36","slug":"althea-cycling-gilet-black-teal-womens","status":"publish","type":"product","link":"https:\/\/www.darwin4u.com\/de\/produit\/althea-cycling-gilet-black-teal-womens\/","title":{"rendered":"Althea Radfahren Gilet Schwarz\/Teal - Frauen"},"content":{"rendered":"<p data-mce-fragment=\"1\">Mit den hochwertigsten schwei\u00dfableitenden, aerodynamischen Stoffen und einem Design, das den Anforderungen von Training und Rennen gerecht wird. Althea ist eine Leistungsserie f\u00fcr alle Radsportler, die Komfort bietet, ohne Kompromisse bei Geschwindigkeit, Funktion oder Design einzugehen.<\/p>\n<ul>\n<li>\n<span>In voller L\u00e4nge\u00a0<\/span><span>HUUB\u00a0<\/span><span>Nockenschloss\u00a0<\/span><span>Rei\u00dfverschluss<\/span>\n<\/li>\n<li><span>Leichtes Gewicht zum Einpacken in ein Trikot<\/span><\/li>\n<li><span>Leichtes Gewebe<\/span><\/li>\n<li><span>3 Ges\u00e4\u00dftaschen<\/span><\/li>\n<li><span>Kopfh\u00f6rerzugang in der Seitentasche mit Rei\u00dfverschluss<\/span><\/li>\n<li><span>Mesh-Einsatz unter den Armen<\/span><\/li>\n<li><span>Drei Paspeltaschen auf der R\u00fcckseite mit reflektierendem Seitenrei\u00dfverschluss<\/span><\/li>\n<\/ul>\n<ul><\/ul>\n<p><strong>HUUBs Cam Lock-Rei\u00dfverschluss:<\/strong><\/p>\n<p>Niemand mag es, wenn sich ein Rei\u00dfverschluss \u00f6ffnet oder herunterzieht, wenn man ihn nicht braucht! Der Cam Lock-Rei\u00dfverschluss von HUUB verriegelt so lange, bis Sie ihn durch einfaches Anheben des Abziehers aktivieren. Sobald er aktiviert ist, m\u00fcssen Sie den Rei\u00dfverschluss nicht mehr herunterziehen, sondern nur noch Ihre Kleidung auseinanderziehen!<\/p>\n<p>\u00a0<\/p>\n<p><a href=\"https:\/\/huubdesign.com\/pages\/refund-policy\">Informationen zur Garantie<\/a><\/p>\n<ul><\/ul>\n<h4><\/h4>","protected":false},"excerpt":{"rendered":"<p>Incorporating the highest quality sweat-wicking, aerodynamic fabrics and styled to meet training and racing demands. Althea\u00a0is a performance range fitted for all cyclists offering comfort without compromising on speed, function or design. Full-length\u00a0HUUB\u00a0Cam Lock\u00a0zipper Lightweight for packing away into a jersey Lightweight fabric 3 rear pockets Zipped side pocket headphone access Mesh underarm panel Three [&hellip;]<\/p>\n","protected":false},"featured_media":2631,"comment_status":"open","ping_status":"closed","template":"","meta":[],"product_brand":[],"product_cat":[15],"product_tag":[126,170,87],"class_list":{"0":"post-897","1":"product","2":"type-product","3":"status-publish","4":"has-post-thumbnail","6":"product_cat-non-classe","7":"product_tag-categorygilet-vest","8":"product_tag-collectionalthea","9":"product_tag-genderwomens","10":"has-post-title","11":"has-post-date","12":"has-post-category","13":"has-post-tag","14":"has-post-comment","15":"has-post-author","16":"","18":"first","19":"instock","20":"sale","21":"taxable","22":"shipping-taxable","23":"purchasable","24":"product-type-variable"},"jetpack_sharing_enabled":true,"builder_content":"","_links":{"self":[{"href":"https:\/\/www.darwin4u.com\/de\/wp-json\/wp\/v2\/product\/897","targetHints":{"allow":["GET"]}}],"collection":[{"href":"https:\/\/www.darwin4u.com\/de\/wp-json\/wp\/v2\/product"}],"about":[{"href":"https:\/\/www.darwin4u.com\/de\/wp-json\/wp\/v2\/types\/product"}],"replies":[{"embeddable":true,"href":"https:\/\/www.darwin4u.com\/de\/wp-json\/wp\/v2\/comments?post=897"}],"wp:featuredmedia":[{"embeddable":true,"href":"https:\/\/www.darwin4u.com\/de\/wp-json\/wp\/v2\/media\/2631"}],"wp:attachment":[{"href":"https:\/\/www.darwin4u.com\/de\/wp-json\/wp\/v2\/media?parent=897"}],"wp:term":[{"taxonomy":"product_brand","embeddable":true,"href":"https:\/\/www.darwin4u.com\/de\/wp-json\/wp\/v2\/product_brand?post=897"},{"taxonomy":"product_cat","embeddable":true,"href":"https:\/\/www.darwin4u.com\/de\/wp-json\/wp\/v2\/product_cat?post=897"},{"taxonomy":"product_tag","embeddable":true,"href":"https:\/\/www.darwin4u.com\/de\/wp-json\/wp\/v2\/product_tag?post=897"}],"curies":[{"name":"wp","href":"https:\/\/api.w.org\/{rel}","templated":true}]}}