{"id":915,"date":"2024-09-05T16:39:47","date_gmt":"2024-09-05T14:39:47","guid":{"rendered":"https:\/\/www.darwin4u.com\/produit\/althea-thermal-long-sleeve-jersey-black-teal-womens\/"},"modified":"2026-04-05T11:29:15","modified_gmt":"2026-04-05T09:29:15","slug":"althea-thermal-long-sleeve-jersey-black-teal-womens","status":"publish","type":"product","link":"https:\/\/www.darwin4u.com\/de\/produit\/althea-thermal-long-sleeve-jersey-black-teal-womens\/","title":{"rendered":"Althea Thermal Long Sleeve Jersey Schwarz\/Teal - Damen"},"content":{"rendered":"<div>\n<p>\u00a0<\/p>\n<p data-mce-fragment=\"1\">Mit den hochwertigsten schwei\u00dfableitenden, aerodynamischen Stoffen und einem Design, das den Anforderungen von Training und Rennen gerecht wird. Althea ist eine Leistungsserie f\u00fcr alle Radsportler, die Komfort bietet, ohne Kompromisse bei Geschwindigkeit, Funktion oder Design einzugehen.<\/p>\n<p data-mce-fragment=\"1\"><b data-mce-fragment=\"1\">Lang\u00e4rmeliges Thermal-Jersey<\/b><\/p>\n<p data-mce-fragment=\"1\">Unser Langarm-Thermotrikot besteht aus hochelastischen Vier-Wege-Stretch-Thermomaterialien, die das Trikot eng anliegend und stylisch aussehen lassen, w\u00e4hrend sie dich auf deiner Fahrt warm und bequem halten. Durch die Verwendung unserer Arms Neutral\u2122-\u00c4rmel wird das Trikot an deine Fahrposition angepasst, was die Passform verbessert und den Komfort w\u00e4hrend der Fahrt erh\u00f6ht.\u00a0<\/p>\n<p data-mce-fragment=\"1\"><b data-mce-fragment=\"1\">Eigenschaften<\/b><br data-mce-fragment=\"1\"><\/p>\n<ul data-mce-fragment=\"1\">\n<li data-mce-fragment=\"1\">Durchgehender HUUB Cam Lock-Rei\u00dfverschluss.<br data-mce-fragment=\"1\">\n<\/li>\n<li data-mce-fragment=\"1\">Drei reflektierende Paspeltaschen.\u00a0<br data-mce-fragment=\"1\">\n<\/li>\n<li data-mce-fragment=\"1\">Reflektierende Rei\u00dfverschlusstasche im UK-Stil auf der linken Seite.\u00a0<br data-mce-fragment=\"1\">\n<\/li>\n<li data-mce-fragment=\"1\">Arme Neutral\u2122 Satz \u00c4rmel.<br data-mce-fragment=\"1\">\n<\/li>\n<li data-mce-fragment=\"1\">Der Silikon-Taillengreifer der Marke HUUB h\u00e4lt das Trikot an seinem Platz.<\/li>\n<\/ul>\n<\/div>\n<ul><\/ul>\n<h4><\/h4>","protected":false},"excerpt":{"rendered":"<p>\u00a0 Incorporating the highest quality sweat-wicking, aerodynamic fabrics and styled to meet training and racing demands. Althea is a performance range fitted for all cyclists offering comfort without compromising on speed, function or design. Long Sleeve Thermal Jersey Our Long Sleeve Thermal Jersey features highly elasticated four-way stretch thermal materials to keep the jersey fitting [&hellip;]<\/p>\n","protected":false},"featured_media":2637,"comment_status":"open","ping_status":"closed","template":"","meta":[],"product_brand":[],"product_cat":[15],"product_tag":[136,170,87,173],"class_list":{"0":"post-915","1":"product","2":"type-product","3":"status-publish","4":"has-post-thumbnail","6":"product_cat-non-classe","7":"product_tag-categorythermal-jersey","8":"product_tag-collectionalthea","9":"product_tag-genderwomens","10":"product_tag-womens-cycling-clothing","11":"has-post-title","12":"has-post-date","13":"has-post-category","14":"has-post-tag","15":"has-post-comment","16":"has-post-author","17":"","19":"first","20":"instock","21":"sale","22":"taxable","23":"shipping-taxable","24":"purchasable","25":"product-type-variable"},"jetpack_sharing_enabled":true,"builder_content":"","_links":{"self":[{"href":"https:\/\/www.darwin4u.com\/de\/wp-json\/wp\/v2\/product\/915","targetHints":{"allow":["GET"]}}],"collection":[{"href":"https:\/\/www.darwin4u.com\/de\/wp-json\/wp\/v2\/product"}],"about":[{"href":"https:\/\/www.darwin4u.com\/de\/wp-json\/wp\/v2\/types\/product"}],"replies":[{"embeddable":true,"href":"https:\/\/www.darwin4u.com\/de\/wp-json\/wp\/v2\/comments?post=915"}],"wp:featuredmedia":[{"embeddable":true,"href":"https:\/\/www.darwin4u.com\/de\/wp-json\/wp\/v2\/media\/2637"}],"wp:attachment":[{"href":"https:\/\/www.darwin4u.com\/de\/wp-json\/wp\/v2\/media?parent=915"}],"wp:term":[{"taxonomy":"product_brand","embeddable":true,"href":"https:\/\/www.darwin4u.com\/de\/wp-json\/wp\/v2\/product_brand?post=915"},{"taxonomy":"product_cat","embeddable":true,"href":"https:\/\/www.darwin4u.com\/de\/wp-json\/wp\/v2\/product_cat?post=915"},{"taxonomy":"product_tag","embeddable":true,"href":"https:\/\/www.darwin4u.com\/de\/wp-json\/wp\/v2\/product_tag?post=915"}],"curies":[{"name":"wp","href":"https:\/\/api.w.org\/{rel}","templated":true}]}}