{"id":9683,"date":"2024-09-06T14:42:44","date_gmt":"2024-09-06T14:42:44","guid":{"rendered":"https:\/\/www.darwin4u.com\/produit\/tt-bag-navy\/"},"modified":"2026-01-18T20:41:00","modified_gmt":"2026-01-18T20:41:00","slug":"tt-bag-navy","status":"publish","type":"product","link":"https:\/\/www.darwin4u.com\/de\/produit\/tt-bag-navy\/","title":{"rendered":"TT Tasche - Marine"},"content":{"rendered":"<p><strong>Ein Platz f\u00fcr alles und alles an seinem Platz mit unserer Transition Three (TT) Bag.<\/strong><\/p>\n<p>Die Premium Transition Three Bag von HUUB hat eine Tasche f\u00fcr alles, egal ob es ein Wettkampftag oder ein Trainingstag ist, ob im Schwimmbad oder auf der Bahn, die riesige 40-Liter-Kapazit\u00e4t der TT-Tasche kann alles bew\u00e4ltigen.<\/p>\n<p><span> Sie ist mit einer versteckten Helmhalterung aus Mesh ausgestattet, die bei Nichtgebrauch mit einem Rei\u00dfverschluss verschlossen werden kann, so dass Ihr Helm \u00fcberall sicher aufgehoben ist. Mit Nass- und Trockenf\u00e4chern k\u00f6nnen Sie sicher sein, dass Ihre trockene Ausr\u00fcstung immer gut aufgehoben ist, w\u00e4hrend die nasse Ausr\u00fcstung sicher im wasserdichten Fach am Boden der Tasche aufbewahrt wird. Die s<\/span><span>Die idealen, erweiterbaren Taschen sind perfekt f\u00fcr Getr\u00e4nkeflaschen. Au\u00dferdem gibt es eine praktische Rei\u00dfverschlusstasche auf der Vorderseite f\u00fcr einfachen und schnellen Zugriff, ideal f\u00fcr Elektronik, Schl\u00fcssel, Telefon usw. <\/span><\/p>\n<p><span>Die gepolsterten, verstellbaren Schultergurte sorgen f\u00fcr optimalen Komfort. Der Brustgurt hilft, das Gewicht beim Reiten, Laufen oder einfach beim t\u00e4glichen Pendeln zu verteilen.<\/span><\/p>\n<p><span>Der ultimative Rucksack f\u00fcr den Renntag, die Reise, das Training oder das Pendeln.<\/span><\/p>\n<ul>\n<li>Ein riesiges Volumen von 40 Litern zum Verstauen Ihrer gesamten Triathlonausr\u00fcstung.<\/li>\n<li>Helmhalterung mit Rei\u00dfverschluss.<\/li>\n<li>Praktischer Tragegriff oben.<\/li>\n<li>Wasserdichte Aufbewahrung f\u00fcr Ihren Neoprenanzug, Ihr Handtuch oder Ihre Badebekleidung.<\/li>\n<li>Ablagef\u00e4cher f\u00fcr Schuhe und Helme.<\/li>\n<li>Mehrere Taschen zur Aufbewahrung von Werkzeug, Karten und anderen wichtigen Dingen.<\/li>\n<li>Gepolsterte, verstellbare Tr\u00e4ger f\u00fcr besseren Tragekomfort.<\/li>\n<li>Gro\u00dfer Eingang f\u00fcr eine einfache Unterbringung der Ausr\u00fcstung.<\/li>\n<li>Reflektierende Bes\u00e4tze f\u00fcr Fahrten bei Nacht und am Morgen.<\/li>\n<li>Innere Netztasche f\u00fcr Laptops.<\/li>\n<li>Hintere Netztasche.<\/li>\n<li>Mehrere Innentaschen.<\/li>\n<\/ul>\n<p>Die Ma\u00dfe des Rucksacks sind ca. 60cm hoch x 34cm breit x 20cm tief.<\/p>","protected":false},"excerpt":{"rendered":"<p>A place for everything and everything in its place with our Transition Three (TT) Bag. The premium Transition Three Bag from HUUB has a pocket for everything, whether its race day or a training day, at the pool or the track, the huge 40 litre capacity of the TT bag can handle it. It comes [&hellip;]<\/p>\n","protected":false},"featured_media":9694,"comment_status":"open","ping_status":"closed","template":"","meta":[],"product_brand":[],"product_cat":[683,654,714],"product_tag":[147,85,78,87,129,89,90,91,92,82,83,93],"class_list":{"0":"post-9683","1":"product","2":"type-product","3":"status-publish","4":"has-post-thumbnail","6":"product_cat-accessories-swim","7":"product_cat-bags","8":"product_cat-casual-womens","9":"product_tag-aeroaccessories","10":"product_tag-bags","11":"product_tag-gendermens","12":"product_tag-genderwomens","13":"product_tag-lifestyle-womens","14":"product_tag-mens-swim","15":"product_tag-swim","16":"product_tag-swim-all","17":"product_tag-triathlon-all","18":"product_tag-triathlon-mens","19":"product_tag-triathlon-womens","20":"product_tag-womens-swim","21":"has-post-title","22":"has-post-date","23":"has-post-category","24":"has-post-tag","25":"has-post-comment","26":"has-post-author","27":"","29":"first","30":"instock","31":"taxable","32":"shipping-taxable","33":"purchasable","34":"product-type-simple"},"jetpack_sharing_enabled":true,"builder_content":"","_links":{"self":[{"href":"https:\/\/www.darwin4u.com\/de\/wp-json\/wp\/v2\/product\/9683","targetHints":{"allow":["GET"]}}],"collection":[{"href":"https:\/\/www.darwin4u.com\/de\/wp-json\/wp\/v2\/product"}],"about":[{"href":"https:\/\/www.darwin4u.com\/de\/wp-json\/wp\/v2\/types\/product"}],"replies":[{"embeddable":true,"href":"https:\/\/www.darwin4u.com\/de\/wp-json\/wp\/v2\/comments?post=9683"}],"wp:featuredmedia":[{"embeddable":true,"href":"https:\/\/www.darwin4u.com\/de\/wp-json\/wp\/v2\/media\/9694"}],"wp:attachment":[{"href":"https:\/\/www.darwin4u.com\/de\/wp-json\/wp\/v2\/media?parent=9683"}],"wp:term":[{"taxonomy":"product_brand","embeddable":true,"href":"https:\/\/www.darwin4u.com\/de\/wp-json\/wp\/v2\/product_brand?post=9683"},{"taxonomy":"product_cat","embeddable":true,"href":"https:\/\/www.darwin4u.com\/de\/wp-json\/wp\/v2\/product_cat?post=9683"},{"taxonomy":"product_tag","embeddable":true,"href":"https:\/\/www.darwin4u.com\/de\/wp-json\/wp\/v2\/product_tag?post=9683"}],"curies":[{"name":"wp","href":"https:\/\/api.w.org\/{rel}","templated":true}]}}