{"id":9685,"date":"2024-09-06T14:42:45","date_gmt":"2024-09-06T14:42:45","guid":{"rendered":"https:\/\/www.darwin4u.com\/produit\/cycle-toe-covers-ii\/"},"modified":"2026-01-18T20:30:21","modified_gmt":"2026-01-18T20:30:21","slug":"cycle-toe-covers-ii","status":"publish","type":"product","link":"https:\/\/www.darwin4u.com\/de\/produit\/cycle-toe-covers-ii\/","title":{"rendered":"Fahrrad-Zehenabdeckungen II"},"content":{"rendered":"<p>Der HUUB Cycle Toe Cover ist zwar kein neues Produkt, aber sicherlich eines der vielseitigsten. Die glatte, wasserdichte Neopren-Oberschicht sorgt daf\u00fcr, dass Wasser und Wind drau\u00dfen bleiben und die Zehen warm gehalten werden.<\/p>\n<ul>\n<li>Neue und verbesserte Passform mit einem gr\u00f6\u00dferen Abdeckungsbereich, damit der Bezug an Ort und Stelle bleibt.<\/li>\n<li>Perfekt f\u00fcr einen k\u00fchlen Start.<\/li>\n<li>Hergestellt aus extra warmem Glatthaut-Neopren.<\/li>\n<li>L\u00e4sst sich leicht in der Ges\u00e4\u00dftasche verstauen.<\/li>\n<li>Kompatibel mit allen Pedalklammersystemen.<\/li>\n<\/ul>\n<p>Ideal f\u00fcr den k\u00fchlen Start am fr\u00fchen Morgen, egal ob beim Rennen oder beim Training, perfekt zum \u00dcberziehen beim Start eines Triathlons.<\/p>\n<p>Der HUUB Zehenschutz sch\u00fctzt die F\u00fc\u00dfe vor Taubheitsgef\u00fchlen und kalten Schmerzen, indem er das Ende des Schuhs bedeckt und dort W\u00e4rme und Schutz bietet, wo es am meisten gebraucht wird. Der Vorteil eines Zehenschutzes ist, dass er auch bei Trainingsfahrten verwendet werden kann, bei denen ein voller \u00dcberschuh ein wenig zu viel ist, und nat\u00fcrlich leicht abnehmbar.<\/p>\n<p>&nbsp;<\/p>\n<p><a href=\"https:\/\/huubdesign.com\/pages\/refund-policy\">Informationen zur Garantie<\/a><\/p>","protected":false},"excerpt":{"rendered":"<p>The HUUB Cycle Toe Cover, while not a new product, it certainly is one of the most versatile. The smooth skin waterproof neoprene top layer ensures water and wind are kept out and toes kept warm. New and improved fit with a\u00a0larger coverage area to ensure the cover stays in place. Perfect for chilly starts. [&hellip;]<\/p>\n","protected":false},"featured_media":9731,"comment_status":"open","ping_status":"closed","template":"","meta":[],"product_brand":[],"product_cat":[672,682],"product_tag":[147,97,99,74,75,148,78,87],"class_list":{"0":"post-9685","1":"product","2":"type-product","3":"status-publish","4":"has-post-thumbnail","6":"product_cat-accessories","7":"product_cat-accessories-cycle","8":"product_tag-aeroaccessories","9":"product_tag-categoryaccessories","10":"product_tag-collectionaccessories","11":"product_tag-cycle-all","12":"product_tag-cycle-mens","13":"product_tag-cyclewear-accessories","14":"product_tag-gendermens","15":"product_tag-genderwomens","16":"has-post-title","17":"has-post-date","18":"has-post-category","19":"has-post-tag","20":"has-post-comment","21":"has-post-author","22":"","24":"first","25":"instock","26":"taxable","27":"shipping-taxable","28":"purchasable","29":"product-type-variable"},"jetpack_sharing_enabled":true,"builder_content":"","_links":{"self":[{"href":"https:\/\/www.darwin4u.com\/de\/wp-json\/wp\/v2\/product\/9685","targetHints":{"allow":["GET"]}}],"collection":[{"href":"https:\/\/www.darwin4u.com\/de\/wp-json\/wp\/v2\/product"}],"about":[{"href":"https:\/\/www.darwin4u.com\/de\/wp-json\/wp\/v2\/types\/product"}],"replies":[{"embeddable":true,"href":"https:\/\/www.darwin4u.com\/de\/wp-json\/wp\/v2\/comments?post=9685"}],"wp:featuredmedia":[{"embeddable":true,"href":"https:\/\/www.darwin4u.com\/de\/wp-json\/wp\/v2\/media\/9731"}],"wp:attachment":[{"href":"https:\/\/www.darwin4u.com\/de\/wp-json\/wp\/v2\/media?parent=9685"}],"wp:term":[{"taxonomy":"product_brand","embeddable":true,"href":"https:\/\/www.darwin4u.com\/de\/wp-json\/wp\/v2\/product_brand?post=9685"},{"taxonomy":"product_cat","embeddable":true,"href":"https:\/\/www.darwin4u.com\/de\/wp-json\/wp\/v2\/product_cat?post=9685"},{"taxonomy":"product_tag","embeddable":true,"href":"https:\/\/www.darwin4u.com\/de\/wp-json\/wp\/v2\/product_tag?post=9685"}],"curies":[{"name":"wp","href":"https:\/\/api.w.org\/{rel}","templated":true}]}}