{"id":9691,"date":"2024-09-06T14:42:48","date_gmt":"2024-09-06T14:42:48","guid":{"rendered":"https:\/\/www.darwin4u.com\/produit\/neoprene-swim-socks\/"},"modified":"2026-03-24T20:19:42","modified_gmt":"2026-03-24T20:19:42","slug":"neoprene-swim-socks","status":"publish","type":"product","link":"https:\/\/www.darwin4u.com\/de\/produit\/neoprene-swim-socks\/","title":{"rendered":"Neopren-Schwimm-Socken"},"content":{"rendered":"<p>Die HUUB Neopren-Schwimmsocken oder Booties, wie manche sie nennen, haben eine sch\u00fctzende, verst\u00e4rkte Sohle, die einen rutschfesten Schutz und Abriebfestigkeit bietet, sowie ein geteiltes Zehendesign, um ein \u2018Rollen\u2019 am Fu\u00df zu vermeiden. Es hat auch verstellbare Klettverschl\u00fcsse, um diese Neoprensocke geeignet, entweder \u00fcber oder unter Ihrem Neoprenanzug getragen werden.<\/p>\n<p>HUUB Neopren-Schwimmsocken werden getragen, um die F\u00fc\u00dfe vor hartem Boden, Steinen und scharfen Gegenst\u00e4nden zu sch\u00fctzen. Das 3 mm dicke Neopren h\u00e4lt die F\u00fc\u00dfe sowohl beim Training als auch bei Wettk\u00e4mpfen (bei sehr kalten Bedingungen und wenn der Veranstalter es erlaubt) viel w\u00e4rmer.<\/p>\n<p>Denken Sie daran: Neopren ist dehnbar!<\/p>\n<p><a href=\"https:\/\/huubdesign.com\/pages\/refund-policy\">Informationen zur Garantie<\/a><\/p>","protected":false},"excerpt":{"rendered":"<p>The HUUB Neoprene Swim Socks or Booties as some people like to call it, has a protective reinforced sole which provides \u2018non slip\u2019 protection and abrasion resistance, and a split-toe design to avoid &#8216;rolling&#8217; on the foot. It also has adjustable Velcro closures to make this neoprene sock suitable to be worn either over or [&hellip;]<\/p>\n","protected":false},"featured_media":9734,"comment_status":"open","ping_status":"closed","template":"","meta":[],"product_brand":[],"product_cat":[683,719,650],"product_tag":[78,87,89,91,93],"class_list":{"0":"post-9691","1":"product","2":"type-product","3":"status-publish","4":"has-post-thumbnail","6":"product_cat-accessories-swim","7":"product_cat-cold-water-collection-neoprene-accessories","8":"product_cat-open-water","9":"product_tag-gendermens","10":"product_tag-genderwomens","11":"product_tag-mens-swim","12":"product_tag-swim-all","13":"product_tag-womens-swim","14":"has-post-title","15":"has-post-date","16":"has-post-category","17":"has-post-tag","18":"has-post-comment","19":"has-post-author","20":"","22":"first","23":"instock","24":"taxable","25":"shipping-taxable","26":"purchasable","27":"product-type-variable"},"jetpack_sharing_enabled":true,"builder_content":"","_links":{"self":[{"href":"https:\/\/www.darwin4u.com\/de\/wp-json\/wp\/v2\/product\/9691","targetHints":{"allow":["GET"]}}],"collection":[{"href":"https:\/\/www.darwin4u.com\/de\/wp-json\/wp\/v2\/product"}],"about":[{"href":"https:\/\/www.darwin4u.com\/de\/wp-json\/wp\/v2\/types\/product"}],"replies":[{"embeddable":true,"href":"https:\/\/www.darwin4u.com\/de\/wp-json\/wp\/v2\/comments?post=9691"}],"wp:featuredmedia":[{"embeddable":true,"href":"https:\/\/www.darwin4u.com\/de\/wp-json\/wp\/v2\/media\/9734"}],"wp:attachment":[{"href":"https:\/\/www.darwin4u.com\/de\/wp-json\/wp\/v2\/media?parent=9691"}],"wp:term":[{"taxonomy":"product_brand","embeddable":true,"href":"https:\/\/www.darwin4u.com\/de\/wp-json\/wp\/v2\/product_brand?post=9691"},{"taxonomy":"product_cat","embeddable":true,"href":"https:\/\/www.darwin4u.com\/de\/wp-json\/wp\/v2\/product_cat?post=9691"},{"taxonomy":"product_tag","embeddable":true,"href":"https:\/\/www.darwin4u.com\/de\/wp-json\/wp\/v2\/product_tag?post=9691"}],"curies":[{"name":"wp","href":"https:\/\/api.w.org\/{rel}","templated":true}]}}