{"id":1155,"date":"2024-09-05T15:41:02","date_gmt":"2024-09-05T14:41:02","guid":{"rendered":"https:\/\/www.darwin4u.com\/produit\/aphotic-swim-goggle-black-mirrored\/"},"modified":"2026-03-24T21:20:15","modified_gmt":"2026-03-24T21:20:15","slug":"aphotic-swim-goggle-black-mirrored","status":"publish","type":"product","link":"https:\/\/www.darwin4u.com\/fr\/produit\/aphotic-swim-goggle-black-mirrored\/","title":{"rendered":"Lunettes de natation Aphotic - Noir miroit\u00e9"},"content":{"rendered":"<p><strong><span style=\"color: #000000\"><\/span><\/strong>Maintenant avec une lentille enti\u00e8rement r\u00e9fl\u00e9chie, nos premi\u00e8res lunettes de natation qui s'assombrissent ou s'\u00e9claircissent gr\u00e2ce \u00e0 la technologie photochromatique pendant la course sans que vous ne vous en rendiez compte. Une lentille autor\u00e9gulatrice qui offre le confort et la vision n\u00e9cessaires pour maximiser votre visibilit\u00e9 et vous aider \u00e0 nager.<\/p>\n<p>- Minimise la lumi\u00e8re du soleil, augmentant ainsi la visibilit\u00e9 et le rep\u00e9rage.<\/p>\n<p>- R\u00e9duit l'\u00e9blouissement, en particulier lors des d\u00e9parts de natation t\u00f4t le matin et des nages \u00e0 faible ensoleillement<\/p>\n<p>- Verres photochromatiques antibu\u00e9e, r\u00e9sistants aux rayures et \u00e0 finition miroir<\/p>\n<p>- R\u00e9duction de la fatigue visuelle<\/p>\n<p>Les lunettes de natation sont probablement l'\u00e9quipement le plus important le jour de la course. Un \u00e9quipement que beaucoup d'entre nous consid\u00e8rent comme acquis, mais sans lequel toute notre pr\u00e9paration et notre entra\u00eenement sont g\u00e2ch\u00e9s. Il est temps de prendre vos lunettes au s\u00e9rieux et de comprendre ce dont vous avez besoin le jour de la course.<\/p>\n<p>Ne serait-ce pas formidable si la plupart des \u00e9v\u00e9nements commen\u00e7aient au milieu de la journ\u00e9e, le soleil haut, tout le monde au chaud et la lumi\u00e8re aussi bonne qu'elle peut l'\u00eatre. Malheureusement, la dur\u00e9e des \u00e9v\u00e9nements et les horaires de fermeture des routes font qu'un d\u00e9part \u00e0 7 heures du matin n'est pas inhabituel et, comme nous le savons tous, la lumi\u00e8re 30 minutes apr\u00e8s le coup de feu est tr\u00e8s diff\u00e9rente et l'est encore plus au fur et \u00e0 mesure que la matin\u00e9e avance. <\/p>\n<p>\u201cAphotic\u201d de HUUB, notre premier masque de natation qui s'assombrit ou s'\u00e9claircit gr\u00e2ce \u00e0 la technologie photochromatique pendant la course sans que vous vous en rendiez compte. Une lentille autor\u00e9gulatrice qui offre le confort et la vision n\u00e9cessaires pour maximiser votre visibilit\u00e9 et vous aider \u00e0 nager.<\/p>\n<p><strong>\"Photochromatique\" La clart\u00e9 de la vision facilite le rep\u00e9rage et permet de contourner les obstacles et les autres nageurs, m\u00eame lorsque l'on nage face au soleil ou dos au soleil.<\/strong><\/p>\n<p>Ces incroyables lentilles s'ajustent parfaitement et ne prennent que 160 secondes pour passer de l'\u00e9tat clair \u00e0 l'\u00e9tat fonc\u00e9, offrant ainsi une performance ultime \u00e0 chaque virage de chaque bou\u00e9e.<\/p>\n<p>Des colorants photochromiques brevet\u00e9s sp\u00e9ciaux qui activent ou assombrissent les lentilles lorsqu'elles sont expos\u00e9es aux rayons ultraviolets de la lumi\u00e8re du soleil. Lorsque la lumi\u00e8re UV diminue, les lentilles s'assombrissent. Lorsque les conditions de luminosit\u00e9 changent, le niveau de teinte s'ajuste, offrant ainsi la bonne teinte au bon moment.<\/p>\n<p>Le masque de natation \u201cAphotic\u201d est le premier pas de HUUB vers la \u201cperfection du masque\u201d, adapt\u00e9 \u00e0 une utilisation en int\u00e9rieur et en ext\u00e9rieur et dans toutes les conditions de luminosit\u00e9.<\/p>\n<p>Con\u00e7u pour s'adapter parfaitement au visage avec une densit\u00e9 de silicone et de TPR adapt\u00e9e pour cr\u00e9er un ajustement parfait et une sensation de plume, m\u00eame sur les profils faciaux les plus int\u00e9ressants.<\/p>\n<p>Pour une bonne baignade, il faut un ajustement confortable et la possibilit\u00e9 de voir autant que possible tout en bloquant la lumi\u00e8re lorsque le soleil est haut ou que la r\u00e9flexion de l'eau est optimale.<\/p>\n<p><span data-mce-fragment=\"1\">Lire notre guide d'achat des lunettes de natation\u00a0<\/span><a href=\"https:\/\/huubdesign.com\/pages\/goggle-guide\" title=\"Guide des lunettes de natation\" data-mce-fragment=\"1\" data-mce-href=\"https:\/\/huubdesign.com\/pages\/goggle-guide\"><strong data-mce-fragment=\"1\">ici<\/strong><\/a><span data-mce-fragment=\"1\">.<\/span>.<\/p>\n<p>Mat\u00e9riau de l'objectif : PC <br \/>Mat\u00e9riau du joint : Silicone<br \/>Mat\u00e9riau du bracelet : Silicone<br \/>Bouton lat\u00e9ral : PC<br \/>Cadre ext\u00e9rieur : TPR <br \/>Cadre int\u00e9rieur : PC<\/p>\n<p>\u00a0<\/p>\n<p><a href=\"https:\/\/huubdesign.com\/pages\/refund-policy\">Informations sur la garantie<\/a><\/p>","protected":false},"excerpt":{"rendered":"<p>Now with a full mirrored lens, our first swim goggle that gets darker or lighter through Photochromatic technology during the race without you even noticing. A self regulating lens that delivers the comfort and vision needed to maximise your sighting and assist your swim. \u2022\u00a0 Minimises bright sunlight, increasing visibility &amp; sighting \u2022\u00a0 Reduces glare, [&hellip;]<\/p>\n","protected":false},"featured_media":2844,"comment_status":"open","ping_status":"closed","template":"","meta":[],"product_brand":[],"product_cat":[61,522],"product_tag":[78,87,89,164,91,92,82,83,93],"class_list":{"0":"post-1155","1":"product","2":"type-product","3":"status-publish","4":"has-post-thumbnail","6":"product_cat-goggles","7":"product_cat-swim","8":"product_tag-gendermens","9":"product_tag-genderwomens","10":"product_tag-mens-swim","11":"product_tag-newtosale","12":"product_tag-swim-all","13":"product_tag-triathlon-all","14":"product_tag-triathlon-mens","15":"product_tag-triathlon-womens","16":"product_tag-womens-swim","17":"has-post-title","18":"has-post-date","19":"has-post-category","20":"has-post-tag","21":"has-post-comment","22":"has-post-author","23":"","25":"first","26":"instock","27":"taxable","28":"shipping-taxable","29":"purchasable","30":"product-type-simple"},"jetpack_sharing_enabled":true,"builder_content":"","_links":{"self":[{"href":"https:\/\/www.darwin4u.com\/fr\/wp-json\/wp\/v2\/product\/1155","targetHints":{"allow":["GET"]}}],"collection":[{"href":"https:\/\/www.darwin4u.com\/fr\/wp-json\/wp\/v2\/product"}],"about":[{"href":"https:\/\/www.darwin4u.com\/fr\/wp-json\/wp\/v2\/types\/product"}],"replies":[{"embeddable":true,"href":"https:\/\/www.darwin4u.com\/fr\/wp-json\/wp\/v2\/comments?post=1155"}],"wp:featuredmedia":[{"embeddable":true,"href":"https:\/\/www.darwin4u.com\/fr\/wp-json\/wp\/v2\/media\/2844"}],"wp:attachment":[{"href":"https:\/\/www.darwin4u.com\/fr\/wp-json\/wp\/v2\/media?parent=1155"}],"wp:term":[{"taxonomy":"product_brand","embeddable":true,"href":"https:\/\/www.darwin4u.com\/fr\/wp-json\/wp\/v2\/product_brand?post=1155"},{"taxonomy":"product_cat","embeddable":true,"href":"https:\/\/www.darwin4u.com\/fr\/wp-json\/wp\/v2\/product_cat?post=1155"},{"taxonomy":"product_tag","embeddable":true,"href":"https:\/\/www.darwin4u.com\/fr\/wp-json\/wp\/v2\/product_tag?post=1155"}],"curies":[{"name":"wp","href":"https:\/\/api.w.org\/{rel}","templated":true}]}}