{"id":13855,"date":"2026-04-05T12:13:43","date_gmt":"2026-04-05T10:13:43","guid":{"rendered":"https:\/\/www.darwin4u.com\/?post_type=product&#038;p=13855"},"modified":"2026-04-05T12:16:14","modified_gmt":"2026-04-05T10:16:14","slug":"tt-bag-grey-lime","status":"publish","type":"product","link":"https:\/\/www.darwin4u.com\/fr\/produit\/tt-bag-grey-lime\/","title":{"rendered":"Sac TT - Gris citron vert"},"content":{"rendered":"<p><strong>Une place pour chaque chose et chaque chose \u00e0 sa place avec notre sac Transition Three (TT).<\/strong><\/p>\n<p>Le sac Transition Three de HUUB a une poche pour tout, que ce soit le jour de la course ou le jour de l'entra\u00eenement, \u00e0 la piscine ou sur la piste, l'\u00e9norme capacit\u00e9 de 40 litres du sac TT peut tout g\u00e9rer.<\/p>\n<p>Il est \u00e9quip\u00e9 d'un support de casque en filet cach\u00e9, qui peut \u00eatre zipp\u00e9 lorsqu'il n'est pas utilis\u00e9, ce qui signifie que votre casque sera entre de bonnes mains, o\u00f9 que vous alliez. Avec des compartiments secs et humides, vous pouvez \u00eatre s\u00fbr que vos affaires s\u00e8ches seront toujours pr\u00eates \u00e0 partir, les affaires humides \u00e9tant stock\u00e9es en toute s\u00e9curit\u00e9 dans le compartiment \u00e9tanche au fond du sac. Les poches lat\u00e9rales extensibles sont parfaites pour les bouteilles de boisson. Il y a \u00e9galement une poche frontale zipp\u00e9e pratique pour un acc\u00e8s facile et rapide, id\u00e9ale pour vos appareils \u00e9lectroniques, vos cl\u00e9s, votre t\u00e9l\u00e9phone, etc.<\/p>\n<p>Les bretelles r\u00e9glables rembourr\u00e9es garantissent un confort optimal. La sangle de poitrine permet de r\u00e9partir le poids lors des d\u00e9placements \u00e0 v\u00e9lo, de la course \u00e0 pied ou tout simplement lors des trajets quotidiens.<\/p>\n<p>Le sac \u00e0 dos id\u00e9al pour les courses, les voyages, l'entra\u00eenement ou les d\u00e9placements quotidiens.<\/p>\n<ul>\n<li>Un \u00e9norme volume de 40 litres pour ranger tout votre mat\u00e9riel de triathlon.<\/li>\n<li>Support de casque zipp\u00e9.<\/li>\n<li>Poign\u00e9e de transport pratique sur le dessus.<\/li>\n<li>Rangement \u00e9tanche pour votre combinaison, votre serviette ou votre maillot de bain.<\/li>\n<li>Compartiments de rangement pour les chaussures et les casques.<\/li>\n<li>Plusieurs poches pour ranger les outils, les cartes et d'autres \u00e9l\u00e9ments essentiels.<\/li>\n<li>Bretelles r\u00e9glables rembourr\u00e9es pour un meilleur confort d'utilisation.<\/li>\n<li>Grande entr\u00e9e pour faciliter l'emplacement du kit.<\/li>\n<li>Garniture r\u00e9fl\u00e9chissante pour la conduite de nuit\/matin.<\/li>\n<li>Pochette int\u00e9rieure en filet pour les ordinateurs portables.<\/li>\n<li>Poche arri\u00e8re en filet.<\/li>\n<li>Plusieurs poches int\u00e9rieures.<\/li>\n<\/ul>\n<p>Les dimensions du sac \u00e0 dos sont d'environ 60 cm de haut x 34 cm de large x 20 cm de profondeur.<\/p>","protected":false},"excerpt":{"rendered":"<p>A place for everything and everything in its place with our Transition Three (TT) Bag. The premium Transition Three Bag from HUUB has a pocket for everything, whether its race day or a training day, at the pool or the track, the huge 40 litre capacity of the TT bag can handle it. It comes [&hellip;]<\/p>\n","protected":false},"featured_media":13856,"comment_status":"open","ping_status":"closed","template":"","meta":[],"product_brand":[],"product_cat":[683,654,714],"product_tag":[147,85,78,87,129,89,90,91,92,82,83,93],"class_list":{"0":"post-13855","1":"product","2":"type-product","3":"status-publish","4":"has-post-thumbnail","6":"product_cat-accessories-swim","7":"product_cat-bags","8":"product_cat-casual-womens","9":"product_tag-aeroaccessories","10":"product_tag-bags","11":"product_tag-gendermens","12":"product_tag-genderwomens","13":"product_tag-lifestyle-womens","14":"product_tag-mens-swim","15":"product_tag-swim","16":"product_tag-swim-all","17":"product_tag-triathlon-all","18":"product_tag-triathlon-mens","19":"product_tag-triathlon-womens","20":"product_tag-womens-swim","21":"has-post-title","22":"has-post-date","23":"has-post-category","24":"has-post-tag","25":"has-post-comment","26":"has-post-author","27":"","29":"first","30":"instock","31":"taxable","32":"shipping-taxable","33":"purchasable","34":"product-type-simple"},"jetpack_sharing_enabled":true,"builder_content":"","_links":{"self":[{"href":"https:\/\/www.darwin4u.com\/fr\/wp-json\/wp\/v2\/product\/13855","targetHints":{"allow":["GET"]}}],"collection":[{"href":"https:\/\/www.darwin4u.com\/fr\/wp-json\/wp\/v2\/product"}],"about":[{"href":"https:\/\/www.darwin4u.com\/fr\/wp-json\/wp\/v2\/types\/product"}],"replies":[{"embeddable":true,"href":"https:\/\/www.darwin4u.com\/fr\/wp-json\/wp\/v2\/comments?post=13855"}],"wp:featuredmedia":[{"embeddable":true,"href":"https:\/\/www.darwin4u.com\/fr\/wp-json\/wp\/v2\/media\/13856"}],"wp:attachment":[{"href":"https:\/\/www.darwin4u.com\/fr\/wp-json\/wp\/v2\/media?parent=13855"}],"wp:term":[{"taxonomy":"product_brand","embeddable":true,"href":"https:\/\/www.darwin4u.com\/fr\/wp-json\/wp\/v2\/product_brand?post=13855"},{"taxonomy":"product_cat","embeddable":true,"href":"https:\/\/www.darwin4u.com\/fr\/wp-json\/wp\/v2\/product_cat?post=13855"},{"taxonomy":"product_tag","embeddable":true,"href":"https:\/\/www.darwin4u.com\/fr\/wp-json\/wp\/v2\/product_tag?post=13855"}],"curies":[{"name":"wp","href":"https:\/\/api.w.org\/{rel}","templated":true}]}}