{"id":13857,"date":"2026-04-05T12:18:18","date_gmt":"2026-04-05T10:18:18","guid":{"rendered":"https:\/\/www.darwin4u.com\/?post_type=product&#038;p=13857"},"modified":"2026-04-05T13:53:15","modified_gmt":"2026-04-05T11:53:15","slug":"her-spirit-trisuit-navy-band-2026-womens","status":"publish","type":"product","link":"https:\/\/www.darwin4u.com\/fr\/produit\/her-spirit-trisuit-navy-band-2026-womens\/","title":{"rendered":"Her Spirit Trisuit Navy\/Band 2026 - Femmes"},"content":{"rendered":"<p>En tant que communaut\u00e9, Her Spirit s'est donn\u00e9 pour mission de soutenir les femmes de toutes capacit\u00e9s pour qu'elles soient plus en forme, plus fortes et plus saines de corps et d'esprit.<\/p>\n<p>Chez HUUB et Her Spirit, nous ne pouvons qu'\u00eatre fiers de notre nouvelle gamme, d\u00e9velopp\u00e9e avec les meilleurs intrants, usines et designers pour vous assurer confort et confiance, que vous vous entra\u00eeniez ou que vous participiez \u00e0 des comp\u00e9titions.<\/p>\n<p>La combinaison de triathlon Her Spirit offre un bon rapport qualit\u00e9-prix tout en r\u00e9pondant aux besoins d'une triathl\u00e8te d\u00e9butante.<\/p>\n<ul>\n<li>Protection UV des \u00e9paules et des bras.<\/li>\n<li>Manches longues pour une performance a\u00e9rodynamique et un confort de course.<\/li>\n<li>Tissus l\u00e9gers \u00e0 s\u00e9chage rapide.<\/li>\n<li>Coussin tri-sp\u00e9cifique en 3D.<\/li>\n<li>Panneau central arri\u00e8re en maille.<\/li>\n<li>Poches arri\u00e8re.<\/li>\n<li>Les griffes de jambe sont souples et \u00e0 faible tension.<\/li>\n<\/ul>\n<p>&nbsp;<\/p>\n<h4><\/h4>","protected":false},"excerpt":{"rendered":"<p>As a community, Her Spirit are on a mission to support women of all abilities to get fitter, stronger\u00a0and healthier\u00a0in body and mind. At HUUB and\u00a0Her\u00a0Spirit, we\u00a0couldn&#8217;t be prouder of our new range,\u00a0developed with the best input, factories and designers to ensure you feel comfortable and confident whether you are training or competing. The Her [&hellip;]<\/p>\n","protected":false},"featured_media":13864,"comment_status":"open","ping_status":"closed","template":"","meta":[],"product_brand":[],"product_cat":[1112,665,1107,1097,659],"product_tag":[594,87,92,83,175],"class_list":{"0":"post-13857","1":"product","2":"type-product","3":"status-publish","4":"has-post-thumbnail","6":"product_cat-1112","7":"product_cat-racewear","8":"product_cat-trisuit","9":"product_cat-trisuit_womens","10":"product_cat-womens","11":"product_tag-collectionher-spirit","12":"product_tag-genderwomens","13":"product_tag-triathlon-all","14":"product_tag-triathlon-womens","15":"product_tag-womens-tri-suits","16":"has-post-title","17":"has-post-date","18":"has-post-category","19":"has-post-tag","20":"has-post-comment","21":"has-post-author","22":"","24":"first","25":"instock","26":"taxable","27":"shipping-taxable","28":"purchasable","29":"product-type-variable"},"jetpack_sharing_enabled":true,"builder_content":"","_links":{"self":[{"href":"https:\/\/www.darwin4u.com\/fr\/wp-json\/wp\/v2\/product\/13857","targetHints":{"allow":["GET"]}}],"collection":[{"href":"https:\/\/www.darwin4u.com\/fr\/wp-json\/wp\/v2\/product"}],"about":[{"href":"https:\/\/www.darwin4u.com\/fr\/wp-json\/wp\/v2\/types\/product"}],"replies":[{"embeddable":true,"href":"https:\/\/www.darwin4u.com\/fr\/wp-json\/wp\/v2\/comments?post=13857"}],"wp:featuredmedia":[{"embeddable":true,"href":"https:\/\/www.darwin4u.com\/fr\/wp-json\/wp\/v2\/media\/13864"}],"wp:attachment":[{"href":"https:\/\/www.darwin4u.com\/fr\/wp-json\/wp\/v2\/media?parent=13857"}],"wp:term":[{"taxonomy":"product_brand","embeddable":true,"href":"https:\/\/www.darwin4u.com\/fr\/wp-json\/wp\/v2\/product_brand?post=13857"},{"taxonomy":"product_cat","embeddable":true,"href":"https:\/\/www.darwin4u.com\/fr\/wp-json\/wp\/v2\/product_cat?post=13857"},{"taxonomy":"product_tag","embeddable":true,"href":"https:\/\/www.darwin4u.com\/fr\/wp-json\/wp\/v2\/product_tag?post=13857"}],"curies":[{"name":"wp","href":"https:\/\/api.w.org\/{rel}","templated":true}]}}