{"id":13875,"date":"2026-04-05T12:35:15","date_gmt":"2026-04-05T10:35:15","guid":{"rendered":"https:\/\/www.darwin4u.com\/?post_type=product&#038;p=13875"},"modified":"2026-04-05T13:55:18","modified_gmt":"2026-04-05T11:55:18","slug":"huub-changing-robe-cobalt","status":"publish","type":"product","link":"https:\/\/www.darwin4u.com\/fr\/produit\/huub-changing-robe-cobalt\/","title":{"rendered":"Peignoir \u00e0 langer HUUB - Cobalt"},"content":{"rendered":"<p data-mce-fragment=\"1\"><strong>Se r\u00e9chauffer et s\u00e9cher rapidement.<\/strong><\/p>\n<p>Nous avons enfin cr\u00e9\u00e9 et sommes ravis de vous pr\u00e9senter notre premier peignoir changeant\/r\u00e9chauffant,<br \/>\nCon\u00e7u pour tous les sports o\u00f9 la chaleur et la protection imm\u00e9diates sont essentielles avant et surtout apr\u00e8s l'effort.<\/p>\n<p>Les recherches et les commentaires des athl\u00e8tes nous ont aid\u00e9s \u00e0 cr\u00e9er un peignoir qui prot\u00e8ge contre les \u00e9l\u00e9ments tout en offrant une intimit\u00e9 pour se changer et une chaleur incroyable. C'est l'\u00e9quipement indispensable, quel que soit l'endroit o\u00f9 vous nagez, faites du v\u00e9lo ou courez.<\/p>\n<p><span data-mce-fragment=\"1\">Le peignoir \u00e0 langer HUUB est parfait pour se s\u00e9cher et se changer apr\u00e8s le sport. Ce peignoir doubl\u00e9 d'une serviette est id\u00e9al pour les jours les plus froids, vous prot\u00e9geant des intemp\u00e9ries et vous gardant bien au chaud. Il vous prot\u00e8ge des intemp\u00e9ries et vous garde bien au chaud. Il est parfait pour vous garder au chaud avant les s\u00e9ances d'entra\u00eenement ou les \u00e9v\u00e9nements matinaux. Il y a suffisamment d'espace pour rentrer les bras et se changer, confortablement et discr\u00e8tement.<\/span><\/p>\n<div class=\"\">\n<ul>\n<li>Protection de tous les \u00e9l\u00e9ments<\/li>\n<li>Tissu r\u00e9sistant \u00e0 l'usure et aux d\u00e9chirures<\/li>\n<li>Coutures \u00e9tanches<\/li>\n<li>Se changer discr\u00e8tement tout en restant au chaud<\/li>\n<li>Serviette int\u00e9rieure ultra-absorbante et dispersant l'humidit\u00e9<\/li>\n<li>Tissu ext\u00e9rieur coupe-vent et imperm\u00e9able<\/li>\n<li>Poignets r\u00e9glables par bandes auto-agrippantes<\/li>\n<li>Grande hotte doubl\u00e9e de serviettes pour r\u00e9duire les pertes de chaleur<\/li>\n<li>Doublure de serviette luxueuse et douce au toucher<\/li>\n<li>Fermeture \u00e0 glissi\u00e8re rapide \u00e0 2 voies, pouvant \u00eatre zipp\u00e9e de l'int\u00e9rieur et de l'ext\u00e9rieur<\/li>\n<li>Poche interne zipp\u00e9e avec port pour casque d'\u00e9coute<\/li>\n<li>Grandes poches ext\u00e9rieures doubl\u00e9es en polaire<\/li>\n<\/ul>\n<\/div>\n<div class=\"\"><\/div>","protected":false},"excerpt":{"rendered":"<p>Get Warm &amp; Dry Fast. We have finally created and are excited to deliver, our first changing\/warmth robe, designed for all sports where immediate warmth and protection is critical before and more importantly,\u00a0after exercise. Research and feedback from athletes, has helped us create a robe that protects against the elements whilst delivering changing privacy and [&hellip;]<\/p>\n","protected":false},"featured_media":13879,"comment_status":"open","ping_status":"closed","template":"","meta":[],"product_brand":[],"product_cat":[1112,683,1110,650],"product_tag":[204,89,91,92,82,83,93],"class_list":{"0":"post-13875","1":"product","2":"type-product","3":"status-publish","4":"has-post-thumbnail","6":"product_cat-1112","7":"product_cat-accessories-swim","8":"product_cat-changing-robe","9":"product_cat-open-water","10":"product_tag-changing-robe","11":"product_tag-mens-swim","12":"product_tag-swim-all","13":"product_tag-triathlon-all","14":"product_tag-triathlon-mens","15":"product_tag-triathlon-womens","16":"product_tag-womens-swim","17":"has-post-title","18":"has-post-date","19":"has-post-category","20":"has-post-tag","21":"has-post-comment","22":"has-post-author","23":"","25":"first","26":"instock","27":"taxable","28":"shipping-taxable","29":"purchasable","30":"product-type-variable"},"jetpack_sharing_enabled":true,"builder_content":"","_links":{"self":[{"href":"https:\/\/www.darwin4u.com\/fr\/wp-json\/wp\/v2\/product\/13875","targetHints":{"allow":["GET"]}}],"collection":[{"href":"https:\/\/www.darwin4u.com\/fr\/wp-json\/wp\/v2\/product"}],"about":[{"href":"https:\/\/www.darwin4u.com\/fr\/wp-json\/wp\/v2\/types\/product"}],"replies":[{"embeddable":true,"href":"https:\/\/www.darwin4u.com\/fr\/wp-json\/wp\/v2\/comments?post=13875"}],"wp:featuredmedia":[{"embeddable":true,"href":"https:\/\/www.darwin4u.com\/fr\/wp-json\/wp\/v2\/media\/13879"}],"wp:attachment":[{"href":"https:\/\/www.darwin4u.com\/fr\/wp-json\/wp\/v2\/media?parent=13875"}],"wp:term":[{"taxonomy":"product_brand","embeddable":true,"href":"https:\/\/www.darwin4u.com\/fr\/wp-json\/wp\/v2\/product_brand?post=13875"},{"taxonomy":"product_cat","embeddable":true,"href":"https:\/\/www.darwin4u.com\/fr\/wp-json\/wp\/v2\/product_cat?post=13875"},{"taxonomy":"product_tag","embeddable":true,"href":"https:\/\/www.darwin4u.com\/fr\/wp-json\/wp\/v2\/product_tag?post=13875"}],"curies":[{"name":"wp","href":"https:\/\/api.w.org\/{rel}","templated":true}]}}