{"id":437,"date":"2024-09-05T16:38:05","date_gmt":"2024-09-05T14:38:05","guid":{"rendered":"https:\/\/www.darwin4u.com\/produit\/4882-thermal-bib-tights-mens\/"},"modified":"2026-04-05T11:26:44","modified_gmt":"2026-04-05T09:26:44","slug":"4882-thermal-bib-tights-mens","status":"publish","type":"product","link":"https:\/\/www.darwin4u.com\/fr\/produit\/4882-thermal-bib-tights-mens\/","title":{"rendered":"4882 Collant \u00e0 bavette thermique - Hommes"},"content":{"rendered":"<p><strong>Numbers. <\/strong><\/p>\n<p>Numbers show improvement, show reductions, and of course, show speed.<\/p>\n<p>Marginal, significant, or static, they tell us stories of the journey of drag, velocity, friction, and reduction.<\/p>\n<p>Notre nouvelle collection 4882 ram\u00e8ne les chiffres \u00e0 une forme simple. Ils ont \u00e9t\u00e9 vus pour la premi\u00e8re fois lors de l'incroyable d\u00e9fi Sub7 Sub8, mais la grande question \u00e9tait de savoir ce qu'ils signifiaient.<\/p>\n<p>For those who haven\u2019t heard, 4882 is the combination you need to press on a phone dial pad to spell HUUB. As always, the answer is pretty simple.\u00a0<\/p>\n<p>This new 4882 collection combines everything we have become known for in our cycling wear; comfort, fit and breathability.<\/p>\n<p>Enjoy our new collection, knowing &#8211; you know.<\/p>\n<p>Incorporating the highest quality sweat-wicking, aerodynamic fabrics and styled to meet training and racing demands.\u00a04882 is a performance range fitted for all cyclists offering comfort without compromising on speed, function or design.<\/p>\n<p><strong>Thermal\u00a0Bib Tights<\/strong><\/p>\n<p><span>Nos dossards thermiques sont dot\u00e9s des meilleurs tissus thermiques, ce qui leur permet d'\u00eatre plus extensibles, d'\u00e9pouser la forme du corps et d'offrir une sensation de sur-mesure, tout en emp\u00eachant le froid et le vent de s'infiltrer.<\/span><\/p>\n<ul>\n<li><span>Inserts en maille pour la respirabilit\u00e9 et le confort<\/span><\/li>\n<li><span>Peau de chamois exclusive de HUUB avec gestion de l'humidit\u00e9 en 3D, avec des lignes douces et une mousse de haute densit\u00e9<\/span><\/li>\n<li><span>C\u00f4tes d'\u00e9paules l\u00e9g\u00e8res, respirantes et extensibles dans les deux sens<\/span><\/li>\n<li><span>Elastique d'ourlet large et pince<\/span><\/li>\n<li><span>Coupe anatomique \u00e0 6 panneaux de HUUB<\/span><\/li>\n<li><span>Bandes r\u00e9fl\u00e9chissantes \u00e0 la cheville<\/span><\/li>\n<\/ul>\n<p><strong>Coupe anatomique \u00e0 6 panneaux de HUUB :<\/strong><\/p>\n<p><span>La coupe anatomique \u00e0 6 panneaux de HUUB offre un meilleur ajustement, moins de pression et plus de confort. Les petites pi\u00e8ces de tissu facilitent la recherche d'un ajustement pr\u00e9cis.<\/span><\/p>\n<ul><\/ul>\n<p><a href=\"https:\/\/huubdesign.com\/pages\/refund-policy\">Informations sur la garantie<\/a><\/p>","protected":false},"excerpt":{"rendered":"<p>Numbers. Numbers show improvement, show reductions, and of course, show speed. Marginal, significant, or static, they tell us stories of the journey of drag, velocity, friction, and reduction. Our new 4882 collection takes the numbers back to a simple form. First seen during the incredible Sub7 Sub8 challenge, but the big question was, what do [&hellip;]<\/p>\n","protected":false},"featured_media":2417,"comment_status":"open","ping_status":"closed","template":"","meta":[],"product_brand":[],"product_cat":[15],"product_tag":[135,74,75,78,121],"class_list":{"0":"post-437","1":"product","2":"type-product","3":"status-publish","4":"has-post-thumbnail","6":"product_cat-non-classe","7":"product_tag-categorythermal-tights","8":"product_tag-cycle-all","9":"product_tag-cycle-mens","10":"product_tag-gendermens","11":"product_tag-mens-cycle-clothing","12":"has-post-title","13":"has-post-date","14":"has-post-category","15":"has-post-tag","16":"has-post-comment","17":"has-post-author","18":"","20":"first","21":"instock","22":"taxable","23":"shipping-taxable","24":"purchasable","25":"product-type-variable"},"jetpack_sharing_enabled":true,"builder_content":"","_links":{"self":[{"href":"https:\/\/www.darwin4u.com\/fr\/wp-json\/wp\/v2\/product\/437","targetHints":{"allow":["GET"]}}],"collection":[{"href":"https:\/\/www.darwin4u.com\/fr\/wp-json\/wp\/v2\/product"}],"about":[{"href":"https:\/\/www.darwin4u.com\/fr\/wp-json\/wp\/v2\/types\/product"}],"replies":[{"embeddable":true,"href":"https:\/\/www.darwin4u.com\/fr\/wp-json\/wp\/v2\/comments?post=437"}],"wp:featuredmedia":[{"embeddable":true,"href":"https:\/\/www.darwin4u.com\/fr\/wp-json\/wp\/v2\/media\/2417"}],"wp:attachment":[{"href":"https:\/\/www.darwin4u.com\/fr\/wp-json\/wp\/v2\/media?parent=437"}],"wp:term":[{"taxonomy":"product_brand","embeddable":true,"href":"https:\/\/www.darwin4u.com\/fr\/wp-json\/wp\/v2\/product_brand?post=437"},{"taxonomy":"product_cat","embeddable":true,"href":"https:\/\/www.darwin4u.com\/fr\/wp-json\/wp\/v2\/product_cat?post=437"},{"taxonomy":"product_tag","embeddable":true,"href":"https:\/\/www.darwin4u.com\/fr\/wp-json\/wp\/v2\/product_tag?post=437"}],"curies":[{"name":"wp","href":"https:\/\/api.w.org\/{rel}","templated":true}]}}