{"id":6079,"date":"2024-09-05T17:15:48","date_gmt":"2024-09-05T15:15:48","guid":{"rendered":"https:\/\/www.darwin4u.com\/produit\/eternal-long-sleeve-jersey-womens\/"},"modified":"2026-04-05T11:25:27","modified_gmt":"2026-04-05T09:25:27","slug":"eternal-long-sleeve-jersey-womens","status":"publish","type":"product","link":"https:\/\/www.darwin4u.com\/fr\/produit\/eternal-long-sleeve-jersey-womens\/","title":{"rendered":"Eternal Long Sleeve Jersey - Femmes"},"content":{"rendered":"<p><strong><\/strong><strong>\u00c9ternel<\/strong><\/p>\n<p>La recherche \u00e9ternelle de performance et de confort a inspir\u00e9 cette collection, r\u00e9sultant en une gamme avec des normes \u00e9lev\u00e9es et une attention particuli\u00e8re aux d\u00e9tails, offrant un avantage a\u00e9rodynamique sur une large gamme de vitesses de cyclisme \u00e0 un prix exceptionnel.<\/p>\n<p><span>Comme pour tous nos v\u00eatements de cyclisme, nous n'utilisons que les tissus les plus r\u00e9cents, de haute qualit\u00e9, avec gestion de l'humidit\u00e9, construits avec toute la r\u00e9sistance et les caract\u00e9ristiques que vous attendez de HUUB.\u00a0<\/span><\/p>\n<p data-mce-fragment=\"1\">Incorporating the highest quality sweat-wicking, aerodynamic fabrics and styled to meet training and racing demands. Eternal\u00a0is a performance range fitted for all cyclists offering comfort without compromising on speed, function or design.<\/p>\n<p data-mce-fragment=\"1\"><b data-mce-fragment=\"1\">Long Sleeve Thermal Jersey<\/b><\/p>\n<p data-mce-fragment=\"1\">Our Long Sleeve Thermal Jersey features highly elasticated four-way stretch thermal materials to keep the jersey fitting close and looking stylish, all while keeping you warm and comfortable on your ride. Using our Arms Neutral\u2122 set sleeves means the jersey is contoured for your riding position, improving the fit and increasing comfort during your ride.\u00a0<\/p>\n<p data-mce-fragment=\"1\"><b data-mce-fragment=\"1\">Caract\u00e9ristiques<\/b><br data-mce-fragment=\"1\"><\/p>\n<ul data-mce-fragment=\"1\">\n<li data-mce-fragment=\"1\">Fermeture \u00e0 glissi\u00e8re HUUB Cam Lock sur toute la longueur.<br data-mce-fragment=\"1\">\n<\/li>\n<li data-mce-fragment=\"1\">Trois poches passepoil\u00e9es r\u00e9fl\u00e9chissantes.\u00a0<br data-mce-fragment=\"1\">\n<\/li>\n<li data-mce-fragment=\"1\">Poche zipp\u00e9e lat\u00e9rale gauche r\u00e9fl\u00e9chissante de type UK.\u00a0<br data-mce-fragment=\"1\">\n<\/li>\n<li data-mce-fragment=\"1\">Bras Neutral\u2122 set sleeves.<br data-mce-fragment=\"1\">\n<\/li>\n<li data-mce-fragment=\"1\">La pince en silicone HUUB au niveau de la taille maintient le maillot en place.<\/li>\n<\/ul>\n<ul><\/ul>\n<h4><\/h4>","protected":false},"excerpt":{"rendered":"<p>Eternal The Eternal search for performance and comfort inspired this collection, resulting in a range with high standards and close attention to detail, offering an aero benefit across a wide range of cycling speeds at outstanding value. As with all our cycling wear, we only use the latest, high quality, moisture management fabrics, built with [&hellip;]<\/p>\n","protected":false},"featured_media":12729,"comment_status":"open","ping_status":"closed","template":"","meta":[],"product_brand":[],"product_cat":[15],"product_tag":[136,171,87,164,173],"class_list":{"0":"post-6079","1":"product","2":"type-product","3":"status-publish","4":"has-post-thumbnail","6":"product_cat-non-classe","7":"product_tag-categorythermal-jersey","8":"product_tag-collectioneternal","9":"product_tag-genderwomens","10":"product_tag-newtosale","11":"product_tag-womens-cycling-clothing","12":"has-post-title","13":"has-post-date","14":"has-post-category","15":"has-post-tag","16":"has-post-comment","17":"has-post-author","18":"","20":"first","21":"instock","22":"taxable","23":"shipping-taxable","24":"purchasable","25":"product-type-variable"},"jetpack_sharing_enabled":true,"builder_content":"","_links":{"self":[{"href":"https:\/\/www.darwin4u.com\/fr\/wp-json\/wp\/v2\/product\/6079","targetHints":{"allow":["GET"]}}],"collection":[{"href":"https:\/\/www.darwin4u.com\/fr\/wp-json\/wp\/v2\/product"}],"about":[{"href":"https:\/\/www.darwin4u.com\/fr\/wp-json\/wp\/v2\/types\/product"}],"replies":[{"embeddable":true,"href":"https:\/\/www.darwin4u.com\/fr\/wp-json\/wp\/v2\/comments?post=6079"}],"wp:featuredmedia":[{"embeddable":true,"href":"https:\/\/www.darwin4u.com\/fr\/wp-json\/wp\/v2\/media\/12729"}],"wp:attachment":[{"href":"https:\/\/www.darwin4u.com\/fr\/wp-json\/wp\/v2\/media?parent=6079"}],"wp:term":[{"taxonomy":"product_brand","embeddable":true,"href":"https:\/\/www.darwin4u.com\/fr\/wp-json\/wp\/v2\/product_brand?post=6079"},{"taxonomy":"product_cat","embeddable":true,"href":"https:\/\/www.darwin4u.com\/fr\/wp-json\/wp\/v2\/product_cat?post=6079"},{"taxonomy":"product_tag","embeddable":true,"href":"https:\/\/www.darwin4u.com\/fr\/wp-json\/wp\/v2\/product_tag?post=6079"}],"curies":[{"name":"wp","href":"https:\/\/api.w.org\/{rel}","templated":true}]}}