{"id":6085,"date":"2024-09-05T17:15:50","date_gmt":"2024-09-05T15:15:50","guid":{"rendered":"https:\/\/www.darwin4u.com\/produit\/eternal-short-sleeve-jersey-womens\/"},"modified":"2026-04-05T11:22:44","modified_gmt":"2026-04-05T09:22:44","slug":"eternal-short-sleeve-jersey-womens","status":"publish","type":"product","link":"https:\/\/www.darwin4u.com\/fr\/produit\/eternal-short-sleeve-jersey-womens\/","title":{"rendered":"Maillot \u00e0 manches courtes Eternal - Femmes"},"content":{"rendered":"<p><strong><\/strong><strong>\u00c9ternel<\/strong><\/p>\n<p>La recherche \u00e9ternelle de performance et de confort a inspir\u00e9 cette collection, r\u00e9sultant en une gamme avec des normes \u00e9lev\u00e9es et une attention particuli\u00e8re aux d\u00e9tails, offrant un avantage a\u00e9rodynamique sur une large gamme de vitesses de cyclisme \u00e0 un prix exceptionnel.<\/p>\n<p><span>Comme pour tous nos v\u00eatements de cyclisme, nous n'utilisons que les tissus les plus r\u00e9cents, de haute qualit\u00e9, avec gestion de l'humidit\u00e9, construits avec toute la r\u00e9sistance et les caract\u00e9ristiques que vous attendez de HUUB.\u00a0<\/span><\/p>\n<p>Incorporating the highest quality sweat-wicking, aerodynamic fabrics and styled to meet training and racing demands. Eternal\u00a0is a performance range fitted for all cyclists offering comfort without compromising on speed, function or design.<\/p>\n<h4>\n<b><\/b><b>Maillot \u00e0 manches courtes<\/b><br \/>\n<\/h4>\n<p>Notre maillot de performance ajust\u00e9 est con\u00e7u pour toutes les formes et tailles. Les tissus extensibles dans les quatre sens \u00e9pousent les contours de votre corps, ce qui permet au maillot d'\u00eatre a\u00e9rodynamique et confortable, m\u00eame lors des plus longues sorties d'entra\u00eenement. Notre maillot r\u00e9pond \u00e0 tous vos besoins pour chaque sortie gr\u00e2ce \u00e0 ses caract\u00e9ristiques respirantes et \u00e0 ses tissus l\u00e9gers qui \u00e9vacuent la transpiration.<\/p>\n<p><b>Caract\u00e9ristiques<\/b><\/p>\n<ul>\n<li>Fermeture \u00e0 glissi\u00e8re HUUB Cam Lock sur toute la longueur.\n<\/li>\n<li>Panneaux en maille l\u00e9g\u00e8re et respirante sous les bras.\n<\/li>\n<li>Trois poches passepoil\u00e9es r\u00e9fl\u00e9chissantes.\n<\/li>\n<li>Manches coll\u00e9es pour un meilleur confort.\n<\/li>\n<li>Bras Neutral\u2122 set sleeves.\n<\/li>\n<li>Tissus extensibles dans les quatre sens pour s'adapter \u00e0 tous les types de corps.\n<\/li>\n<li>Poche zipp\u00e9e lat\u00e9rale gauche r\u00e9fl\u00e9chissante de type UK.\n<\/li>\n<li>La pince en silicone HUUB au niveau de la taille maintient le maillot en place.<\/li>\n<\/ul>\n<ul><\/ul>\n<h4><\/h4>","protected":false},"excerpt":{"rendered":"<p>Eternal The Eternal search for performance and comfort inspired this collection, resulting in a range with high standards and close attention to detail, offering an aero benefit across a wide range of cycling speeds at outstanding value. As with all our cycling wear, we only use the latest, high quality, moisture management fabrics, built with [&hellip;]<\/p>\n","protected":false},"featured_media":12732,"comment_status":"open","ping_status":"closed","template":"","meta":[],"product_brand":[],"product_cat":[15],"product_tag":[119,171,87,164,173],"class_list":{"0":"post-6085","1":"product","2":"type-product","3":"status-publish","4":"has-post-thumbnail","6":"product_cat-non-classe","7":"product_tag-categoryshort-sleeve-jersey","8":"product_tag-collectioneternal","9":"product_tag-genderwomens","10":"product_tag-newtosale","11":"product_tag-womens-cycling-clothing","12":"has-post-title","13":"has-post-date","14":"has-post-category","15":"has-post-tag","16":"has-post-comment","17":"has-post-author","18":"","20":"first","21":"instock","22":"taxable","23":"shipping-taxable","24":"purchasable","25":"product-type-variable"},"jetpack_sharing_enabled":true,"builder_content":"","_links":{"self":[{"href":"https:\/\/www.darwin4u.com\/fr\/wp-json\/wp\/v2\/product\/6085","targetHints":{"allow":["GET"]}}],"collection":[{"href":"https:\/\/www.darwin4u.com\/fr\/wp-json\/wp\/v2\/product"}],"about":[{"href":"https:\/\/www.darwin4u.com\/fr\/wp-json\/wp\/v2\/types\/product"}],"replies":[{"embeddable":true,"href":"https:\/\/www.darwin4u.com\/fr\/wp-json\/wp\/v2\/comments?post=6085"}],"wp:featuredmedia":[{"embeddable":true,"href":"https:\/\/www.darwin4u.com\/fr\/wp-json\/wp\/v2\/media\/12732"}],"wp:attachment":[{"href":"https:\/\/www.darwin4u.com\/fr\/wp-json\/wp\/v2\/media?parent=6085"}],"wp:term":[{"taxonomy":"product_brand","embeddable":true,"href":"https:\/\/www.darwin4u.com\/fr\/wp-json\/wp\/v2\/product_brand?post=6085"},{"taxonomy":"product_cat","embeddable":true,"href":"https:\/\/www.darwin4u.com\/fr\/wp-json\/wp\/v2\/product_cat?post=6085"},{"taxonomy":"product_tag","embeddable":true,"href":"https:\/\/www.darwin4u.com\/fr\/wp-json\/wp\/v2\/product_tag?post=6085"}],"curies":[{"name":"wp","href":"https:\/\/api.w.org\/{rel}","templated":true}]}}