{"id":6091,"date":"2024-09-05T16:15:51","date_gmt":"2024-09-05T15:15:51","guid":{"rendered":"https:\/\/www.darwin4u.com\/produit\/eternal-peaks-thermal-bib-tights-mens\/"},"modified":"2026-04-05T11:26:20","modified_gmt":"2026-04-05T09:26:20","slug":"eternal-peaks-thermal-bib-tights-mens","status":"publish","type":"product","link":"https:\/\/www.darwin4u.com\/fr\/produit\/eternal-peaks-thermal-bib-tights-mens\/","title":{"rendered":"Collant \u00e0 bretelles thermique Eternal Peaks - Hommes"},"content":{"rendered":"<p><strong><\/strong><strong>\u00c9ternel<\/strong><\/p>\n<p>La recherche \u00e9ternelle de performance et de confort a inspir\u00e9 cette collection, r\u00e9sultant en une gamme avec des normes \u00e9lev\u00e9es et une attention particuli\u00e8re aux d\u00e9tails, offrant un avantage a\u00e9rodynamique sur une large gamme de vitesses de cyclisme \u00e0 un prix exceptionnel.<\/p>\n<p><span>Comme pour tous nos v\u00eatements de cyclisme, nous n'utilisons que les tissus les plus r\u00e9cents, de haute qualit\u00e9, avec gestion de l'humidit\u00e9, construits avec toute la r\u00e9sistance et les caract\u00e9ristiques que vous attendez de HUUB.\u00a0<\/span><\/p>\n<p><span>Nos dossards thermiques sont dot\u00e9s des meilleurs tissus thermiques, ce qui leur permet d'\u00eatre plus extensibles, d'\u00e9pouser la forme du corps et d'offrir une sensation de sur-mesure, tout en emp\u00eachant le froid et le vent de s'infiltrer. <\/span><\/p>\n<ul>\n<li><span>Inserts en maille pour la respirabilit\u00e9 et le confort<\/span><\/li>\n<li><span>Peau de chamois exclusive de HUUB avec gestion de l'humidit\u00e9 en 3D, avec des lignes douces et une mousse de haute densit\u00e9 <\/span><\/li>\n<li><span>C\u00f4tes d'\u00e9paules l\u00e9g\u00e8res, respirantes et extensibles dans les deux sens<\/span><\/li>\n<li><span>Elastique d'ourlet large et pince <\/span><\/li>\n<li><span>Coupe anatomique \u00e0 6 panneaux de HUUB<\/span><\/li>\n<li><span>Bandes r\u00e9fl\u00e9chissantes \u00e0 la cheville<\/span><\/li>\n<\/ul>\n<p><strong>Coupe anatomique \u00e0 6 panneaux de HUUB :<\/strong><\/p>\n<p><span>La coupe anatomique \u00e0 6 panneaux de HUUB offre un meilleur ajustement, moins de pression et plus de confort. Les petites pi\u00e8ces de tissu facilitent la recherche d'un ajustement pr\u00e9cis.<\/span><\/p>\n<ul><\/ul>\n<h4><\/h4>","protected":false},"excerpt":{"rendered":"<p>Eternal The Eternal search for performance and comfort inspired this collection, resulting in a range with high standards and close attention to detail, offering an aero benefit across a wide range of cycling speeds at outstanding value. As with all our cycling wear, we only use the latest, high quality, moisture management fabrics, built with [&hellip;]<\/p>\n","protected":false},"featured_media":12735,"comment_status":"open","ping_status":"closed","template":"","meta":[],"product_brand":[],"product_cat":[15],"product_tag":[135,171,74,75,78,121,164],"class_list":{"0":"post-6091","1":"product","2":"type-product","3":"status-publish","4":"has-post-thumbnail","6":"product_cat-non-classe","7":"product_tag-categorythermal-tights","8":"product_tag-collectioneternal","9":"product_tag-cycle-all","10":"product_tag-cycle-mens","11":"product_tag-gendermens","12":"product_tag-mens-cycle-clothing","13":"product_tag-newtosale","14":"has-post-title","15":"has-post-date","16":"has-post-category","17":"has-post-tag","18":"has-post-comment","19":"has-post-author","20":"","22":"first","23":"instock","24":"sale","25":"taxable","26":"shipping-taxable","27":"purchasable","28":"product-type-variable"},"jetpack_sharing_enabled":true,"builder_content":"","_links":{"self":[{"href":"https:\/\/www.darwin4u.com\/fr\/wp-json\/wp\/v2\/product\/6091","targetHints":{"allow":["GET"]}}],"collection":[{"href":"https:\/\/www.darwin4u.com\/fr\/wp-json\/wp\/v2\/product"}],"about":[{"href":"https:\/\/www.darwin4u.com\/fr\/wp-json\/wp\/v2\/types\/product"}],"replies":[{"embeddable":true,"href":"https:\/\/www.darwin4u.com\/fr\/wp-json\/wp\/v2\/comments?post=6091"}],"wp:featuredmedia":[{"embeddable":true,"href":"https:\/\/www.darwin4u.com\/fr\/wp-json\/wp\/v2\/media\/12735"}],"wp:attachment":[{"href":"https:\/\/www.darwin4u.com\/fr\/wp-json\/wp\/v2\/media?parent=6091"}],"wp:term":[{"taxonomy":"product_brand","embeddable":true,"href":"https:\/\/www.darwin4u.com\/fr\/wp-json\/wp\/v2\/product_brand?post=6091"},{"taxonomy":"product_cat","embeddable":true,"href":"https:\/\/www.darwin4u.com\/fr\/wp-json\/wp\/v2\/product_cat?post=6091"},{"taxonomy":"product_tag","embeddable":true,"href":"https:\/\/www.darwin4u.com\/fr\/wp-json\/wp\/v2\/product_tag?post=6091"}],"curies":[{"name":"wp","href":"https:\/\/api.w.org\/{rel}","templated":true}]}}