{"id":6103,"date":"2024-09-05T17:15:54","date_gmt":"2024-09-05T15:15:54","guid":{"rendered":"https:\/\/www.darwin4u.com\/produit\/eternal-long-sleeve-jersey-mens\/"},"modified":"2026-04-05T10:58:43","modified_gmt":"2026-04-05T08:58:43","slug":"eternal-long-sleeve-jersey-mens","status":"publish","type":"product","link":"https:\/\/www.darwin4u.com\/fr\/produit\/eternal-long-sleeve-jersey-mens\/","title":{"rendered":"Maillot \u00e0 manches longues Eternal - Hommes"},"content":{"rendered":"<p><strong><\/strong><strong>\u00c9ternel<\/strong><\/p>\n<p>La recherche \u00e9ternelle de performance et de confort a inspir\u00e9 cette collection, r\u00e9sultant en une gamme avec des normes \u00e9lev\u00e9es et une attention particuli\u00e8re aux d\u00e9tails, offrant un avantage a\u00e9rodynamique sur une large gamme de vitesses de cyclisme \u00e0 un prix exceptionnel.<\/p>\n<p><span>Comme pour tous nos v\u00eatements de cyclisme, nous n'utilisons que les tissus les plus r\u00e9cents, de haute qualit\u00e9, avec gestion de l'humidit\u00e9, construits avec toute la r\u00e9sistance et les caract\u00e9ristiques que vous attendez de HUUB.\u00a0<\/span><\/p>\n<p>Pulling the data from our extensive aero fabric matrix, which has been formulated over three years of wind tunnel and fabric testing, we created what we believe to be a collection that is second to none. The fabric was selected to offer an aero benefit across a wide range of cycling speeds.\u00a0<\/p>\n<p><span><strong>All day comfort<\/strong><br \/>Combining the use of Italian fabrics and elastics, paired with HUUB\u2019s patented 3D moisture managing, high density foam chamois, the Eternal\u00a0range makes no compromise in comfort or quality.<\/p>\n<p><\/span><\/p>\n<p data-mce-fragment=\"1\"><strong>\u00a0Maillot \u00e0 manches longues<\/strong><\/p>\n<div>\n<ul>\n<li>Les meilleurs tissus thermiques, bross\u00e9s, italiens et respirants.\n<\/li>\n<li>Con\u00e7ue pour permettre la circulation de l'air afin de favoriser les performances.\n<\/li>\n<li>3 poches arri\u00e8re renforc\u00e9es + 1 poche \u00e9tanche.<\/li>\n<li>Garniture arri\u00e8re r\u00e9fl\u00e9chissante.<\/li>\n<li>Fermeture \u00e0 glissi\u00e8re rapide et verrouillable, qui reste en place quand on le souhaite et s'ouvre rapidement quand on en a besoin.<\/li>\n<li>Poign\u00e9e en silicone pour la taille.<\/li>\n<li>Manchettes de protection contre les intemp\u00e9ries.<\/li>\n<li>Poche arri\u00e8re de s\u00e9curit\u00e9 imperm\u00e9able dissimul\u00e9e.<\/li>\n<\/ul>\n<\/div>\n<ul><\/ul>\n<p><strong><\/strong><span><a href=\"https:\/\/huubdesign.com\/pages\/refund-policy\">Informations sur la garantie<\/a><\/span><\/p>\n<ul><\/ul>\n<h4><\/h4>","protected":false},"excerpt":{"rendered":"<p>Eternal The Eternal search for performance and comfort inspired this collection, resulting in a range with high standards and close attention to detail, offering an aero benefit across a wide range of cycling speeds at outstanding value. As with all our cycling wear, we only use the latest, high quality, moisture management fabrics, built with [&hellip;]<\/p>\n","protected":false},"featured_media":12745,"comment_status":"open","ping_status":"closed","template":"","meta":[],"product_brand":[],"product_cat":[15],"product_tag":[136,171,74,75,78,121,164],"class_list":{"0":"post-6103","1":"product","2":"type-product","3":"status-publish","4":"has-post-thumbnail","6":"product_cat-non-classe","7":"product_tag-categorythermal-jersey","8":"product_tag-collectioneternal","9":"product_tag-cycle-all","10":"product_tag-cycle-mens","11":"product_tag-gendermens","12":"product_tag-mens-cycle-clothing","13":"product_tag-newtosale","14":"has-post-title","15":"has-post-date","16":"has-post-category","17":"has-post-tag","18":"has-post-comment","19":"has-post-author","20":"","22":"first","23":"instock","24":"taxable","25":"shipping-taxable","26":"purchasable","27":"product-type-variable"},"jetpack_sharing_enabled":true,"builder_content":"","_links":{"self":[{"href":"https:\/\/www.darwin4u.com\/fr\/wp-json\/wp\/v2\/product\/6103","targetHints":{"allow":["GET"]}}],"collection":[{"href":"https:\/\/www.darwin4u.com\/fr\/wp-json\/wp\/v2\/product"}],"about":[{"href":"https:\/\/www.darwin4u.com\/fr\/wp-json\/wp\/v2\/types\/product"}],"replies":[{"embeddable":true,"href":"https:\/\/www.darwin4u.com\/fr\/wp-json\/wp\/v2\/comments?post=6103"}],"wp:featuredmedia":[{"embeddable":true,"href":"https:\/\/www.darwin4u.com\/fr\/wp-json\/wp\/v2\/media\/12745"}],"wp:attachment":[{"href":"https:\/\/www.darwin4u.com\/fr\/wp-json\/wp\/v2\/media?parent=6103"}],"wp:term":[{"taxonomy":"product_brand","embeddable":true,"href":"https:\/\/www.darwin4u.com\/fr\/wp-json\/wp\/v2\/product_brand?post=6103"},{"taxonomy":"product_cat","embeddable":true,"href":"https:\/\/www.darwin4u.com\/fr\/wp-json\/wp\/v2\/product_cat?post=6103"},{"taxonomy":"product_tag","embeddable":true,"href":"https:\/\/www.darwin4u.com\/fr\/wp-json\/wp\/v2\/product_tag?post=6103"}],"curies":[{"name":"wp","href":"https:\/\/api.w.org\/{rel}","templated":true}]}}