{"id":6109,"date":"2026-03-25T17:43:24","date_gmt":"2026-03-25T17:43:24","guid":{"rendered":"https:\/\/www.darwin4u.com\/?post_type=product&#038;p=6109"},"modified":"2026-04-01T20:56:07","modified_gmt":"2026-04-01T18:56:07","slug":"eternal-bib-shorts-mens","status":"publish","type":"product","link":"https:\/\/www.darwin4u.com\/fr\/produit\/eternal-bib-shorts-mens\/","title":{"rendered":"Cuissard \u00e0 bretelles Eternal - Hommes"},"content":{"rendered":"<p><strong><\/strong><strong>\u00c9ternel<\/strong><\/p>\n<p>La recherche \u00e9ternelle de performance et de confort a inspir\u00e9 cette collection, r\u00e9sultant en une gamme avec des normes \u00e9lev\u00e9es et une attention particuli\u00e8re aux d\u00e9tails, offrant un avantage a\u00e9rodynamique sur une large gamme de vitesses de cyclisme \u00e0 un prix exceptionnel.<\/p>\n<p><span>Comme pour tous nos v\u00eatements de cyclisme, nous n'utilisons que les tissus les plus r\u00e9cents, de haute qualit\u00e9, avec gestion de l'humidit\u00e9, construits avec toute la r\u00e9sistance et les caract\u00e9ristiques que vous attendez de HUUB.<\/span><\/p>\n<p>Bib Shorts<\/p>\n<p>Our 6 panel anatomically cut shorts ensure a custom fit whatever your shape, with less pressure and more comfort. The combination of overlock and hidden stitches helps provide a perfect fit with a stylish look, and our elasticated broad leg cuffs keep the shorts comfortably in place. The elasticated mesh bibs give unrestricted support around the waist and hips to ensure optimal positioning of our highly revered, shock-absorbing, 3D chamois, making sure you have the most comfortable of rides even on the harshest of roads.<\/p>\n<p data-mce-fragment=\"1\">As with all our cycling performance wear, we only use the latest, high quality, moisture management fabrics.<\/p>\n<p><b data-mce-fragment=\"1\">Caract\u00e9ristiques<\/b><\/p>\n<ul>\n<li>HUUB&#8217;s exclusive 3D moisture management chamois with smooth lines and high-density foam.\n<\/li>\n<li>Broad hem elastic and gripper.\n<\/li>\n<li>HUUB&#8217;s 6 panel anatomical cut.\n<\/li>\n<li>Premium four-way stretch fabrics for optimal fit.\n<\/li>\n<li>Updated elasticated bib strap construction with mesh back.\n<\/li>\n<\/ul>\n<p>\u00a0<\/p>\n<ul><\/ul>\n<h4><\/h4>","protected":false},"excerpt":{"rendered":"<p>Eternal The Eternal search for performance and comfort inspired this collection, resulting in a range with high standards and close attention to detail, offering an aero benefit across a wide range of cycling speeds at outstanding value. As with all our cycling wear, we only use the latest, high quality, moisture management fabrics, built with [&hellip;]<\/p>\n","protected":false},"featured_media":12748,"comment_status":"open","ping_status":"closed","template":"","meta":[],"product_brand":[],"product_cat":[15],"product_tag":[123,171,74,75,78],"class_list":{"0":"post-6109","1":"product","2":"type-product","3":"status-publish","4":"has-post-thumbnail","6":"product_cat-non-classe","7":"product_tag-categoryshorts","8":"product_tag-collectioneternal","9":"product_tag-cycle-all","10":"product_tag-cycle-mens","11":"product_tag-gendermens","12":"has-post-title","13":"has-post-date","14":"has-post-category","15":"has-post-tag","16":"has-post-comment","17":"has-post-author","18":"","20":"first","21":"instock","22":"sale","23":"taxable","24":"shipping-taxable","25":"purchasable","26":"product-type-variable"},"jetpack_sharing_enabled":true,"builder_content":"","_links":{"self":[{"href":"https:\/\/www.darwin4u.com\/fr\/wp-json\/wp\/v2\/product\/6109","targetHints":{"allow":["GET"]}}],"collection":[{"href":"https:\/\/www.darwin4u.com\/fr\/wp-json\/wp\/v2\/product"}],"about":[{"href":"https:\/\/www.darwin4u.com\/fr\/wp-json\/wp\/v2\/types\/product"}],"replies":[{"embeddable":true,"href":"https:\/\/www.darwin4u.com\/fr\/wp-json\/wp\/v2\/comments?post=6109"}],"wp:featuredmedia":[{"embeddable":true,"href":"https:\/\/www.darwin4u.com\/fr\/wp-json\/wp\/v2\/media\/12748"}],"wp:attachment":[{"href":"https:\/\/www.darwin4u.com\/fr\/wp-json\/wp\/v2\/media?parent=6109"}],"wp:term":[{"taxonomy":"product_brand","embeddable":true,"href":"https:\/\/www.darwin4u.com\/fr\/wp-json\/wp\/v2\/product_brand?post=6109"},{"taxonomy":"product_cat","embeddable":true,"href":"https:\/\/www.darwin4u.com\/fr\/wp-json\/wp\/v2\/product_cat?post=6109"},{"taxonomy":"product_tag","embeddable":true,"href":"https:\/\/www.darwin4u.com\/fr\/wp-json\/wp\/v2\/product_tag?post=6109"}],"curies":[{"name":"wp","href":"https:\/\/api.w.org\/{rel}","templated":true}]}}