{"id":6121,"date":"2024-09-05T17:15:59","date_gmt":"2024-09-05T15:15:59","guid":{"rendered":"https:\/\/www.darwin4u.com\/produit\/eternal-peaks-winter-jacket-mens\/"},"modified":"2026-04-05T11:01:18","modified_gmt":"2026-04-05T09:01:18","slug":"eternal-peaks-winter-jacket-mens","status":"publish","type":"product","link":"https:\/\/www.darwin4u.com\/fr\/produit\/eternal-peaks-winter-jacket-mens\/","title":{"rendered":"Veste d'hiver Eternal Peaks - Hommes"},"content":{"rendered":"<p><strong><\/strong><strong>\u00c9ternel<\/strong><\/p>\n<p>La recherche \u00e9ternelle de performance et de confort a inspir\u00e9 cette collection, r\u00e9sultant en une gamme avec des normes \u00e9lev\u00e9es et une attention particuli\u00e8re aux d\u00e9tails, offrant un avantage a\u00e9rodynamique sur une large gamme de vitesses de cyclisme \u00e0 un prix exceptionnel.<\/p>\n<p><span>Comme pour tous nos v\u00eatements de cyclisme, nous n'utilisons que les tissus les plus r\u00e9cents, de haute qualit\u00e9, avec gestion de l'humidit\u00e9, construits avec toute la r\u00e9sistance et les caract\u00e9ristiques que vous attendez de HUUB.\u00a0<\/span><\/p>\n<h4><strong>Winter Peaks Jacket &#8211; Mens<\/strong><\/h4>\n<p>The HUUB Peaks jacket combines the freedom of a jersey with the protection\u00a0you would expect from a winter jacket designed for the coldest of days on the bike.\u00a0<\/p>\n<p>A water-resistant, fully windproof and breathable fabric\u00a0is used for all day comfort, in\u00a0the coldest of conditions.\u00a0<\/p>\n<p>Front zippers add further opportunity for ventilation control, with three rear pockets and a zipped side pocket for added storage, complete with reflective detailing,\u00a0to aid visibility on those winter rides.<\/p>\n<p><strong>Caract\u00e9ristiques<\/strong><\/p>\n<div class=\"product-features\">\n<ul>\n<li>Fully windproof\n<\/li>\n<li>Rear extended weather flap\u00a0<\/li>\n<li>Front zipped vents<\/li>\n<li>Water-Resistant highly breathable fabric\u00a0<\/li>\n<li>Close to body cut for added comfort<\/li>\n<li>Trois poches arri\u00e8re r\u00e9fl\u00e9chissantes<\/li>\n<li>Recommended temperature range: -2\u00b0 to 13\u00b0C<\/li>\n<\/ul>\n<\/div>\n<ul><\/ul>\n<div>\n<ul><\/ul>\n<\/div>\n<ul><\/ul>\n<h4><\/h4>","protected":false},"excerpt":{"rendered":"<p>Eternal The Eternal search for performance and comfort inspired this collection, resulting in a range with high standards and close attention to detail, offering an aero benefit across a wide range of cycling speeds at outstanding value. As with all our cycling wear, we only use the latest, high quality, moisture management fabrics, built with [&hellip;]<\/p>\n","protected":false},"featured_media":12754,"comment_status":"open","ping_status":"closed","template":"","meta":[],"product_brand":[],"product_cat":[15],"product_tag":[136,137,171,74,75,78,121,164],"class_list":{"0":"post-6121","1":"product","2":"type-product","3":"status-publish","4":"has-post-thumbnail","6":"product_cat-non-classe","7":"product_tag-categorythermal-jersey","8":"product_tag-categorywinter-jacket","9":"product_tag-collectioneternal","10":"product_tag-cycle-all","11":"product_tag-cycle-mens","12":"product_tag-gendermens","13":"product_tag-mens-cycle-clothing","14":"product_tag-newtosale","15":"has-post-title","16":"has-post-date","17":"has-post-category","18":"has-post-tag","19":"has-post-comment","20":"has-post-author","21":"","23":"first","24":"instock","25":"taxable","26":"shipping-taxable","27":"purchasable","28":"product-type-variable"},"jetpack_sharing_enabled":true,"builder_content":"","_links":{"self":[{"href":"https:\/\/www.darwin4u.com\/fr\/wp-json\/wp\/v2\/product\/6121","targetHints":{"allow":["GET"]}}],"collection":[{"href":"https:\/\/www.darwin4u.com\/fr\/wp-json\/wp\/v2\/product"}],"about":[{"href":"https:\/\/www.darwin4u.com\/fr\/wp-json\/wp\/v2\/types\/product"}],"replies":[{"embeddable":true,"href":"https:\/\/www.darwin4u.com\/fr\/wp-json\/wp\/v2\/comments?post=6121"}],"wp:featuredmedia":[{"embeddable":true,"href":"https:\/\/www.darwin4u.com\/fr\/wp-json\/wp\/v2\/media\/12754"}],"wp:attachment":[{"href":"https:\/\/www.darwin4u.com\/fr\/wp-json\/wp\/v2\/media?parent=6121"}],"wp:term":[{"taxonomy":"product_brand","embeddable":true,"href":"https:\/\/www.darwin4u.com\/fr\/wp-json\/wp\/v2\/product_brand?post=6121"},{"taxonomy":"product_cat","embeddable":true,"href":"https:\/\/www.darwin4u.com\/fr\/wp-json\/wp\/v2\/product_cat?post=6121"},{"taxonomy":"product_tag","embeddable":true,"href":"https:\/\/www.darwin4u.com\/fr\/wp-json\/wp\/v2\/product_tag?post=6121"}],"curies":[{"name":"wp","href":"https:\/\/api.w.org\/{rel}","templated":true}]}}