{"id":6363,"date":"2024-09-05T16:23:13","date_gmt":"2024-09-05T15:23:13","guid":{"rendered":"https:\/\/www.darwin4u.com\/produit\/strada-bib-shorts-black-mens\/"},"modified":"2026-04-05T11:09:58","modified_gmt":"2026-04-05T09:09:58","slug":"strada-bib-shorts-black-mens","status":"publish","type":"product","link":"https:\/\/www.darwin4u.com\/fr\/produit\/strada-bib-shorts-black-mens\/","title":{"rendered":"Cuissard \u00e0 bretelles Strada Noir - Hommes"},"content":{"rendered":"<p><b>STRADA &#8211; <\/b><b>ALL THAT MATTERS IS THE ROAD<\/b> <br \/>Nous aimons tous les kits de v\u00e9lo qui font exactement ce que vous demandez. Confortable, de qualit\u00e9 et d'un style simpliste, il correspond \u00e0 l'objectif que nous avons envisag\u00e9 pour la ligne Strada.<br \/> Vous pouvez compter sur Strada pour le look et la performance, c'est le kit du dimanche matin, celui que vous vous sentez \u00e0 l'aise de porter. L'accent est mis sur les tissus de la plus haute qualit\u00e9, avec la coupe Arms Neutral\u2122 et une peau de chamois qui tient ses promesses, vous laissant libre de vous concentrer sur la route.\u00a0<\/p>\n<p><b>Bib Short<\/b><\/p>\n<p>A stylish yet classic cut, these are a go-to bib short for everyday use. Optimised for comfort using the highest quality European fabrics, these bib shorts will soon become a favourite.<\/p>\n<ul>\n<li>\n<span><\/span>Made using the highest quality Italian soft feel fabrics.<\/li>\n<li>\n<span><\/span>Double anchored straps evenly distribute pressure for a for a more comfortable fit.<\/li>\n<li>\n<span><\/span>Wide silicone, comfort leg gripper.<\/li>\n<li>\n<span><\/span>Lightweight design.<\/li>\n<li>\n<span><\/span>HUUB&#8217;s exclusive 3D moisture management chamois with smooth lines and high-density foam.<\/li>\n<li>\n<span><\/span>Raised waistline &amp; back mesh panel for breathability.<\/li>\n<\/ul>","protected":false},"excerpt":{"rendered":"<p>STRADA &#8211; ALL THAT MATTERS IS THE ROAD We all love cycle kit that does exactly what you ask. Comfortable, quality and simplistic styling, it matches the goal we envisioned for the Strada line. You can count on Strada for looks and performance, it&#8217;s the go-to Sunday morning kit, the one you feel at home [&hellip;]<\/p>\n","protected":false},"featured_media":12877,"comment_status":"open","ping_status":"closed","template":"","meta":[],"product_brand":[],"product_cat":[15],"product_tag":[123,185,74,75,78,121,164],"class_list":{"0":"post-6363","1":"product","2":"type-product","3":"status-publish","4":"has-post-thumbnail","6":"product_cat-non-classe","7":"product_tag-categoryshorts","8":"product_tag-collectionstrada","9":"product_tag-cycle-all","10":"product_tag-cycle-mens","11":"product_tag-gendermens","12":"product_tag-mens-cycle-clothing","13":"product_tag-newtosale","14":"has-post-title","15":"has-post-date","16":"has-post-category","17":"has-post-tag","18":"has-post-comment","19":"has-post-author","20":"","22":"first","23":"instock","24":"taxable","25":"shipping-taxable","26":"purchasable","27":"product-type-variable"},"jetpack_sharing_enabled":true,"builder_content":"","_links":{"self":[{"href":"https:\/\/www.darwin4u.com\/fr\/wp-json\/wp\/v2\/product\/6363","targetHints":{"allow":["GET"]}}],"collection":[{"href":"https:\/\/www.darwin4u.com\/fr\/wp-json\/wp\/v2\/product"}],"about":[{"href":"https:\/\/www.darwin4u.com\/fr\/wp-json\/wp\/v2\/types\/product"}],"replies":[{"embeddable":true,"href":"https:\/\/www.darwin4u.com\/fr\/wp-json\/wp\/v2\/comments?post=6363"}],"wp:featuredmedia":[{"embeddable":true,"href":"https:\/\/www.darwin4u.com\/fr\/wp-json\/wp\/v2\/media\/12877"}],"wp:attachment":[{"href":"https:\/\/www.darwin4u.com\/fr\/wp-json\/wp\/v2\/media?parent=6363"}],"wp:term":[{"taxonomy":"product_brand","embeddable":true,"href":"https:\/\/www.darwin4u.com\/fr\/wp-json\/wp\/v2\/product_brand?post=6363"},{"taxonomy":"product_cat","embeddable":true,"href":"https:\/\/www.darwin4u.com\/fr\/wp-json\/wp\/v2\/product_cat?post=6363"},{"taxonomy":"product_tag","embeddable":true,"href":"https:\/\/www.darwin4u.com\/fr\/wp-json\/wp\/v2\/product_tag?post=6363"}],"curies":[{"name":"wp","href":"https:\/\/api.w.org\/{rel}","templated":true}]}}