{"id":6381,"date":"2024-09-05T17:23:18","date_gmt":"2024-09-05T15:23:18","guid":{"rendered":"https:\/\/www.darwin4u.com\/produit\/strada-winter-peaks-jacket-mens\/"},"modified":"2026-04-05T10:54:53","modified_gmt":"2026-04-05T08:54:53","slug":"strada-winter-peaks-jacket-mens","status":"publish","type":"product","link":"https:\/\/www.darwin4u.com\/fr\/produit\/strada-winter-peaks-jacket-mens\/","title":{"rendered":"Veste Strada Winter Peaks - Hommes"},"content":{"rendered":"<p><b>STRADA - TOUT CE QUI COMPTE, C'EST LA ROUTE<\/b> <br \/>Nous aimons tous les kits de v\u00e9lo qui font exactement ce que vous demandez. Confortable, de qualit\u00e9 et d'un style simpliste, il correspond \u00e0 l'objectif que nous avons envisag\u00e9 pour la ligne Strada.<br \/> Vous pouvez compter sur Strada pour le look et la performance, c'est le kit du dimanche matin, celui que vous vous sentez \u00e0 l'aise de porter. L'accent est mis sur les tissus de la plus haute qualit\u00e9, avec la coupe Arms Neutral\u2122 et une peau de chamois qui tient ses promesses, vous laissant libre de vous concentrer sur la route.<\/p>\n<p><b>Veste Strada Winter Peaks<\/b><\/p>\n<p>La veste HUUB Peaks combine la libert\u00e9 d'un maillot avec la protection que vous attendez d'une veste d'hiver con\u00e7ue pour les journ\u00e9es les plus froides sur le v\u00e9lo. Un tissu r\u00e9sistant \u00e0 l'eau, enti\u00e8rement coupe-vent et respirant est utilis\u00e9 pour un confort tout au long de la journ\u00e9e, dans les conditions les plus froides.<\/p>\n<p>Les fermetures \u00e0 glissi\u00e8re \u00e0 l'avant permettent de mieux contr\u00f4ler la ventilation, tandis que trois poches arri\u00e8re et une poche lat\u00e9rale zipp\u00e9e offrent un espace de rangement suppl\u00e9mentaire, avec des d\u00e9tails r\u00e9fl\u00e9chissants pour faciliter la visibilit\u00e9 lors des randonn\u00e9es hivernales.<\/p>\n<ul>\n<li>\n<span><\/span>Un design simple et \u00e9l\u00e9gant, digne de la gamme Strada.<\/li>\n<li>\n<span><\/span>Enti\u00e8rement coupe-vent.<\/li>\n<li>\n<span><\/span>Rabat d'\u00e9tanch\u00e9it\u00e9 arri\u00e8re prolong\u00e9.<\/li>\n<li>\n<span><\/span>Fentes zipp\u00e9es sur le devant.<\/li>\n<li>\n<span><\/span>Tissu r\u00e9sistant \u00e0 l'eau et hautement respirant.<\/li>\n<li>\n<span><\/span>Coupe pr\u00e8s du corps pour plus de confort.<\/li>\n<li>\n<span><\/span>Trois poches arri\u00e8re r\u00e9fl\u00e9chissantes<\/li>\n<li>\n<span><\/span>Plage de temp\u00e9rature recommand\u00e9e : -2\u00b0 \u00e0 13\u00b0C.<\/li>\n<\/ul>\n<div>\n<ul><\/ul>\n<\/div>\n<ul><\/ul>\n<h4><\/h4>","protected":false},"excerpt":{"rendered":"<p>STRADA &#8211; ALL THAT MATTERS IS THE ROAD We all love cycle kit that does exactly what you ask. Comfortable, quality and simplistic styling, it matches the goal we envisioned for the Strada line. You can count on Strada for looks and performance, it&#8217;s the go-to Sunday morning kit, the one you feel at home [&hellip;]<\/p>\n","protected":false},"featured_media":12903,"comment_status":"open","ping_status":"closed","template":"","meta":[],"product_brand":[],"product_cat":[15],"product_tag":[136,185,74,75,78,121,164],"class_list":{"0":"post-6381","1":"product","2":"type-product","3":"status-publish","4":"has-post-thumbnail","6":"product_cat-non-classe","7":"product_tag-categorythermal-jersey","8":"product_tag-collectionstrada","9":"product_tag-cycle-all","10":"product_tag-cycle-mens","11":"product_tag-gendermens","12":"product_tag-mens-cycle-clothing","13":"product_tag-newtosale","14":"has-post-title","15":"has-post-date","16":"has-post-category","17":"has-post-tag","18":"has-post-comment","19":"has-post-author","20":"","22":"first","23":"instock","24":"taxable","25":"shipping-taxable","26":"purchasable","27":"product-type-variable"},"jetpack_sharing_enabled":true,"builder_content":"","_links":{"self":[{"href":"https:\/\/www.darwin4u.com\/fr\/wp-json\/wp\/v2\/product\/6381","targetHints":{"allow":["GET"]}}],"collection":[{"href":"https:\/\/www.darwin4u.com\/fr\/wp-json\/wp\/v2\/product"}],"about":[{"href":"https:\/\/www.darwin4u.com\/fr\/wp-json\/wp\/v2\/types\/product"}],"replies":[{"embeddable":true,"href":"https:\/\/www.darwin4u.com\/fr\/wp-json\/wp\/v2\/comments?post=6381"}],"wp:featuredmedia":[{"embeddable":true,"href":"https:\/\/www.darwin4u.com\/fr\/wp-json\/wp\/v2\/media\/12903"}],"wp:attachment":[{"href":"https:\/\/www.darwin4u.com\/fr\/wp-json\/wp\/v2\/media?parent=6381"}],"wp:term":[{"taxonomy":"product_brand","embeddable":true,"href":"https:\/\/www.darwin4u.com\/fr\/wp-json\/wp\/v2\/product_brand?post=6381"},{"taxonomy":"product_cat","embeddable":true,"href":"https:\/\/www.darwin4u.com\/fr\/wp-json\/wp\/v2\/product_cat?post=6381"},{"taxonomy":"product_tag","embeddable":true,"href":"https:\/\/www.darwin4u.com\/fr\/wp-json\/wp\/v2\/product_tag?post=6381"}],"curies":[{"name":"wp","href":"https:\/\/api.w.org\/{rel}","templated":true}]}}