{"id":6444,"date":"2024-09-05T17:23:43","date_gmt":"2024-09-05T15:23:43","guid":{"rendered":"https:\/\/www.darwin4u.com\/produit\/core-4-long-sleeve-thermal-jersey-teal-mens\/"},"modified":"2026-04-05T11:15:18","modified_gmt":"2026-04-05T09:15:18","slug":"core-4-long-sleeve-thermal-jersey-teal-mens","status":"publish","type":"product","link":"https:\/\/www.darwin4u.com\/fr\/produit\/core-4-long-sleeve-thermal-jersey-teal-mens\/","title":{"rendered":"Core 4 Long Sleeve Thermal Jersey Teal - Hommes"},"content":{"rendered":"<p><strong>CORE 4<\/strong><\/p>\n<p><strong>CONFORT TOUT AU LONG DE LA JOURN\u00c9E<\/strong><\/p>\n<p><strong> <span>La quatri\u00e8me incarnation de notre gamme Core marque le plus grand changement jusqu'\u00e0 pr\u00e9sent, en apportant une nouvelle approche au d\u00e9veloppement des v\u00eatements de cyclisme, con\u00e7us et test\u00e9s par des cyclistes, pour les cyclistes.<\/span><\/strong><\/p>\n<p>Incorporant les tissus a\u00e9rodynamiques de la plus haute qualit\u00e9 qui \u00e9vacuent la transpiration, ils sont con\u00e7us pour r\u00e9pondre aux exigences de l'entra\u00eenement et de la course. Core 4 est une gamme performante adapt\u00e9e \u00e0 tous les cyclistes, offrant un confort sans compromis sur la vitesse, la fonction ou le design.<\/p>\n<p data-mce-fragment=\"1\"><strong>\u00a0Maillot \u00e0 manches longues<\/strong><\/p>\n<div>\n<ul>\n<li>Les meilleurs tissus thermiques, bross\u00e9s, italiens et respirants.\n<\/li>\n<li>Con\u00e7ue pour permettre la circulation de l'air afin de favoriser les performances.\n<\/li>\n<li>3 poches arri\u00e8re renforc\u00e9es + 1 poche \u00e9tanche.<\/li>\n<li>Garniture arri\u00e8re r\u00e9fl\u00e9chissante.<\/li>\n<li>Fermeture \u00e0 glissi\u00e8re rapide et verrouillable, qui reste en place quand on le souhaite et s'ouvre rapidement quand on en a besoin.<\/li>\n<li>Poign\u00e9e en silicone pour la taille.<\/li>\n<li>Manchettes de protection contre les intemp\u00e9ries.<\/li>\n<li>Poche arri\u00e8re de s\u00e9curit\u00e9 imperm\u00e9able dissimul\u00e9e.\n<\/li>\n<li>Logos r\u00e9fl\u00e9chissants HUUB appliqu\u00e9s au dos.<\/li>\n<\/ul>\n<\/div>\n<ul><\/ul>\n<h4><\/h4>","protected":false},"excerpt":{"rendered":"<p>CORE 4 ALL DAY COMFORT The fourth incarnation of our Core range sees the biggest shift so far, bringing a new thought approach to the development of cycling apparel, designed and tested by cyclists, for the cyclist. Incorporating the highest quality sweat-wicking, aerodynamic fabrics and styled to meet training and racing demands. Core 4 is [&hellip;]<\/p>\n","protected":false},"featured_media":12975,"comment_status":"open","ping_status":"closed","template":"","meta":[],"product_brand":[],"product_cat":[15],"product_tag":[136,589,590,74,75,78,121,164],"class_list":{"0":"post-6444","1":"product","2":"type-product","3":"status-publish","4":"has-post-thumbnail","6":"product_cat-non-classe","7":"product_tag-categorythermal-jersey","8":"product_tag-collectioncore-4","9":"product_tag-core4","10":"product_tag-cycle-all","11":"product_tag-cycle-mens","12":"product_tag-gendermens","13":"product_tag-mens-cycle-clothing","14":"product_tag-newtosale","15":"has-post-title","16":"has-post-date","17":"has-post-category","18":"has-post-tag","19":"has-post-comment","20":"has-post-author","21":"","23":"first","24":"instock","25":"taxable","26":"shipping-taxable","27":"purchasable","28":"product-type-variable"},"jetpack_sharing_enabled":true,"builder_content":"","_links":{"self":[{"href":"https:\/\/www.darwin4u.com\/fr\/wp-json\/wp\/v2\/product\/6444","targetHints":{"allow":["GET"]}}],"collection":[{"href":"https:\/\/www.darwin4u.com\/fr\/wp-json\/wp\/v2\/product"}],"about":[{"href":"https:\/\/www.darwin4u.com\/fr\/wp-json\/wp\/v2\/types\/product"}],"replies":[{"embeddable":true,"href":"https:\/\/www.darwin4u.com\/fr\/wp-json\/wp\/v2\/comments?post=6444"}],"wp:featuredmedia":[{"embeddable":true,"href":"https:\/\/www.darwin4u.com\/fr\/wp-json\/wp\/v2\/media\/12975"}],"wp:attachment":[{"href":"https:\/\/www.darwin4u.com\/fr\/wp-json\/wp\/v2\/media?parent=6444"}],"wp:term":[{"taxonomy":"product_brand","embeddable":true,"href":"https:\/\/www.darwin4u.com\/fr\/wp-json\/wp\/v2\/product_brand?post=6444"},{"taxonomy":"product_cat","embeddable":true,"href":"https:\/\/www.darwin4u.com\/fr\/wp-json\/wp\/v2\/product_cat?post=6444"},{"taxonomy":"product_tag","embeddable":true,"href":"https:\/\/www.darwin4u.com\/fr\/wp-json\/wp\/v2\/product_tag?post=6444"}],"curies":[{"name":"wp","href":"https:\/\/api.w.org\/{rel}","templated":true}]}}