{"id":6851,"date":"2024-09-05T16:25:37","date_gmt":"2024-09-05T15:25:37","guid":{"rendered":"https:\/\/www.darwin4u.com\/produit\/her-spirit-swim-cap\/"},"modified":"2026-03-24T20:33:57","modified_gmt":"2026-03-24T20:33:57","slug":"her-spirit-swim-cap","status":"publish","type":"product","link":"https:\/\/www.darwin4u.com\/fr\/produit\/her-spirit-swim-cap\/","title":{"rendered":"Bonnet de bain Her Spirit"},"content":{"rendered":"<p><strong>Elle\u00a0<\/strong><b>L'esprit<\/b><\/p>\n<p><b><\/b><span>En tant que communaut\u00e9, Her Spirit s'est donn\u00e9 pour mission de soutenir les femmes de toutes capacit\u00e9s pour qu'elles soient plus en forme, plus fortes et plus saines de corps et d'esprit.<\/span><\/p>\n<p>Chez HUUB et Her Spirit, nous ne pouvons qu'\u00eatre fiers de notre nouvelle gamme, d\u00e9velopp\u00e9e avec les meilleurs intrants, usines et designers pour vous assurer confort et confiance, que vous vous entra\u00eeniez ou que vous participiez \u00e0 des comp\u00e9titions.<\/p>\n<p><span>Le bonnet de bain en silicone HUUB est disponible en plusieurs couleurs.<\/span><\/p>\n<ul>\n<li>Silicone moul\u00e9 plat 100%<\/li>\n<li>L\u00e9ger<\/li>\n<li>Excellente durabilit\u00e9<\/li>\n<li>La coupe sans plis permet de r\u00e9duire le profil de tra\u00een\u00e9e<\/li>\n<li>Grande \u00e9lasticit\u00e9 pour un ajustement confortable<\/li>\n<li>Tissu souple pour un retrait rapide et sans accrochage<\/li>\n<li>Un excellent rapport qualit\u00e9-prix<\/li>\n<\/ul>\n<p><span>Con\u00e7ue pour aider <\/span>Prot\u00e9gez vos cheveux contre les agressions du chlore gr\u00e2ce \u00e0 sa forme moul\u00e9e plate tr\u00e8s extensible. L\u00e9ger et hypoallerg\u00e9nique, le silicone souple permet \u00e0 la t\u00eate de respirer et all\u00e8ge les entra\u00eenements de natation les plus intensifs.<\/p>\n<ul><\/ul>\n<p><a href=\"https:\/\/huubdesign.com\/pages\/refund-policy\">Informations sur la garantie<\/a><\/p>","protected":false},"excerpt":{"rendered":"<p>Her\u00a0Spirit As a community, Her Spirit are on a mission to support women of all abilities to get fitter, stronger\u00a0and healthier\u00a0in body and mind. At HUUB and\u00a0Her\u00a0Spirit, we\u00a0couldn&#8217;t be prouder of our new range,\u00a0developed with the best input, factories and designers to ensure you feel comfortable and confident whether you are training or competing. The [&hellip;]<\/p>\n","protected":false},"featured_media":13111,"comment_status":"open","ping_status":"closed","template":"","meta":[],"product_brand":[],"product_cat":[683,15,522],"product_tag":[138,139,594,78,87,89,91,92,82,83,93],"class_list":{"0":"post-6851","1":"product","2":"type-product","3":"status-publish","4":"has-post-thumbnail","6":"product_cat-accessories-swim","7":"product_cat-non-classe","8":"product_cat-swim","9":"product_tag-bags-luggage","10":"product_tag-collectionbagsluggage","11":"product_tag-collectionher-spirit","12":"product_tag-gendermens","13":"product_tag-genderwomens","14":"product_tag-mens-swim","15":"product_tag-swim-all","16":"product_tag-triathlon-all","17":"product_tag-triathlon-mens","18":"product_tag-triathlon-womens","19":"product_tag-womens-swim","20":"has-post-title","21":"has-post-date","22":"has-post-category","23":"has-post-tag","24":"has-post-comment","25":"has-post-author","26":"","28":"first","29":"instock","30":"taxable","31":"shipping-taxable","32":"purchasable","33":"product-type-simple"},"jetpack_sharing_enabled":true,"builder_content":"","_links":{"self":[{"href":"https:\/\/www.darwin4u.com\/fr\/wp-json\/wp\/v2\/product\/6851","targetHints":{"allow":["GET"]}}],"collection":[{"href":"https:\/\/www.darwin4u.com\/fr\/wp-json\/wp\/v2\/product"}],"about":[{"href":"https:\/\/www.darwin4u.com\/fr\/wp-json\/wp\/v2\/types\/product"}],"replies":[{"embeddable":true,"href":"https:\/\/www.darwin4u.com\/fr\/wp-json\/wp\/v2\/comments?post=6851"}],"wp:featuredmedia":[{"embeddable":true,"href":"https:\/\/www.darwin4u.com\/fr\/wp-json\/wp\/v2\/media\/13111"}],"wp:attachment":[{"href":"https:\/\/www.darwin4u.com\/fr\/wp-json\/wp\/v2\/media?parent=6851"}],"wp:term":[{"taxonomy":"product_brand","embeddable":true,"href":"https:\/\/www.darwin4u.com\/fr\/wp-json\/wp\/v2\/product_brand?post=6851"},{"taxonomy":"product_cat","embeddable":true,"href":"https:\/\/www.darwin4u.com\/fr\/wp-json\/wp\/v2\/product_cat?post=6851"},{"taxonomy":"product_tag","embeddable":true,"href":"https:\/\/www.darwin4u.com\/fr\/wp-json\/wp\/v2\/product_tag?post=6851"}],"curies":[{"name":"wp","href":"https:\/\/api.w.org\/{rel}","templated":true}]}}