{"id":7184,"date":"2024-09-05T16:27:21","date_gmt":"2024-09-05T15:27:21","guid":{"rendered":"https:\/\/www.darwin4u.com\/produit\/core-4-bib-shorts-black-mens\/"},"modified":"2026-03-25T18:31:34","modified_gmt":"2026-03-25T18:31:34","slug":"core-4-bib-shorts-black-mens","status":"publish","type":"product","link":"https:\/\/www.darwin4u.com\/fr\/produit\/core-4-bib-shorts-black-mens\/","title":{"rendered":"Short \u00e0 bretelles Core 4 Noir - Hommes"},"content":{"rendered":"<div class=\"Y3BBE\" data-sfc-cp=\"\" data-sfc-root=\"c\" data-sfc-cb=\"\" data-hveid=\"CAEIBhAA\" data-complete=\"true\" data-processed=\"true\">Le\u00a0<strong class=\"Yjhzub\" data-sfc-root=\"c\" data-sfc-cb=\"\" data-complete=\"true\" data-processed=\"true\">Cuissard \u00e0 bretelles HUUB Core 4<\/strong>\u00a0est le choix de pr\u00e9dilection des cyclistes cherchant un cuissard fiable et performant pour toutes leurs sorties. Fid\u00e8le \u00e0 l'ADN de HUUB, il combine sobri\u00e9t\u00e9 et technicit\u00e9 :<button class=\"rBl3me\" data-amic=\"true\" data-icl-uuid=\"88959b1a-08a6-4b5b-bf48-871773933383\" aria-label=\"Afficher les liens associ\u00e9s\" data-wiz-attrbind=\"disabled=n9uMCb_17\/C5gNJc;aria-label=n9uMCb_17\/bOjMyf;class=n9uMCb_17\/UpSNec\" data-ved=\"2ahUKEwjQqInn1ruTAxUQNvsDHQ4XDb0Qye0OegYIAQgGEAE\" data-hveid=\"CAEIBhAB\"><\/button><\/div>\n<ul class=\"KsbFXc U6u95\" data-sfc-root=\"c\" data-sfc-cb=\"\" data-complete=\"true\" data-processed=\"true\">\n<li class=\"dF3vjf\" data-sfc-root=\"c\" data-sfc-cb=\"\" data-hveid=\"CAEIBxAA\" data-complete=\"true\" data-sae=\"\"><span class=\"T286Pc\" data-sfc-cp=\"\" data-sfc-root=\"c\" data-sfc-cb=\"\" data-complete=\"true\"><strong class=\"Yjhzub\" data-sfc-root=\"c\" data-sfc-cb=\"\" data-complete=\"true\">Confort 3D :<\/strong>\u00a0\u00c9quip\u00e9 d'un insert 3D anatomique qui r\u00e9duit les frottements et assure une protection cibl\u00e9e sur les points de pression.<\/span><\/li>\n<li class=\"dF3vjf\" data-sfc-root=\"c\" data-sfc-cb=\"\" data-hveid=\"CAEIBxAB\" data-complete=\"true\" data-sae=\"\"><span class=\"T286Pc\" data-sfc-cp=\"\" data-sfc-root=\"c\" data-sfc-cb=\"\" data-complete=\"true\"><strong class=\"Yjhzub\" data-sfc-root=\"c\" data-sfc-cb=\"\" data-complete=\"true\">Tissu Respirant :<\/strong>\u00a0Fabriqu\u00e9 dans un m\u00e9lange de tissus \u00e9vacuant rapidement la transpiration pour vous garder au sec, m\u00eame lors d'efforts intenses.<\/span><\/li>\n<li class=\"dF3vjf\" data-sfc-root=\"c\" data-sfc-cb=\"\" data-hveid=\"CAEIBxAC\" data-complete=\"true\" data-sae=\"\"><span class=\"T286Pc\" data-sfc-cp=\"\" data-sfc-root=\"c\" data-sfc-cb=\"\" data-complete=\"true\"><strong class=\"Yjhzub\" data-sfc-root=\"c\" data-sfc-cb=\"\" data-complete=\"true\">Bretelles en Mesh :<\/strong>\u00a0Larges et a\u00e9r\u00e9es, elles stabilisent le cuissard tout en favorisant la r\u00e9gulation thermique du buste.<\/span><\/li>\n<li class=\"dF3vjf\" data-sfc-root=\"c\" data-sfc-cb=\"\" data-hveid=\"CAEIBxAD\" data-complete=\"true\" data-sae=\"\"><span class=\"T286Pc\" data-sfc-cp=\"\" data-sfc-root=\"c\" data-sfc-cb=\"\" data-complete=\"true\"><strong class=\"Yjhzub\" data-sfc-root=\"c\" data-sfc-cb=\"\" data-complete=\"true\">Look Minimaliste :<\/strong>\u00a0Un design \u201cFull Black\u201d \u00e9l\u00e9gant avec des logos discrets, facile \u00e0 assortir avec n'importe quel maillot de votre garde-robe.<\/span><\/li>\n<\/ul>\n<h4><\/h4>","protected":false},"excerpt":{"rendered":"<p>D\u00e9couvrez le\u00a0<strong class=\"Yjhzub\" data-sfc-root=\"c\" data-sfc-cb=\"\" data-complete=\"true\" data-processed=\"true\">bavoir court HUUB Core 4<\/strong>, l'\u00e9quipement incontournable pour vos entra\u00eenements quotidiens. Con\u00e7u avec un tissu technique respirant et une\u00a0<strong class=\"Yjhzub\" data-sfc-root=\"c\" data-sfc-cb=\"\" data-complete=\"true\" data-processed=\"true\">peau de chamois 3D haute densit\u00e9<\/strong>, Il garantit un confort optimal jusqu'\u00e0 4 heures de selle. Sa coupe ergonomique et ses finitions en silicone offrent un maintien parfait sans compression inutile. Dominez la route avec la qualit\u00e9 HUUB.<\/p>","protected":false},"featured_media":13278,"comment_status":"open","ping_status":"closed","template":"","meta":[],"product_brand":[],"product_cat":[682,723,907,15],"product_tag":[123,74,75,78,121],"class_list":{"0":"post-7184","1":"product","2":"type-product","3":"status-publish","4":"has-post-thumbnail","6":"product_cat-accessories-cycle","7":"product_cat-cycle-mens","8":"product_cat-cycle-bib-tights-mens","9":"product_cat-non-classe","10":"product_tag-categoryshorts","11":"product_tag-cycle-all","12":"product_tag-cycle-mens","13":"product_tag-gendermens","14":"product_tag-mens-cycle-clothing","15":"has-post-title","16":"has-post-date","17":"has-post-category","18":"has-post-tag","19":"has-post-comment","20":"has-post-author","21":"","23":"first","24":"instock","25":"sale","26":"taxable","27":"shipping-taxable","28":"purchasable","29":"product-type-variable"},"jetpack_sharing_enabled":true,"builder_content":"","_links":{"self":[{"href":"https:\/\/www.darwin4u.com\/fr\/wp-json\/wp\/v2\/product\/7184","targetHints":{"allow":["GET"]}}],"collection":[{"href":"https:\/\/www.darwin4u.com\/fr\/wp-json\/wp\/v2\/product"}],"about":[{"href":"https:\/\/www.darwin4u.com\/fr\/wp-json\/wp\/v2\/types\/product"}],"replies":[{"embeddable":true,"href":"https:\/\/www.darwin4u.com\/fr\/wp-json\/wp\/v2\/comments?post=7184"}],"wp:featuredmedia":[{"embeddable":true,"href":"https:\/\/www.darwin4u.com\/fr\/wp-json\/wp\/v2\/media\/13278"}],"wp:attachment":[{"href":"https:\/\/www.darwin4u.com\/fr\/wp-json\/wp\/v2\/media?parent=7184"}],"wp:term":[{"taxonomy":"product_brand","embeddable":true,"href":"https:\/\/www.darwin4u.com\/fr\/wp-json\/wp\/v2\/product_brand?post=7184"},{"taxonomy":"product_cat","embeddable":true,"href":"https:\/\/www.darwin4u.com\/fr\/wp-json\/wp\/v2\/product_cat?post=7184"},{"taxonomy":"product_tag","embeddable":true,"href":"https:\/\/www.darwin4u.com\/fr\/wp-json\/wp\/v2\/product_tag?post=7184"}],"curies":[{"name":"wp","href":"https:\/\/api.w.org\/{rel}","templated":true}]}}