{"id":7229,"date":"2024-09-05T17:27:36","date_gmt":"2024-09-05T15:27:36","guid":{"rendered":"https:\/\/www.darwin4u.com\/produit\/core-4-short-sleeve-jersey-slate-mens\/"},"modified":"2026-04-05T11:20:04","modified_gmt":"2026-04-05T09:20:04","slug":"core-4-short-sleeve-jersey-slate-mens","status":"publish","type":"product","link":"https:\/\/www.darwin4u.com\/fr\/produit\/core-4-short-sleeve-jersey-slate-mens\/","title":{"rendered":"Core 4 Short Sleeve Jersey Slate - Hommes"},"content":{"rendered":"<p data-mce-fragment=\"1\"><strong>CORE 4<\/strong><\/p>\n<p data-mce-fragment=\"1\"><strong>CONFORT TOUT AU LONG DE LA JOURN\u00c9E<\/strong><\/p>\n<p data-mce-fragment=\"1\"><strong> <span>La quatri\u00e8me incarnation de notre gamme Core marque le plus grand changement jusqu'\u00e0 pr\u00e9sent, en apportant une nouvelle approche au d\u00e9veloppement des v\u00eatements de cyclisme, con\u00e7us et test\u00e9s par des cyclistes, pour les cyclistes.<\/span><\/strong><\/p>\n<p data-mce-fragment=\"1\">Incorporant les tissus a\u00e9rodynamiques de la plus haute qualit\u00e9 qui \u00e9vacuent la transpiration, ils sont con\u00e7us pour r\u00e9pondre aux exigences de l'entra\u00eenement et de la course. Core 4 est une gamme performante adapt\u00e9e \u00e0 tous les cyclistes, offrant un confort sans compromis sur la vitesse, la fonction ou le design.<\/p>\n<p data-mce-fragment=\"1\"><b data-mce-fragment=\"1\"><\/b><b data-mce-fragment=\"1\">Maillot \u00e0 manches courtes<\/b><\/p>\n<p data-mce-fragment=\"1\">Notre maillot de performance ajust\u00e9 est con\u00e7u pour toutes les formes et tailles. Les tissus extensibles dans les quatre sens \u00e9pousent les contours de votre corps, ce qui permet au maillot d'\u00eatre a\u00e9rodynamique et confortable, m\u00eame lors des plus longues sorties d'entra\u00eenement. Notre maillot r\u00e9pond \u00e0 tous vos besoins pour chaque sortie gr\u00e2ce \u00e0 ses caract\u00e9ristiques respirantes et \u00e0 ses tissus l\u00e9gers qui \u00e9vacuent la transpiration.<\/p>\n<p data-mce-fragment=\"1\"><b data-mce-fragment=\"1\">Caract\u00e9ristiques<\/b><\/p>\n<ul>\n<li>Fermeture \u00e0 glissi\u00e8re HUUB Cam Lock sur toute la longueur.\n<\/li>\n<li>Panneaux en maille l\u00e9g\u00e8re et respirante sous les bras.\n<\/li>\n<li>Trois poches passepoil\u00e9es r\u00e9fl\u00e9chissantes.\n<\/li>\n<li>Manches coll\u00e9es pour un meilleur confort.\n<\/li>\n<li>Bras Neutral\u2122 set sleeves.\n<\/li>\n<li>Tissus extensibles dans les quatre sens pour s'adapter \u00e0 tous les types de corps.\n<\/li>\n<li>Logos r\u00e9fl\u00e9chissants HUUB appliqu\u00e9s au dos<\/li>\n<li>Coupe classique.<\/li>\n<li>Fabriqu\u00e9 en Europe.<\/li>\n<li>Poche zipp\u00e9e lat\u00e9rale gauche r\u00e9fl\u00e9chissante de type UK.\n<\/li>\n<li>La pince en silicone HUUB au niveau de la taille maintient le maillot en place.\n<\/li>\n<\/ul>","protected":false},"excerpt":{"rendered":"<p>CORE 4 ALL DAY COMFORT The fourth incarnation of our Core range sees the biggest shift so far, bringing a new thought approach to the development of cycling apparel, designed and tested by cyclists, for the cyclist. Incorporating the highest quality sweat-wicking, aerodynamic fabrics and styled to meet training and racing demands. Core 4 is [&hellip;]<\/p>\n","protected":false},"featured_media":13292,"comment_status":"open","ping_status":"closed","template":"","meta":[],"product_brand":[],"product_cat":[15],"product_tag":[119,589,590,74,75,78,121,164],"class_list":{"0":"post-7229","1":"product","2":"type-product","3":"status-publish","4":"has-post-thumbnail","6":"product_cat-non-classe","7":"product_tag-categoryshort-sleeve-jersey","8":"product_tag-collectioncore-4","9":"product_tag-core4","10":"product_tag-cycle-all","11":"product_tag-cycle-mens","12":"product_tag-gendermens","13":"product_tag-mens-cycle-clothing","14":"product_tag-newtosale","15":"has-post-title","16":"has-post-date","17":"has-post-category","18":"has-post-tag","19":"has-post-comment","20":"has-post-author","21":"","23":"first","24":"instock","25":"sale","26":"taxable","27":"shipping-taxable","28":"purchasable","29":"product-type-variable"},"jetpack_sharing_enabled":true,"builder_content":"","_links":{"self":[{"href":"https:\/\/www.darwin4u.com\/fr\/wp-json\/wp\/v2\/product\/7229","targetHints":{"allow":["GET"]}}],"collection":[{"href":"https:\/\/www.darwin4u.com\/fr\/wp-json\/wp\/v2\/product"}],"about":[{"href":"https:\/\/www.darwin4u.com\/fr\/wp-json\/wp\/v2\/types\/product"}],"replies":[{"embeddable":true,"href":"https:\/\/www.darwin4u.com\/fr\/wp-json\/wp\/v2\/comments?post=7229"}],"wp:featuredmedia":[{"embeddable":true,"href":"https:\/\/www.darwin4u.com\/fr\/wp-json\/wp\/v2\/media\/13292"}],"wp:attachment":[{"href":"https:\/\/www.darwin4u.com\/fr\/wp-json\/wp\/v2\/media?parent=7229"}],"wp:term":[{"taxonomy":"product_brand","embeddable":true,"href":"https:\/\/www.darwin4u.com\/fr\/wp-json\/wp\/v2\/product_brand?post=7229"},{"taxonomy":"product_cat","embeddable":true,"href":"https:\/\/www.darwin4u.com\/fr\/wp-json\/wp\/v2\/product_cat?post=7229"},{"taxonomy":"product_tag","embeddable":true,"href":"https:\/\/www.darwin4u.com\/fr\/wp-json\/wp\/v2\/product_tag?post=7229"}],"curies":[{"name":"wp","href":"https:\/\/api.w.org\/{rel}","templated":true}]}}