{"id":897,"date":"2024-09-05T16:39:41","date_gmt":"2024-09-05T14:39:41","guid":{"rendered":"https:\/\/www.darwin4u.com\/produit\/althea-cycling-gilet-black-teal-womens\/"},"modified":"2026-04-05T11:02:36","modified_gmt":"2026-04-05T09:02:36","slug":"althea-cycling-gilet-black-teal-womens","status":"publish","type":"product","link":"https:\/\/www.darwin4u.com\/fr\/produit\/althea-cycling-gilet-black-teal-womens\/","title":{"rendered":"Althea Cycling Gilet Black\/Teal - Femmes"},"content":{"rendered":"<p data-mce-fragment=\"1\">Elle int\u00e8gre des tissus a\u00e9rodynamiques de la plus haute qualit\u00e9 qui \u00e9vacuent la transpiration et sont con\u00e7us pour r\u00e9pondre aux exigences de l'entra\u00eenement et de la course. Althea est une gamme performante adapt\u00e9e \u00e0 tous les cyclistes, offrant un confort sans compromis sur la vitesse, la fonction ou le design.<\/p>\n<ul>\n<li>\n<span>Longueur totale\u00a0<\/span><span>HUUB\u00a0<\/span><span>Serrure \u00e0 came\u00a0<\/span><span>fermeture \u00e9clair<\/span>\n<\/li>\n<li><span>L\u00e9ger pour se ranger dans un maillot<\/span><\/li>\n<li><span>Tissu l\u00e9ger<\/span><\/li>\n<li><span>3 poches arri\u00e8re<\/span><\/li>\n<li><span>Poche lat\u00e9rale zipp\u00e9e avec acc\u00e8s aux \u00e9couteurs<\/span><\/li>\n<li><span>Panneau en maille sous les bras<\/span><\/li>\n<li><span>Trois poches arri\u00e8re passepoil\u00e9es avec fermeture \u00e9clair lat\u00e9rale r\u00e9fl\u00e9chissante<\/span><\/li>\n<\/ul>\n<ul><\/ul>\n<p><strong>Fermeture \u00e0 glissi\u00e8re \u00e0 came de HUUB :<\/strong><\/p>\n<p>Personne n'aime les fermetures \u00e0 glissi\u00e8re qui se d\u00e9font ou qui s'abaissent lorsque ce n'est pas n\u00e9cessaire ! La fermeture \u00e0 glissi\u00e8re Cam Lock de HUUB se bloque en place jusqu'\u00e0 ce que vous l'activiez en soulevant simplement la tirette. Une fois activ\u00e9e, vous n'avez plus besoin de tirer sur la fermeture, il vous suffit de s\u00e9parer votre v\u00eatement !<\/p>\n<p>\u00a0<\/p>\n<p><a href=\"https:\/\/huubdesign.com\/pages\/refund-policy\">Informations sur la garantie<\/a><\/p>\n<ul><\/ul>\n<h4><\/h4>","protected":false},"excerpt":{"rendered":"<p>Incorporating the highest quality sweat-wicking, aerodynamic fabrics and styled to meet training and racing demands. Althea\u00a0is a performance range fitted for all cyclists offering comfort without compromising on speed, function or design. Full-length\u00a0HUUB\u00a0Cam Lock\u00a0zipper Lightweight for packing away into a jersey Lightweight fabric 3 rear pockets Zipped side pocket headphone access Mesh underarm panel Three [&hellip;]<\/p>\n","protected":false},"featured_media":2631,"comment_status":"open","ping_status":"closed","template":"","meta":[],"product_brand":[],"product_cat":[15],"product_tag":[126,170,87],"class_list":{"0":"post-897","1":"product","2":"type-product","3":"status-publish","4":"has-post-thumbnail","6":"product_cat-non-classe","7":"product_tag-categorygilet-vest","8":"product_tag-collectionalthea","9":"product_tag-genderwomens","10":"has-post-title","11":"has-post-date","12":"has-post-category","13":"has-post-tag","14":"has-post-comment","15":"has-post-author","16":"","18":"first","19":"instock","20":"sale","21":"taxable","22":"shipping-taxable","23":"purchasable","24":"product-type-variable"},"jetpack_sharing_enabled":true,"builder_content":"","_links":{"self":[{"href":"https:\/\/www.darwin4u.com\/fr\/wp-json\/wp\/v2\/product\/897","targetHints":{"allow":["GET"]}}],"collection":[{"href":"https:\/\/www.darwin4u.com\/fr\/wp-json\/wp\/v2\/product"}],"about":[{"href":"https:\/\/www.darwin4u.com\/fr\/wp-json\/wp\/v2\/types\/product"}],"replies":[{"embeddable":true,"href":"https:\/\/www.darwin4u.com\/fr\/wp-json\/wp\/v2\/comments?post=897"}],"wp:featuredmedia":[{"embeddable":true,"href":"https:\/\/www.darwin4u.com\/fr\/wp-json\/wp\/v2\/media\/2631"}],"wp:attachment":[{"href":"https:\/\/www.darwin4u.com\/fr\/wp-json\/wp\/v2\/media?parent=897"}],"wp:term":[{"taxonomy":"product_brand","embeddable":true,"href":"https:\/\/www.darwin4u.com\/fr\/wp-json\/wp\/v2\/product_brand?post=897"},{"taxonomy":"product_cat","embeddable":true,"href":"https:\/\/www.darwin4u.com\/fr\/wp-json\/wp\/v2\/product_cat?post=897"},{"taxonomy":"product_tag","embeddable":true,"href":"https:\/\/www.darwin4u.com\/fr\/wp-json\/wp\/v2\/product_tag?post=897"}],"curies":[{"name":"wp","href":"https:\/\/api.w.org\/{rel}","templated":true}]}}