{"id":915,"date":"2024-09-05T16:39:47","date_gmt":"2024-09-05T14:39:47","guid":{"rendered":"https:\/\/www.darwin4u.com\/produit\/althea-thermal-long-sleeve-jersey-black-teal-womens\/"},"modified":"2026-04-05T11:29:15","modified_gmt":"2026-04-05T09:29:15","slug":"althea-thermal-long-sleeve-jersey-black-teal-womens","status":"publish","type":"product","link":"https:\/\/www.darwin4u.com\/fr\/produit\/althea-thermal-long-sleeve-jersey-black-teal-womens\/","title":{"rendered":"Althea Thermal Long Sleeve Jersey Black\/Teal - Femmes"},"content":{"rendered":"<div>\n<p>\u00a0<\/p>\n<p data-mce-fragment=\"1\">Incorporating the highest quality sweat-wicking, aerodynamic fabrics and styled to meet training and racing demands. Althea is a performance range fitted for all cyclists offering comfort without compromising on speed, function or design.<\/p>\n<p data-mce-fragment=\"1\"><b data-mce-fragment=\"1\">Long Sleeve Thermal Jersey<\/b><\/p>\n<p data-mce-fragment=\"1\">Our Long Sleeve Thermal Jersey features highly elasticated four-way stretch thermal materials to keep the jersey fitting close and looking stylish, all while keeping you warm and comfortable on your ride. Using our Arms Neutral\u2122 set sleeves means the jersey is contoured for your riding position, improving the fit and increasing comfort during your ride.\u00a0<\/p>\n<p data-mce-fragment=\"1\"><b data-mce-fragment=\"1\">Caract\u00e9ristiques<\/b><br data-mce-fragment=\"1\"><\/p>\n<ul data-mce-fragment=\"1\">\n<li data-mce-fragment=\"1\">Fermeture \u00e0 glissi\u00e8re HUUB Cam Lock sur toute la longueur.<br data-mce-fragment=\"1\">\n<\/li>\n<li data-mce-fragment=\"1\">Trois poches passepoil\u00e9es r\u00e9fl\u00e9chissantes.\u00a0<br data-mce-fragment=\"1\">\n<\/li>\n<li data-mce-fragment=\"1\">Poche zipp\u00e9e lat\u00e9rale gauche r\u00e9fl\u00e9chissante de type UK.\u00a0<br data-mce-fragment=\"1\">\n<\/li>\n<li data-mce-fragment=\"1\">Bras Neutral\u2122 set sleeves.<br data-mce-fragment=\"1\">\n<\/li>\n<li data-mce-fragment=\"1\">La pince en silicone HUUB au niveau de la taille maintient le maillot en place.<\/li>\n<\/ul>\n<\/div>\n<ul><\/ul>\n<h4><\/h4>","protected":false},"excerpt":{"rendered":"<p>\u00a0 Incorporating the highest quality sweat-wicking, aerodynamic fabrics and styled to meet training and racing demands. Althea is a performance range fitted for all cyclists offering comfort without compromising on speed, function or design. Long Sleeve Thermal Jersey Our Long Sleeve Thermal Jersey features highly elasticated four-way stretch thermal materials to keep the jersey fitting [&hellip;]<\/p>\n","protected":false},"featured_media":2637,"comment_status":"open","ping_status":"closed","template":"","meta":[],"product_brand":[],"product_cat":[15],"product_tag":[136,170,87,173],"class_list":{"0":"post-915","1":"product","2":"type-product","3":"status-publish","4":"has-post-thumbnail","6":"product_cat-non-classe","7":"product_tag-categorythermal-jersey","8":"product_tag-collectionalthea","9":"product_tag-genderwomens","10":"product_tag-womens-cycling-clothing","11":"has-post-title","12":"has-post-date","13":"has-post-category","14":"has-post-tag","15":"has-post-comment","16":"has-post-author","17":"","19":"first","20":"instock","21":"sale","22":"taxable","23":"shipping-taxable","24":"purchasable","25":"product-type-variable"},"jetpack_sharing_enabled":true,"builder_content":"","_links":{"self":[{"href":"https:\/\/www.darwin4u.com\/fr\/wp-json\/wp\/v2\/product\/915","targetHints":{"allow":["GET"]}}],"collection":[{"href":"https:\/\/www.darwin4u.com\/fr\/wp-json\/wp\/v2\/product"}],"about":[{"href":"https:\/\/www.darwin4u.com\/fr\/wp-json\/wp\/v2\/types\/product"}],"replies":[{"embeddable":true,"href":"https:\/\/www.darwin4u.com\/fr\/wp-json\/wp\/v2\/comments?post=915"}],"wp:featuredmedia":[{"embeddable":true,"href":"https:\/\/www.darwin4u.com\/fr\/wp-json\/wp\/v2\/media\/2637"}],"wp:attachment":[{"href":"https:\/\/www.darwin4u.com\/fr\/wp-json\/wp\/v2\/media?parent=915"}],"wp:term":[{"taxonomy":"product_brand","embeddable":true,"href":"https:\/\/www.darwin4u.com\/fr\/wp-json\/wp\/v2\/product_brand?post=915"},{"taxonomy":"product_cat","embeddable":true,"href":"https:\/\/www.darwin4u.com\/fr\/wp-json\/wp\/v2\/product_cat?post=915"},{"taxonomy":"product_tag","embeddable":true,"href":"https:\/\/www.darwin4u.com\/fr\/wp-json\/wp\/v2\/product_tag?post=915"}],"curies":[{"name":"wp","href":"https:\/\/api.w.org\/{rel}","templated":true}]}}