{"id":6432,"date":"2024-09-05T16:23:36","date_gmt":"2024-09-05T15:23:36","guid":{"rendered":"https:\/\/www.darwin4u.com\/produit\/stroke-float\/"},"modified":"2026-03-24T20:35:34","modified_gmt":"2026-03-24T20:35:34","slug":"stroke-float","status":"publish","type":"product","link":"https:\/\/www.darwin4u.com\/nl\/produit\/stroke-float\/","title":{"rendered":"Slag Float"},"content":{"rendered":"<p data-mce-fragment=\"1\"><strong data-mce-fragment=\"1\"><span data-mce-fragment=\"1\">BALANS - VERLENGING - GLIJDEN<\/span><\/strong><\/p>\n<p data-mce-fragment=\"1\"><strong data-mce-fragment=\"1\"><span data-mce-fragment=\"1\">SlagVloat<\/span><\/strong><\/p>\n<p data-mce-fragment=\"1\"><span data-mce-fragment=\"1\">Zwemdobber met 3 lagen en een dubbele handband, die zwemmers van elk niveau kunnen gebruiken voor zwemoefeningen.<\/span><\/p>\n<p data-mce-fragment=\"1\"><span data-mce-fragment=\"1\">De 3 verschillende drijflagen zijn geschikt voor alle niveaus en kunnen eenvoudig worden aangepast voor een breed scala aan ontwikkelingszwemoefeningen. De StrokeFloat cre\u00ebert drijfvermogen voor oefeningen met \u00e9\u00e9n arm en zijwaartse trapoefeningen. Deze oefeningen helpen bij het ontwikkelen van de kernkracht van de zwemmer in het water, het verbeteren van de volledige reikwijdte en strekking (afstand per slag) en de algemene techniek.<\/span><\/p>\n<p data-mce-fragment=\"1\"><span data-mce-fragment=\"1\">De StrokeFloat kan ook worden gebruikt voor normaal trappen door het vast te houden met twee gestrekte armen en de handen in de middelste riemen. De riemen in het midden houden de hand of handen van de zwemmer op hun plaats, zodat het niet nodig is om het drijflichaam vast te pakken zoals bij een standaard kickboard. Vastgrijpen aan de boven- of onderkant van het drijflichaam zorgt ervoor dat de zwemmer gespannen raakt, minder drijft en uit balans raakt in het water.<\/span><\/p>\n<p data-mce-fragment=\"1\"><span data-mce-fragment=\"1\">Kinderen en volwassenen kunnen het gebruiken met de focus op het ontwikkelen van balans, rotatie en glijden. <\/span><\/p>","protected":false},"excerpt":{"rendered":"<p>BALANCE &#8211; EXTENSION &#8211; GLIDE StrokeFloat 3 layered swimming float with a double hand strap, which any level of swimmer can use for swimming drills. The 3 different layers of buoyancy cater for all abilities and can be changed easily to perform a wide range of developmental swimming drills. The StrokeFloat creates buoyancy for single [&hellip;]<\/p>\n","protected":false},"featured_media":12951,"comment_status":"open","ping_status":"closed","template":"","meta":[],"product_brand":[],"product_cat":[672,683,711],"product_tag":[89,91,93],"class_list":{"0":"post-6432","1":"product","2":"type-product","3":"status-publish","4":"has-post-thumbnail","6":"product_cat-accessories","7":"product_cat-accessories-swim","8":"product_cat-buoyancy-aids","9":"product_tag-mens-swim","10":"product_tag-swim-all","11":"product_tag-womens-swim","12":"has-post-title","13":"has-post-date","14":"has-post-category","15":"has-post-tag","16":"has-post-comment","17":"has-post-author","18":"","20":"first","21":"instock","22":"taxable","23":"shipping-taxable","24":"purchasable","25":"product-type-simple"},"jetpack_sharing_enabled":true,"builder_content":"","_links":{"self":[{"href":"https:\/\/www.darwin4u.com\/nl\/wp-json\/wp\/v2\/product\/6432","targetHints":{"allow":["GET"]}}],"collection":[{"href":"https:\/\/www.darwin4u.com\/nl\/wp-json\/wp\/v2\/product"}],"about":[{"href":"https:\/\/www.darwin4u.com\/nl\/wp-json\/wp\/v2\/types\/product"}],"replies":[{"embeddable":true,"href":"https:\/\/www.darwin4u.com\/nl\/wp-json\/wp\/v2\/comments?post=6432"}],"wp:featuredmedia":[{"embeddable":true,"href":"https:\/\/www.darwin4u.com\/nl\/wp-json\/wp\/v2\/media\/12951"}],"wp:attachment":[{"href":"https:\/\/www.darwin4u.com\/nl\/wp-json\/wp\/v2\/media?parent=6432"}],"wp:term":[{"taxonomy":"product_brand","embeddable":true,"href":"https:\/\/www.darwin4u.com\/nl\/wp-json\/wp\/v2\/product_brand?post=6432"},{"taxonomy":"product_cat","embeddable":true,"href":"https:\/\/www.darwin4u.com\/nl\/wp-json\/wp\/v2\/product_cat?post=6432"},{"taxonomy":"product_tag","embeddable":true,"href":"https:\/\/www.darwin4u.com\/nl\/wp-json\/wp\/v2\/product_tag?post=6432"}],"curies":[{"name":"wp","href":"https:\/\/api.w.org\/{rel}","templated":true}]}}